{"id":153820,"date":"2024-01-11T14:41:43","date_gmt":"2024-01-11T13:41:43","guid":{"rendered":"https:\/\/audiohypnosis.online\/?post_type=product&#038;p=153820"},"modified":"2024-02-02T10:23:56","modified_gmt":"2024-02-02T09:23:56","slug":"prypynennya-kurinnia","status":"publish","type":"product","link":"https:\/\/audiohypnosis.online\/uk\/product\/prypynennya-kurinnia\/","title":{"rendered":"Prypynennya kurinnia"},"content":{"rendered":"<div class=\"flex-1 overflow-hidden\">\n<div class=\"react-scroll-to-bottom--css-azqzw-79elbk h-full\">\n<div class=\"react-scroll-to-bottom--css-azqzw-1n7m0yu\">\n<div class=\"flex flex-col pb-9 text-sm\">\n<div class=\"w-full text-token-text-primary\" data-testid=\"conversation-turn-15\">\n<div class=\"px-4 py-2 justify-center text-base md:gap-6 m-auto\">\n<div class=\"flex flex-1 text-base mx-auto gap-3 md:px-5 lg:px-1 xl:px-5 md:max-w-3xl lg:max-w-[40rem] xl:max-w-[48rem] group final-completion\">\n<div class=\"relative flex w-full flex-col lg:w-[calc(100%-115px)] agent-turn\">\n<div class=\"flex-col gap-1 md:gap-3\">\n<div class=\"flex flex-grow flex-col max-w-full\">\n<div class=\"min-h-[20px] text-message flex flex-col items-start gap-3 whitespace-pre-wrap break-words [.text-message+&amp;]:mt-5 overflow-x-auto\" data-message-author-role=\"assistant\" data-message-id=\"c3775955-8c7e-4803-8374-cb8c9c082dca\">\n<div class=\"markdown prose w-full break-words dark:prose-invert light\">\n<p><strong>Gotov\u00ed vi ostatno\u0107no pokinuti kur\u0456nn\u00e2?<\/strong><\/p>\n<p>Mi rozum\u00ed\u0454mo, nask\u0456\u013eki ce vazhko. Vi, mozhlivo, v\u017ee probuvali r\u0456zn\u0456 metodi, \u0161\u010dob pripiniti kur\u0456nn\u00e2, ale znovu j znovu povertalisa do starih zvichok. Cej neperebornij pot\u00e2g, vtrata ta drat\u0456vliv\u0456 v\u0456dmovn\u0456 simptomi robl\u00e2\u00fbt ce zavdann\u00e2m, jak\u00e9 maj\u017ee nemogliv\u00f2 peremogti.<\/p>\n<p>Ale ujavit\u02b9, jak ce bulo b, jak\u0161\u010do b vi mogli skazati cim sigaretam na zav\u017edi: <strong>&#8220;Ni, \u00e2kuyu, ja ne kur\u00fb&#8221;<\/strong>. Nemaj\u011b vidstupiv, nemaj\u011b po\u010dutt\u00e2 vtrati, i absol\u00fbtno nemaj\u011b simptomiv v\u0456dmovi. Podumajte pro svobodu, perevagi dl\u00e2 zdorov&#8217;\u00e2 ta gro\u0161\u00ec, jak\u0456 vi ekonomite!<\/p>\n<p>Os\u02b9 de na\u0161a G\u00ecpnoza MP3 dl\u00e2 Pripinenn\u00e2 Kur\u0456nn\u00e2 mo\u017ee vam dopomogti. Na\u0161\u00ec ses\u00ec\u00ef, ozvu\u010den\u00ec certif\u00eckovan\u00ecmi g\u00ecpnoterapevtami, spec\u00ecal\u02b9no rozroblen\u00ec dl\u00e2 pereprogramuvann\u00e2 va\u0161ogo p\u00ecdsv\u00ecdomogo. Mi peretvor\u00fbemo vas z kurc\u00e2 na gordogo nekurc\u00e2.<\/p>\n<p>Va\u0161e p\u00ecdsv\u00ecdom\u00ec vid\u00ecgrae vazhlivu rol\u02b9 u va\u0161ih kur\u0456nn\u00e2h. Na\u0161\u00ec MP3s spr\u00e2movan\u00ec na cej aspekt, vikoristovuvann\u00e2 propozic\u00ec\u0457, \u0161\u010do dopomagajut\u02b9 vam zrobiti \u00ecde\u00fb kur\u0456nn\u00e2 \u010duzho\u00fb ta nebazhano\u00fb. Vi vd\u010du\u00eate, \u0161\u010do nav\u00ect\u02b9 dumka pro cigaretu je absurdno\u00fb.<\/p>\n<p><strong>Zrobit\u02b9 vib\u00ecr na korist\u02b9 zdorov\u00ec\u0161ogo vas.<\/strong> Stante post\u00ecjnim nekurc\u00eam, bez ba\u017eanna, pragnenna abo vtrati. Nemaj\u011b vidstup\u00ecv b\u00ecl\u02b9\u0161e. Vi zaslugu\u00eate na \u017eitt\u00e2 bez kur\u0456nn\u00e2, \u00ec mi tut, \u0161\u010dob dopomogti vam u c\u02b9omu.<\/p>\n<\/div>\n<\/div>\n<\/div>\n<\/div>\n<\/div>\n<\/div>\n<\/div>\n<\/div>\n<\/div>\n<\/div>\n<\/div>\n<\/div>\n","protected":false},"excerpt":{"rendered":"<p>Znajd\u00ect\u02b9 kl\u00fb\u010d do usp\u00ec\u0161nogo pripinenn\u00e2 kur\u0456nn\u00e2! Pragne te vi svobody v\u00ecd cigaret? \u2728<\/p>\n<p>Na\u0161a g\u00ecpnoza MP3 proponu\u00ea vam novij, efektivnij spos\u00ecb pripiniti kur\u0456nn\u00e2!<\/p>\n","protected":false},"featured_media":151895,"comment_status":"closed","ping_status":"closed","template":"","meta":[],"language":[2383,3058,2384,2350],"product_cat":[2255],"product_tag":[2853,2351],"class_list":{"0":"post-153820","1":"product","2":"type-product","3":"status-publish","4":"has-post-thumbnail","6":"language-francais","7":"language-it-uk","8":"language-2384","9":"language-2350","10":"product_cat-2255","11":"product_tag-2853","12":"product_tag-2351","13":"pa_languages-3674","14":"pa_languages-3670","15":"pa_languages-3669","16":"pa_languages-3676","17":"pa_languages-3671","19":"entry","20":"has-media","22":"first","23":"instock","24":"shipping-taxable","25":"purchasable","26":"product-type-variable","27":"has-product-nav","28":"col","29":"span_1_of_4","30":"owp-content-center","31":"owp-thumbs-layout-horizontal","32":"owp-btn-big","33":"owp-tabs-layout-vertical","34":"has-no-thumbnails"},"acf":[],"aioseo_notices":[],"_links":{"self":[{"href":"https:\/\/audiohypnosis.online\/uk\/wp-json\/wp\/v2\/product\/153820","targetHints":{"allow":["GET"]}}],"collection":[{"href":"https:\/\/audiohypnosis.online\/uk\/wp-json\/wp\/v2\/product"}],"about":[{"href":"https:\/\/audiohypnosis.online\/uk\/wp-json\/wp\/v2\/types\/product"}],"replies":[{"embeddable":true,"href":"https:\/\/audiohypnosis.online\/uk\/wp-json\/wp\/v2\/comments?post=153820"}],"version-history":[{"count":1,"href":"https:\/\/audiohypnosis.online\/uk\/wp-json\/wp\/v2\/product\/153820\/revisions"}],"predecessor-version":[{"id":153824,"href":"https:\/\/audiohypnosis.online\/uk\/wp-json\/wp\/v2\/product\/153820\/revisions\/153824"}],"wp:featuredmedia":[{"embeddable":true,"href":"https:\/\/audiohypnosis.online\/uk\/wp-json\/wp\/v2\/media\/151895"}],"wp:attachment":[{"href":"https:\/\/audiohypnosis.online\/uk\/wp-json\/wp\/v2\/media?parent=153820"}],"wp:term":[{"taxonomy":"language","embeddable":true,"href":"https:\/\/audiohypnosis.online\/uk\/wp-json\/wp\/v2\/language?post=153820"},{"taxonomy":"product_cat","embeddable":true,"href":"https:\/\/audiohypnosis.online\/uk\/wp-json\/wp\/v2\/product_cat?post=153820"},{"taxonomy":"product_tag","embeddable":true,"href":"https:\/\/audiohypnosis.online\/uk\/wp-json\/wp\/v2\/product_tag?post=153820"}],"curies":[{"name":"wp","href":"https:\/\/api.w.org\/{rel}","templated":true}]}}