{"id":80176,"date":"2023-10-18T16:21:56","date_gmt":"2023-10-18T14:21:56","guid":{"rendered":"https:\/\/audiohypnosis.online\/product\/izuzetno-izbirljiv\/"},"modified":"2024-02-01T12:12:17","modified_gmt":"2024-02-01T11:12:17","slug":"izuzetno-izbirljiv","status":"publish","type":"product","link":"https:\/\/audiohypnosis.online\/sr\/\u043f\u0440\u043e\u0438\u0437\u0432\u043e\u0434\/izuzetno-izbirljiv\/","title":{"rendered":"Se prevodi na srpski jezik kao"},"content":{"rendered":"<p>Imate li problema sa zadovoljavanjem va\u0161ih zahtevnih \u010dula ukusa? Na\u0161e audio hipnoza sesije su prilago\u0111ene posebno za izuzetno izbirljive ljude u hrani. Putem na\u0161eg uronjenog audio iskustva, otkri\u0107ete sposobnost pro\u0161irenja va\u0161eg ukusa i u\u017eivati u \u0161irem spektru hrane. Zbogom prema averzijama prema hrani i dobrodo\u0161li u istra\u017eivanje kulinarskih mogu\u0107nosti. Ostvarite pristup \u0161est transformi\u0161u\u0107ih audio sesija i sveobuhvatnom vodi\u010du koji \u0107e vam pomo\u0107i da svesno prihvatite nove ukuse.<\/p>\n","protected":false},"excerpt":{"rendered":"<p>Imate li problema sa zadovoljavanjem va\u0161ih zahtevnih \u010dula ukusa?<\/p>\n","protected":false},"featured_media":80177,"comment_status":"closed","ping_status":"closed","template":"","meta":[],"language":[2425,3061,2407,2745],"product_cat":[2239],"product_tag":[],"class_list":{"0":"post-80176","1":"product","2":"type-product","3":"status-publish","4":"has-post-thumbnail","6":"language-francuski","7":"language-it-sr","8":"language-nizozemski","9":"language-2745","10":"product_cat-samopoboljsanje","11":"pa_languages-3653","12":"pa_languages-3656","13":"pa_languages-3650","14":"pa_languages--sr","16":"entry","17":"has-media","19":"first","20":"instock","21":"shipping-taxable","22":"purchasable","23":"product-type-variable","24":"has-product-nav","25":"col","26":"span_1_of_4","27":"owp-content-center","28":"owp-thumbs-layout-horizontal","29":"owp-btn-big","30":"owp-tabs-layout-vertical","31":"has-no-thumbnails"},"acf":[],"aioseo_notices":[],"_links":{"self":[{"href":"https:\/\/audiohypnosis.online\/sr\/wp-json\/wp\/v2\/product\/80176","targetHints":{"allow":["GET"]}}],"collection":[{"href":"https:\/\/audiohypnosis.online\/sr\/wp-json\/wp\/v2\/product"}],"about":[{"href":"https:\/\/audiohypnosis.online\/sr\/wp-json\/wp\/v2\/types\/product"}],"replies":[{"embeddable":true,"href":"https:\/\/audiohypnosis.online\/sr\/wp-json\/wp\/v2\/comments?post=80176"}],"version-history":[{"count":2,"href":"https:\/\/audiohypnosis.online\/sr\/wp-json\/wp\/v2\/product\/80176\/revisions"}],"predecessor-version":[{"id":153695,"href":"https:\/\/audiohypnosis.online\/sr\/wp-json\/wp\/v2\/product\/80176\/revisions\/153695"}],"wp:featuredmedia":[{"embeddable":true,"href":"https:\/\/audiohypnosis.online\/sr\/wp-json\/wp\/v2\/media\/80177"}],"wp:attachment":[{"href":"https:\/\/audiohypnosis.online\/sr\/wp-json\/wp\/v2\/media?parent=80176"}],"wp:term":[{"taxonomy":"language","embeddable":true,"href":"https:\/\/audiohypnosis.online\/sr\/wp-json\/wp\/v2\/language?post=80176"},{"taxonomy":"product_cat","embeddable":true,"href":"https:\/\/audiohypnosis.online\/sr\/wp-json\/wp\/v2\/product_cat?post=80176"},{"taxonomy":"product_tag","embeddable":true,"href":"https:\/\/audiohypnosis.online\/sr\/wp-json\/wp\/v2\/product_tag?post=80176"}],"curies":[{"name":"wp","href":"https:\/\/api.w.org\/{rel}","templated":true}]}}