{"id":30548,"date":"2023-10-14T09:09:04","date_gmt":"2023-10-14T07:09:04","guid":{"rendered":"http:\/\/audiohypnosis.online\/product\/%d0%b1%d0%be%d1%99%d0%b8-%d0%b3%d0%be%d0%bb%d1%84\/"},"modified":"2024-02-02T09:15:59","modified_gmt":"2024-02-02T08:15:59","slug":"bolji-golf","status":"publish","type":"product","link":"https:\/\/audiohypnosis.online\/sr\/\u043f\u0440\u043e\u0438\u0437\u0432\u043e\u0434\/bolji-golf\/","title":{"rendered":"Bolji golf"},"content":{"rendered":"<p>\u017delite da pobolj\u0161ate svoju igru golfa? Na\u0161i MP3-ovi audio hipnoze mogu vam pomo\u0107i da pobolj\u0161ate va\u0161 fokus, ve\u0161tinu i sveukupne performanse. Zapo\u010dnite svoje putovanje do boljeg iskustva igranja golfa danas. Paket uklju\u010duje 6 audio datoteka i priru\u010dnik za najbolje rezultate.<\/p>\n","protected":false},"excerpt":{"rendered":"<p>\u017delite da pobolj\u0161ate svoju igru golfa?<\/p>\n","protected":false},"featured_media":25265,"comment_status":"closed","ping_status":"closed","template":"","meta":[],"language":[2419,2407,2745],"product_cat":[2242],"product_tag":[2410,2408,2409,2411,2588],"class_list":{"0":"post-30548","1":"product","2":"type-product","3":"status-publish","4":"has-post-thumbnail","6":"language-nemacki","7":"language-nizozemski","8":"language-2745","9":"product_cat-sportovi-i-igre","10":"product_tag-golf-sr","11":"product_tag-slobodno-vreme","12":"product_tag-sport-sr","13":"product_tag-vestina","14":"product_tag-2588","15":"pa_languages-3651","16":"pa_languages-3656","17":"pa_languages--sr","19":"entry","20":"has-media","22":"first","23":"instock","24":"purchasable","25":"product-type-variable","26":"has-product-nav","27":"col","28":"span_1_of_4","29":"owp-content-center","30":"owp-thumbs-layout-horizontal","31":"owp-btn-big","32":"owp-tabs-layout-vertical","33":"has-no-thumbnails"},"acf":[],"aioseo_notices":[],"_links":{"self":[{"href":"https:\/\/audiohypnosis.online\/sr\/wp-json\/wp\/v2\/product\/30548","targetHints":{"allow":["GET"]}}],"collection":[{"href":"https:\/\/audiohypnosis.online\/sr\/wp-json\/wp\/v2\/product"}],"about":[{"href":"https:\/\/audiohypnosis.online\/sr\/wp-json\/wp\/v2\/types\/product"}],"replies":[{"embeddable":true,"href":"https:\/\/audiohypnosis.online\/sr\/wp-json\/wp\/v2\/comments?post=30548"}],"version-history":[{"count":2,"href":"https:\/\/audiohypnosis.online\/sr\/wp-json\/wp\/v2\/product\/30548\/revisions"}],"predecessor-version":[{"id":153762,"href":"https:\/\/audiohypnosis.online\/sr\/wp-json\/wp\/v2\/product\/30548\/revisions\/153762"}],"wp:featuredmedia":[{"embeddable":true,"href":"https:\/\/audiohypnosis.online\/sr\/wp-json\/wp\/v2\/media\/25265"}],"wp:attachment":[{"href":"https:\/\/audiohypnosis.online\/sr\/wp-json\/wp\/v2\/media?parent=30548"}],"wp:term":[{"taxonomy":"language","embeddable":true,"href":"https:\/\/audiohypnosis.online\/sr\/wp-json\/wp\/v2\/language?post=30548"},{"taxonomy":"product_cat","embeddable":true,"href":"https:\/\/audiohypnosis.online\/sr\/wp-json\/wp\/v2\/product_cat?post=30548"},{"taxonomy":"product_tag","embeddable":true,"href":"https:\/\/audiohypnosis.online\/sr\/wp-json\/wp\/v2\/product_tag?post=30548"}],"curies":[{"name":"wp","href":"https:\/\/api.w.org\/{rel}","templated":true}]}}