{"id":26324,"date":"2023-10-14T09:09:13","date_gmt":"2023-10-14T07:09:13","guid":{"rendered":"http:\/\/audiohypnosis.online\/product\/povecati-motivaciju-za-fizickom-aktivnoscu\/"},"modified":"2023-10-14T09:09:13","modified_gmt":"2023-10-14T07:09:13","slug":"povecanje-motivacije-za-fizicku-aktivnost","status":"publish","type":"product","link":"https:\/\/audiohypnosis.online\/sr\/\u043f\u0440\u043e\u0438\u0437\u0432\u043e\u0434\/povecanje-motivacije-za-fizicku-aktivnost\/","title":{"rendered":"Pove\u0107ati motivaciju za fizi\u010dkom aktivno\u0161\u0107u."},"content":{"rendered":"<p>\u017delite biti fizi\u010dki aktivniji? Na\u0161i audio hipnoza MP3 fajlovi imaju za cilj da pove\u0107aju va\u0161u motivaciju za fizi\u010dkom aktivno\u0161\u0107u. Dobi\u0107ete 6 preuzimateljivih audio fajlova i priru\u010dnik za najbolje rezultate.  <\/p>\n","protected":false},"excerpt":{"rendered":"<p>Potrebna vam je motivacija za fizi\u010dku aktivnost?<\/p>\n","protected":false},"featured_media":26325,"comment_status":"closed","ping_status":"closed","template":"","meta":[],"language":[2426,2425,2419,2407,2420,2766,2745],"product_cat":[2239],"product_tag":[2428,2430,2429,2431,2427],"class_list":{"0":"post-26324","1":"product","2":"type-product","3":"status-publish","4":"has-post-thumbnail","6":"language-engleski","7":"language-francuski","8":"language-nemacki","9":"language-nizozemski","10":"language-spanski","11":"language-2766","12":"language-2745","13":"product_cat-samopoboljsanje","14":"product_tag-dobrobit","15":"product_tag-fizicka-aktivnost","16":"product_tag-fizicke-vezbe","17":"product_tag-motivacija","18":"product_tag-zdravlje-sr","19":"pa_languages-3649","20":"pa_languages-3652","21":"pa_languages-3651","22":"pa_languages-3654","23":"pa_languages-3655","24":"pa_languages-3656","25":"pa_languages-3907","26":"pa_languages-3650","27":"pa_languages--sr","28":"pa_languages-3657","30":"entry","31":"has-media","33":"first","34":"instock","35":"purchasable","36":"product-type-variable","37":"has-product-nav","38":"col","39":"span_1_of_4","40":"owp-content-center","41":"owp-thumbs-layout-horizontal","42":"owp-btn-big","43":"owp-tabs-layout-vertical","44":"has-no-thumbnails"},"acf":[],"aioseo_notices":[],"_links":{"self":[{"href":"https:\/\/audiohypnosis.online\/sr\/wp-json\/wp\/v2\/product\/26324","targetHints":{"allow":["GET"]}}],"collection":[{"href":"https:\/\/audiohypnosis.online\/sr\/wp-json\/wp\/v2\/product"}],"about":[{"href":"https:\/\/audiohypnosis.online\/sr\/wp-json\/wp\/v2\/types\/product"}],"replies":[{"embeddable":true,"href":"https:\/\/audiohypnosis.online\/sr\/wp-json\/wp\/v2\/comments?post=26324"}],"version-history":[{"count":0,"href":"https:\/\/audiohypnosis.online\/sr\/wp-json\/wp\/v2\/product\/26324\/revisions"}],"wp:featuredmedia":[{"embeddable":true,"href":"https:\/\/audiohypnosis.online\/sr\/wp-json\/wp\/v2\/media\/26325"}],"wp:attachment":[{"href":"https:\/\/audiohypnosis.online\/sr\/wp-json\/wp\/v2\/media?parent=26324"}],"wp:term":[{"taxonomy":"language","embeddable":true,"href":"https:\/\/audiohypnosis.online\/sr\/wp-json\/wp\/v2\/language?post=26324"},{"taxonomy":"product_cat","embeddable":true,"href":"https:\/\/audiohypnosis.online\/sr\/wp-json\/wp\/v2\/product_cat?post=26324"},{"taxonomy":"product_tag","embeddable":true,"href":"https:\/\/audiohypnosis.online\/sr\/wp-json\/wp\/v2\/product_tag?post=26324"}],"curies":[{"name":"wp","href":"https:\/\/api.w.org\/{rel}","templated":true}]}}