{"id":26315,"date":"2023-10-14T09:09:13","date_gmt":"2023-10-14T07:09:13","guid":{"rendered":"http:\/\/audiohypnosis.online\/product\/gubitak-tezine\/"},"modified":"2023-10-14T09:09:13","modified_gmt":"2023-10-14T07:09:13","slug":"gubitak-tezine","status":"publish","type":"product","link":"https:\/\/audiohypnosis.online\/sr\/\u043f\u0440\u043e\u0438\u0437\u0432\u043e\u0434\/gubitak-tezine\/","title":{"rendered":"Gubitak te\u017eine"},"content":{"rendered":"<p>Poku\u0161avate li da izgubite te\u017einu? Na\u0161e audio hipnoza sesije vam poma\u017eu da razvijate zdravije navike ishrane i ve\u017ebanja. Ima\u0107ete pristup 6 preuzimateljivih audio fajlova i priru\u010dniku za najbolje prakse.  <\/p>\n","protected":false},"excerpt":{"rendered":"<p>\u017delite li izgubiti nekoliko kilograma?<\/p>\n","protected":false},"featured_media":26316,"comment_status":"closed","ping_status":"closed","template":"","meta":[],"language":[2425,3061,2419,2407,2420,2766,2745],"product_cat":[2243],"product_tag":[2421,2424,2422,2423],"class_list":{"0":"post-26315","1":"product","2":"type-product","3":"status-publish","4":"has-post-thumbnail","6":"language-francuski","7":"language-it-sr","8":"language-nemacki","9":"language-nizozemski","10":"language-spanski","11":"language-2766","12":"language-2745","13":"product_cat-tezina","14":"product_tag-dijeta","15":"product_tag-mrsavljenje","16":"product_tag-vezbe","17":"product_tag-zdravlje","18":"pa_languages-3653","19":"pa_languages-3652","20":"pa_languages-3651","21":"pa_languages-3655","22":"pa_languages-3656","23":"pa_languages-3907","24":"pa_languages-3650","25":"pa_languages--sr","26":"pa_languages-3657","28":"entry","29":"has-media","31":"first","32":"instock","33":"purchasable","34":"product-type-variable","35":"has-product-nav","36":"col","37":"span_1_of_4","38":"owp-content-center","39":"owp-thumbs-layout-horizontal","40":"owp-btn-big","41":"owp-tabs-layout-vertical","42":"has-no-thumbnails"},"acf":[],"aioseo_notices":[],"_links":{"self":[{"href":"https:\/\/audiohypnosis.online\/sr\/wp-json\/wp\/v2\/product\/26315","targetHints":{"allow":["GET"]}}],"collection":[{"href":"https:\/\/audiohypnosis.online\/sr\/wp-json\/wp\/v2\/product"}],"about":[{"href":"https:\/\/audiohypnosis.online\/sr\/wp-json\/wp\/v2\/types\/product"}],"replies":[{"embeddable":true,"href":"https:\/\/audiohypnosis.online\/sr\/wp-json\/wp\/v2\/comments?post=26315"}],"version-history":[{"count":0,"href":"https:\/\/audiohypnosis.online\/sr\/wp-json\/wp\/v2\/product\/26315\/revisions"}],"wp:featuredmedia":[{"embeddable":true,"href":"https:\/\/audiohypnosis.online\/sr\/wp-json\/wp\/v2\/media\/26316"}],"wp:attachment":[{"href":"https:\/\/audiohypnosis.online\/sr\/wp-json\/wp\/v2\/media?parent=26315"}],"wp:term":[{"taxonomy":"language","embeddable":true,"href":"https:\/\/audiohypnosis.online\/sr\/wp-json\/wp\/v2\/language?post=26315"},{"taxonomy":"product_cat","embeddable":true,"href":"https:\/\/audiohypnosis.online\/sr\/wp-json\/wp\/v2\/product_cat?post=26315"},{"taxonomy":"product_tag","embeddable":true,"href":"https:\/\/audiohypnosis.online\/sr\/wp-json\/wp\/v2\/product_tag?post=26315"}],"curies":[{"name":"wp","href":"https:\/\/api.w.org\/{rel}","templated":true}]}}