{"id":26306,"date":"2023-10-14T09:09:13","date_gmt":"2023-10-14T07:09:13","guid":{"rendered":"http:\/\/audiohypnosis.online\/product\/strah-od-letenja\/"},"modified":"2023-10-14T09:09:13","modified_gmt":"2023-10-14T07:09:13","slug":"strah-od-letenja","status":"publish","type":"product","link":"https:\/\/audiohypnosis.online\/sr\/\u043f\u0440\u043e\u0438\u0437\u0432\u043e\u0434\/strah-od-letenja\/","title":{"rendered":"Strah od letenja"},"content":{"rendered":"<p>Bojite se letenja? Na\u0161e audio hipnoza sesije su osmi\u0161ljene da vam pomognu da prevazi\u0111ete ovaj strah. Paket sadr\u017ei 6 razli\u010ditih audio MP3 fajlova i priru\u010dnik za efikasne ve\u017ebe.  <\/p>\n","protected":false},"excerpt":{"rendered":"<p>Ose\u0107ate li anksioznost prema letenju?<\/p>\n","protected":false},"featured_media":26307,"comment_status":"closed","ping_status":"closed","template":"","meta":[],"language":[2419,2407,2745],"product_cat":[2235],"product_tag":[2414,2416,2417,2418,2415],"class_list":{"0":"post-26306","1":"product","2":"type-product","3":"status-publish","4":"has-post-thumbnail","6":"language-nemacki","7":"language-nizozemski","8":"language-2745","9":"product_cat-strahovi-i-fobije","10":"product_tag-anksioznost","11":"product_tag-fobija","12":"product_tag-letenje","13":"product_tag-putovanje","14":"product_tag-strah","15":"pa_languages-3651","16":"pa_languages-3656","17":"pa_languages--sr","19":"entry","20":"has-media","22":"first","23":"instock","24":"purchasable","25":"product-type-variable","26":"has-product-nav","27":"col","28":"span_1_of_4","29":"owp-content-center","30":"owp-thumbs-layout-horizontal","31":"owp-btn-big","32":"owp-tabs-layout-vertical","33":"has-no-thumbnails"},"acf":[],"aioseo_notices":[],"_links":{"self":[{"href":"https:\/\/audiohypnosis.online\/sr\/wp-json\/wp\/v2\/product\/26306","targetHints":{"allow":["GET"]}}],"collection":[{"href":"https:\/\/audiohypnosis.online\/sr\/wp-json\/wp\/v2\/product"}],"about":[{"href":"https:\/\/audiohypnosis.online\/sr\/wp-json\/wp\/v2\/types\/product"}],"replies":[{"embeddable":true,"href":"https:\/\/audiohypnosis.online\/sr\/wp-json\/wp\/v2\/comments?post=26306"}],"version-history":[{"count":0,"href":"https:\/\/audiohypnosis.online\/sr\/wp-json\/wp\/v2\/product\/26306\/revisions"}],"wp:featuredmedia":[{"embeddable":true,"href":"https:\/\/audiohypnosis.online\/sr\/wp-json\/wp\/v2\/media\/26307"}],"wp:attachment":[{"href":"https:\/\/audiohypnosis.online\/sr\/wp-json\/wp\/v2\/media?parent=26306"}],"wp:term":[{"taxonomy":"language","embeddable":true,"href":"https:\/\/audiohypnosis.online\/sr\/wp-json\/wp\/v2\/language?post=26306"},{"taxonomy":"product_cat","embeddable":true,"href":"https:\/\/audiohypnosis.online\/sr\/wp-json\/wp\/v2\/product_cat?post=26306"},{"taxonomy":"product_tag","embeddable":true,"href":"https:\/\/audiohypnosis.online\/sr\/wp-json\/wp\/v2\/product_tag?post=26306"}],"curies":[{"name":"wp","href":"https:\/\/api.w.org\/{rel}","templated":true}]}}