{"id":26297,"date":"2023-10-14T09:09:13","date_gmt":"2023-10-14T07:09:13","guid":{"rendered":"http:\/\/audiohypnosis.online\/product\/yips-cipovanje\/"},"modified":"2023-10-14T09:09:13","modified_gmt":"2023-10-14T07:09:13","slug":"yips-pri-cipovanju","status":"publish","type":"product","link":"https:\/\/audiohypnosis.online\/sr\/\u043f\u0440\u043e\u0438\u0437\u0432\u043e\u0434\/yips-pri-cipovanju\/","title":{"rendered":"Yips (\u010cipovanje)"},"content":{"rendered":"<p>Da li imate problema sa yips-ima pri \u010dipovanju u golfu? Na\u0161i audio hipnoza MP3 fajlovi se fokusiraju na pobolj\u0161anje va\u0161ih ve\u0161tina i koncentracije. Za najbolje rezultate dobi\u0107ete 6 audio fajlova i priru\u010dnik.  <\/p>\n","protected":false},"excerpt":{"rendered":"<p>Imate problema s yips-ima pri \u010dipovanju?<\/p>\n","protected":false},"featured_media":160652,"comment_status":"closed","ping_status":"closed","template":"","meta":[],"language":[2407],"product_cat":[2242],"product_tag":[2413,2410,2408,2409,2411],"class_list":{"0":"post-26297","1":"product","2":"type-product","3":"status-publish","4":"has-post-thumbnail","6":"language-nizozemski","7":"product_cat-sportovi-i-igre","8":"product_tag-cipovanje","9":"product_tag-golf-sr","10":"product_tag-slobodno-vreme","11":"product_tag-sport-sr","12":"product_tag-vestina","13":"pa_languages--sr","15":"entry","16":"has-media","18":"first","19":"instock","20":"purchasable","21":"product-type-variable","22":"has-product-nav","23":"col","24":"span_1_of_4","25":"owp-content-center","26":"owp-thumbs-layout-horizontal","27":"owp-btn-big","28":"owp-tabs-layout-vertical","29":"has-no-thumbnails"},"acf":[],"aioseo_notices":[],"_links":{"self":[{"href":"https:\/\/audiohypnosis.online\/sr\/wp-json\/wp\/v2\/product\/26297","targetHints":{"allow":["GET"]}}],"collection":[{"href":"https:\/\/audiohypnosis.online\/sr\/wp-json\/wp\/v2\/product"}],"about":[{"href":"https:\/\/audiohypnosis.online\/sr\/wp-json\/wp\/v2\/types\/product"}],"replies":[{"embeddable":true,"href":"https:\/\/audiohypnosis.online\/sr\/wp-json\/wp\/v2\/comments?post=26297"}],"version-history":[{"count":0,"href":"https:\/\/audiohypnosis.online\/sr\/wp-json\/wp\/v2\/product\/26297\/revisions"}],"wp:featuredmedia":[{"embeddable":true,"href":"https:\/\/audiohypnosis.online\/sr\/wp-json\/wp\/v2\/media\/160652"}],"wp:attachment":[{"href":"https:\/\/audiohypnosis.online\/sr\/wp-json\/wp\/v2\/media?parent=26297"}],"wp:term":[{"taxonomy":"language","embeddable":true,"href":"https:\/\/audiohypnosis.online\/sr\/wp-json\/wp\/v2\/language?post=26297"},{"taxonomy":"product_cat","embeddable":true,"href":"https:\/\/audiohypnosis.online\/sr\/wp-json\/wp\/v2\/product_cat?post=26297"},{"taxonomy":"product_tag","embeddable":true,"href":"https:\/\/audiohypnosis.online\/sr\/wp-json\/wp\/v2\/product_tag?post=26297"}],"curies":[{"name":"wp","href":"https:\/\/api.w.org\/{rel}","templated":true}]}}