{"id":25982,"date":"2023-10-30T13:36:04","date_gmt":"2023-10-30T12:36:04","guid":{"rendered":"http:\/\/audiohypnosis.online\/product\/jacanje-imunoloskog-sistema\/"},"modified":"2023-10-30T13:36:04","modified_gmt":"2023-10-30T12:36:04","slug":"imunoloski-sistem-pojacivac-2","status":"publish","type":"product","link":"https:\/\/audiohypnosis.online\/sr\/\u043f\u0440\u043e\u0438\u0437\u0432\u043e\u0434\/imunoloski-sistem-pojacivac-2\/","title":{"rendered":"Ja\u010danje imunolo\u0161kog sistema"},"content":{"rendered":"<p>Da li \u017eelite da oja\u010date svoj imunolo\u0161ki sistem? Da li \u017eelite da oja\u010date svoj imunolo\u0161ki sistem? You&#8217;ll gain access to 6 downloadable audio files and a manual for best practices.  <\/p>\n","protected":false},"excerpt":{"rendered":"<p>\u017delite li poja\u010dati svoj imunolo\u0161ki sistem?<\/p>\n","protected":false},"featured_media":25263,"comment_status":"closed","ping_status":"closed","template":"","meta":[],"language":[2426,2425,3061,2419,2407,2420,2766,2745],"product_cat":[2237],"product_tag":[2428,2757,2427],"class_list":{"0":"post-25982","1":"product","2":"type-product","3":"status-publish","4":"has-post-thumbnail","6":"language-engleski","7":"language-francuski","8":"language-it-sr","9":"language-nemacki","10":"language-nizozemski","11":"language-spanski","12":"language-2766","13":"language-2745","14":"product_cat-zdravlje-i-blagostanje","15":"product_tag-dobrobit","16":"product_tag-samo-briga","17":"product_tag-zdravlje-sr","18":"pa_languages-3649","19":"pa_languages-3653","20":"pa_languages-3652","21":"pa_languages-3651","22":"pa_languages-3654","23":"pa_languages-3655","24":"pa_languages-3656","25":"pa_languages-3907","26":"pa_languages-3650","27":"pa_languages--sr","28":"pa_languages-3657","30":"entry","31":"has-media","33":"first","34":"instock","35":"shipping-taxable","36":"purchasable","37":"product-type-variable","38":"has-product-nav","39":"col","40":"span_1_of_4","41":"owp-content-center","42":"owp-thumbs-layout-horizontal","43":"owp-btn-big","44":"owp-tabs-layout-vertical","45":"has-no-thumbnails"},"acf":[],"aioseo_notices":[],"_links":{"self":[{"href":"https:\/\/audiohypnosis.online\/sr\/wp-json\/wp\/v2\/product\/25982","targetHints":{"allow":["GET"]}}],"collection":[{"href":"https:\/\/audiohypnosis.online\/sr\/wp-json\/wp\/v2\/product"}],"about":[{"href":"https:\/\/audiohypnosis.online\/sr\/wp-json\/wp\/v2\/types\/product"}],"replies":[{"embeddable":true,"href":"https:\/\/audiohypnosis.online\/sr\/wp-json\/wp\/v2\/comments?post=25982"}],"version-history":[{"count":0,"href":"https:\/\/audiohypnosis.online\/sr\/wp-json\/wp\/v2\/product\/25982\/revisions"}],"wp:featuredmedia":[{"embeddable":true,"href":"https:\/\/audiohypnosis.online\/sr\/wp-json\/wp\/v2\/media\/25263"}],"wp:attachment":[{"href":"https:\/\/audiohypnosis.online\/sr\/wp-json\/wp\/v2\/media?parent=25982"}],"wp:term":[{"taxonomy":"language","embeddable":true,"href":"https:\/\/audiohypnosis.online\/sr\/wp-json\/wp\/v2\/language?post=25982"},{"taxonomy":"product_cat","embeddable":true,"href":"https:\/\/audiohypnosis.online\/sr\/wp-json\/wp\/v2\/product_cat?post=25982"},{"taxonomy":"product_tag","embeddable":true,"href":"https:\/\/audiohypnosis.online\/sr\/wp-json\/wp\/v2\/product_tag?post=25982"}],"curies":[{"name":"wp","href":"https:\/\/api.w.org\/{rel}","templated":true}]}}