{"id":25146,"date":"2023-10-29T13:48:12","date_gmt":"2023-10-29T12:48:12","guid":{"rendered":"http:\/\/audiohypnosis.online\/product\/strah-od-visine\/"},"modified":"2024-02-01T13:04:49","modified_gmt":"2024-02-01T12:04:49","slug":"strah-od-visine","status":"publish","type":"product","link":"https:\/\/audiohypnosis.online\/sr\/\u043f\u0440\u043e\u0438\u0437\u0432\u043e\u0434\/strah-od-visine\/","title":{"rendered":"Strah od visine"},"content":{"rendered":"<p>Strah od visine, poznat i kao akrofobija, mo\u017ee biti izazovan za mnoge ljude. Na\u0161i audio hipnoza sesije su posebno prilago\u0111ene za one koji se bore s ovim strahom. Zaboravite na vrtoglavicu i napetost, i dobrodo\u0161li u osje\u0107aj slobode i sigurnosti dok se suo\u010davate s visinama. Ostvarite pristup na\u0161im transformi\u0161u\u0107im audio sesijama i priru\u010dniku koji \u0107e vam pomo\u0107i da se oslobodite straha od visine s punim samopouzdanjem.<\/p>\n","protected":false},"excerpt":{"rendered":"<p>Strah od visine, poznat i kao akrofobija, mo\u017ee biti izazovan za mnoge ljude.<\/p>\n","protected":false},"featured_media":25147,"comment_status":"closed","ping_status":"closed","template":"","meta":[],"language":[2426,2425,2419,2407,2420,2745],"product_cat":[2235],"product_tag":[3123,2415],"class_list":{"0":"post-25146","1":"product","2":"type-product","3":"status-publish","4":"has-post-thumbnail","6":"language-engleski","7":"language-francuski","8":"language-nemacki","9":"language-nizozemski","10":"language-spanski","11":"language-2745","12":"product_cat-strahovi-i-fobije","13":"product_tag-fobije","14":"product_tag-strah","15":"pa_languages-3649","16":"pa_languages-3652","17":"pa_languages-3651","18":"pa_languages-3654","19":"pa_languages-3656","20":"pa_languages-3907","21":"pa_languages-3650","22":"pa_languages--sr","23":"pa_languages-3657","25":"entry","26":"has-media","28":"first","29":"instock","30":"shipping-taxable","31":"purchasable","32":"product-type-variable","33":"has-product-nav","34":"col","35":"span_1_of_4","36":"owp-content-center","37":"owp-thumbs-layout-horizontal","38":"owp-btn-big","39":"owp-tabs-layout-vertical","40":"has-no-thumbnails"},"acf":[],"aioseo_notices":[],"_links":{"self":[{"href":"https:\/\/audiohypnosis.online\/sr\/wp-json\/wp\/v2\/product\/25146","targetHints":{"allow":["GET"]}}],"collection":[{"href":"https:\/\/audiohypnosis.online\/sr\/wp-json\/wp\/v2\/product"}],"about":[{"href":"https:\/\/audiohypnosis.online\/sr\/wp-json\/wp\/v2\/types\/product"}],"replies":[{"embeddable":true,"href":"https:\/\/audiohypnosis.online\/sr\/wp-json\/wp\/v2\/comments?post=25146"}],"version-history":[{"count":1,"href":"https:\/\/audiohypnosis.online\/sr\/wp-json\/wp\/v2\/product\/25146\/revisions"}],"predecessor-version":[{"id":153697,"href":"https:\/\/audiohypnosis.online\/sr\/wp-json\/wp\/v2\/product\/25146\/revisions\/153697"}],"wp:featuredmedia":[{"embeddable":true,"href":"https:\/\/audiohypnosis.online\/sr\/wp-json\/wp\/v2\/media\/25147"}],"wp:attachment":[{"href":"https:\/\/audiohypnosis.online\/sr\/wp-json\/wp\/v2\/media?parent=25146"}],"wp:term":[{"taxonomy":"language","embeddable":true,"href":"https:\/\/audiohypnosis.online\/sr\/wp-json\/wp\/v2\/language?post=25146"},{"taxonomy":"product_cat","embeddable":true,"href":"https:\/\/audiohypnosis.online\/sr\/wp-json\/wp\/v2\/product_cat?post=25146"},{"taxonomy":"product_tag","embeddable":true,"href":"https:\/\/audiohypnosis.online\/sr\/wp-json\/wp\/v2\/product_tag?post=25146"}],"curies":[{"name":"wp","href":"https:\/\/api.w.org\/{rel}","templated":true}]}}