{"id":151771,"date":"2024-01-23T10:21:39","date_gmt":"2024-01-23T09:21:39","guid":{"rendered":"https:\/\/audiohypnosis.online\/?post_type=product&#038;p=151771"},"modified":"2024-02-01T12:04:59","modified_gmt":"2024-02-01T11:04:59","slug":"%d0%b0%d0%b3%d0%be%d1%80%d0%b0%d1%84%d0%be%d0%b1%d0%b8%d1%98%d0%b0","status":"publish","type":"product","link":"https:\/\/audiohypnosis.online\/sr\/\u043f\u0440\u043e\u0438\u0437\u0432\u043e\u0434\/%d0%b0%d0%b3%d0%be%d1%80%d0%b0%d1%84%d0%be%d0%b1%d0%b8%d1%98%d0%b0\/","title":{"rendered":"Agorafobi\u0458a"},"content":{"rendered":"<p>Da li ste zarob\u0459eni u zagu\u0161\u0459ivom stisku agorafobi\u0458e, bore\u045bi se protiv nevid\u0459ive sile ko\u0458a ograni\u010dava va\u0161u sposobnost da se bavite svetom? Na\u0161 paket uk\u0459u\u010du\u0458e 6 audio datoteka za preuzima\u045ae sa razli\u010ditim verzi\u0458ama ko\u0458e odgovara\u0458u va\u0161im potrebama, za\u0458edno sa priru\u010dnikom za maksimalnu efikasnost.<\/p>\n","protected":false},"excerpt":{"rendered":"<p>Agorafobi\u0458a mo\u017ee biti izolaciono i uznemiru\u0458u\u045be sta\u045ae, ko\u0458e uti\u010de na va\u0161u sposobnost navigaci\u0458e po \u0458avnim prostorima i ometa va\u0161e dru\u0161tvene interakci\u0458e.<\/p>\n","protected":false},"featured_media":151856,"comment_status":"closed","ping_status":"closed","template":"","meta":[],"language":[2426,2425,2419,2407],"product_cat":[2235],"product_tag":[3123,2415,3124],"class_list":{"0":"post-151771","1":"product","2":"type-product","3":"status-publish","4":"has-post-thumbnail","6":"language-engleski","7":"language-francuski","8":"language-nemacki","9":"language-nizozemski","10":"product_cat-strahovi-i-fobije","11":"product_tag-fobije","12":"product_tag-strah","13":"product_tag-3124","14":"pa_languages-3649","15":"pa_languages-3652","16":"pa_languages-3651","17":"pa_languages-3907","18":"pa_languages-3650","19":"pa_languages--sr","21":"entry","22":"has-media","24":"first","25":"instock","26":"shipping-taxable","27":"purchasable","28":"product-type-variable","29":"has-product-nav","30":"col","31":"span_1_of_4","32":"owp-content-center","33":"owp-thumbs-layout-horizontal","34":"owp-btn-big","35":"owp-tabs-layout-vertical","36":"has-no-thumbnails"},"acf":[],"aioseo_notices":[],"_links":{"self":[{"href":"https:\/\/audiohypnosis.online\/sr\/wp-json\/wp\/v2\/product\/151771","targetHints":{"allow":["GET"]}}],"collection":[{"href":"https:\/\/audiohypnosis.online\/sr\/wp-json\/wp\/v2\/product"}],"about":[{"href":"https:\/\/audiohypnosis.online\/sr\/wp-json\/wp\/v2\/types\/product"}],"replies":[{"embeddable":true,"href":"https:\/\/audiohypnosis.online\/sr\/wp-json\/wp\/v2\/comments?post=151771"}],"version-history":[{"count":3,"href":"https:\/\/audiohypnosis.online\/sr\/wp-json\/wp\/v2\/product\/151771\/revisions"}],"predecessor-version":[{"id":153693,"href":"https:\/\/audiohypnosis.online\/sr\/wp-json\/wp\/v2\/product\/151771\/revisions\/153693"}],"wp:featuredmedia":[{"embeddable":true,"href":"https:\/\/audiohypnosis.online\/sr\/wp-json\/wp\/v2\/media\/151856"}],"wp:attachment":[{"href":"https:\/\/audiohypnosis.online\/sr\/wp-json\/wp\/v2\/media?parent=151771"}],"wp:term":[{"taxonomy":"language","embeddable":true,"href":"https:\/\/audiohypnosis.online\/sr\/wp-json\/wp\/v2\/language?post=151771"},{"taxonomy":"product_cat","embeddable":true,"href":"https:\/\/audiohypnosis.online\/sr\/wp-json\/wp\/v2\/product_cat?post=151771"},{"taxonomy":"product_tag","embeddable":true,"href":"https:\/\/audiohypnosis.online\/sr\/wp-json\/wp\/v2\/product_tag?post=151771"}],"curies":[{"name":"wp","href":"https:\/\/api.w.org\/{rel}","templated":true}]}}