{"id":150656,"date":"2023-10-14T09:09:04","date_gmt":"2023-10-14T07:09:04","guid":{"rendered":"https:\/\/audiohypnosis.online\/product\/%d0%b1%d0%b5%d1%82%d1%82%d0%b5%d1%80-%d0%bc%d0%b5%d0%bc%d0%be%d1%80%d0%b8\/"},"modified":"2024-02-02T09:19:02","modified_gmt":"2024-02-02T08:19:02","slug":"bolja-memorija","status":"publish","type":"product","link":"https:\/\/audiohypnosis.online\/sr\/\u043f\u0440\u043e\u0438\u0437\u0432\u043e\u0434\/bolja-memorija\/","title":{"rendered":"Bolja memorija"},"content":{"rendered":"<p>\u017delite da pobolj\u0161ate svoje ve\u0161tine pam\u0107enja? Na\u0161e sesije audio hipnoze su dizajnirane da vam pomognu da pobolj\u0161ate zadr\u017eavanje pam\u0107enja i fokus. Dobijte pristup 6 audio datoteka za preuzimanje i korisnom priru\u010dniku za potpunu transformaciju.<\/p>\n","protected":false},"excerpt":{"rendered":"<p>\u017delite da pobolj\u0161ate svoje pam\u0107enje?<\/p>\n","protected":false},"featured_media":150657,"comment_status":"closed","ping_status":"closed","template":"","meta":[],"language":[2426,2425,3061,2419,2407,2420,2766,2745],"product_cat":[2239],"product_tag":[2428,3315,3314,3046,3008],"class_list":{"0":"post-150656","1":"product","2":"type-product","3":"status-publish","4":"has-post-thumbnail","6":"language-engleski","7":"language-francuski","8":"language-it-sr","9":"language-nemacki","10":"language-nizozemski","11":"language-spanski","12":"language-2766","13":"language-2745","14":"product_cat-samopoboljsanje","15":"product_tag-dobrobit","16":"product_tag-focus-sr","17":"product_tag-selfimprovement-sr","18":"product_tag-3046","19":"product_tag-3008","20":"pa_languages-3649","21":"pa_languages-3653","22":"pa_languages-3652","23":"pa_languages-3651","24":"pa_languages-3654","25":"pa_languages-3655","26":"pa_languages-3656","27":"pa_languages-3907","28":"pa_languages-3650","29":"pa_languages--sr","30":"pa_languages-3657","32":"entry","33":"has-media","35":"first","36":"instock","37":"purchasable","38":"product-type-variable","39":"has-product-nav","40":"col","41":"span_1_of_4","42":"owp-content-center","43":"owp-thumbs-layout-horizontal","44":"owp-btn-big","45":"owp-tabs-layout-vertical","46":"has-no-thumbnails"},"acf":[],"aioseo_notices":[],"_links":{"self":[{"href":"https:\/\/audiohypnosis.online\/sr\/wp-json\/wp\/v2\/product\/150656","targetHints":{"allow":["GET"]}}],"collection":[{"href":"https:\/\/audiohypnosis.online\/sr\/wp-json\/wp\/v2\/product"}],"about":[{"href":"https:\/\/audiohypnosis.online\/sr\/wp-json\/wp\/v2\/types\/product"}],"replies":[{"embeddable":true,"href":"https:\/\/audiohypnosis.online\/sr\/wp-json\/wp\/v2\/comments?post=150656"}],"version-history":[{"count":2,"href":"https:\/\/audiohypnosis.online\/sr\/wp-json\/wp\/v2\/product\/150656\/revisions"}],"predecessor-version":[{"id":153764,"href":"https:\/\/audiohypnosis.online\/sr\/wp-json\/wp\/v2\/product\/150656\/revisions\/153764"}],"wp:featuredmedia":[{"embeddable":true,"href":"https:\/\/audiohypnosis.online\/sr\/wp-json\/wp\/v2\/media\/150657"}],"wp:attachment":[{"href":"https:\/\/audiohypnosis.online\/sr\/wp-json\/wp\/v2\/media?parent=150656"}],"wp:term":[{"taxonomy":"language","embeddable":true,"href":"https:\/\/audiohypnosis.online\/sr\/wp-json\/wp\/v2\/language?post=150656"},{"taxonomy":"product_cat","embeddable":true,"href":"https:\/\/audiohypnosis.online\/sr\/wp-json\/wp\/v2\/product_cat?post=150656"},{"taxonomy":"product_tag","embeddable":true,"href":"https:\/\/audiohypnosis.online\/sr\/wp-json\/wp\/v2\/product_tag?post=150656"}],"curies":[{"name":"wp","href":"https:\/\/api.w.org\/{rel}","templated":true}]}}