{"id":150636,"date":"2023-10-14T09:09:04","date_gmt":"2023-10-14T07:09:04","guid":{"rendered":"https:\/\/audiohypnosis.online\/product\/%d0%b1%d0%be%d1%99%d0%b5-%d0%bf%d0%b0%d0%b4%d0%b5%d0%bb\/"},"modified":"2024-02-02T09:20:58","modified_gmt":"2024-02-02T08:20:58","slug":"bolje-padel","status":"publish","type":"product","link":"https:\/\/audiohypnosis.online\/sr\/\u043f\u0440\u043e\u0438\u0437\u0432\u043e\u0434\/bolje-padel\/","title":{"rendered":"Bolje Padel"},"content":{"rendered":"<p>Ovaj paket audio-hipnoze fokusira se na pobolj\u0161anje tehnike, strategije i mentalne koncentracije u padel sportovima.<\/p>\n<p>Promovi\u0161e li\u010dni rast u sportu, \u0161to dovodi do ve\u0107eg u\u017eivanja, uspeha i dubljeg razumevanja i po\u0161tovanja igre.<\/p>\n<p>Paket uklju\u010duje 6 datoteka (vidi ispod) + priru\u010dnik.<\/p>\n","protected":false},"excerpt":{"rendered":"<p>Otkrijte tajnu izvrsnosti u padel tenisu!<\/p>\n<p>Jeste li spremni da otklju\u010date svoj puni potencijal?<\/p>\n<p>\u2728 Transformi\u0161ite svoju igru vesla kao nikada ranije zamislili!<\/p>\n","protected":false},"featured_media":150637,"comment_status":"closed","ping_status":"closed","template":"","meta":[],"language":[2407,2745],"product_cat":[2242],"product_tag":[2408,2409,2411,3044,2588],"class_list":{"0":"post-150636","1":"product","2":"type-product","3":"status-publish","4":"has-post-thumbnail","6":"language-nizozemski","7":"language-2745","8":"product_cat-sportovi-i-igre","9":"product_tag-slobodno-vreme","10":"product_tag-sport-sr","11":"product_tag-vestina","12":"product_tag--sr","13":"product_tag-2588","14":"pa_languages-3656","15":"pa_languages--sr","17":"entry","18":"has-media","20":"first","21":"instock","22":"purchasable","23":"product-type-variable","24":"has-product-nav","25":"col","26":"span_1_of_4","27":"owp-content-center","28":"owp-thumbs-layout-horizontal","29":"owp-btn-big","30":"owp-tabs-layout-vertical","31":"has-no-thumbnails"},"acf":[],"aioseo_notices":[],"_links":{"self":[{"href":"https:\/\/audiohypnosis.online\/sr\/wp-json\/wp\/v2\/product\/150636","targetHints":{"allow":["GET"]}}],"collection":[{"href":"https:\/\/audiohypnosis.online\/sr\/wp-json\/wp\/v2\/product"}],"about":[{"href":"https:\/\/audiohypnosis.online\/sr\/wp-json\/wp\/v2\/types\/product"}],"replies":[{"embeddable":true,"href":"https:\/\/audiohypnosis.online\/sr\/wp-json\/wp\/v2\/comments?post=150636"}],"version-history":[{"count":1,"href":"https:\/\/audiohypnosis.online\/sr\/wp-json\/wp\/v2\/product\/150636\/revisions"}],"predecessor-version":[{"id":153765,"href":"https:\/\/audiohypnosis.online\/sr\/wp-json\/wp\/v2\/product\/150636\/revisions\/153765"}],"wp:featuredmedia":[{"embeddable":true,"href":"https:\/\/audiohypnosis.online\/sr\/wp-json\/wp\/v2\/media\/150637"}],"wp:attachment":[{"href":"https:\/\/audiohypnosis.online\/sr\/wp-json\/wp\/v2\/media?parent=150636"}],"wp:term":[{"taxonomy":"language","embeddable":true,"href":"https:\/\/audiohypnosis.online\/sr\/wp-json\/wp\/v2\/language?post=150636"},{"taxonomy":"product_cat","embeddable":true,"href":"https:\/\/audiohypnosis.online\/sr\/wp-json\/wp\/v2\/product_cat?post=150636"},{"taxonomy":"product_tag","embeddable":true,"href":"https:\/\/audiohypnosis.online\/sr\/wp-json\/wp\/v2\/product_tag?post=150636"}],"curies":[{"name":"wp","href":"https:\/\/api.w.org\/{rel}","templated":true}]}}