{"id":150576,"date":"2023-10-14T09:09:04","date_gmt":"2023-10-14T07:09:04","guid":{"rendered":"https:\/\/audiohypnosis.online\/product\/%d0%b1%d0%b5%d1%82%d1%82%d0%b5%d1%80-%d0%bf%d0%be%d0%ba%d0%b5%d1%80\/"},"modified":"2024-02-01T15:41:18","modified_gmt":"2024-02-01T14:41:18","slug":"better-poker","status":"publish","type":"product","link":"https:\/\/audiohypnosis.online\/sr\/\u043f\u0440\u043e\u0438\u0437\u0432\u043e\u0434\/better-poker\/","title":{"rendered":"Better Poker"},"content":{"rendered":"<p>\u017delite da pobolj\u0161ate svoju igru pokera? Na\u0161e sesije audio hipnoze mogu vam pomo\u0107i da pobolj\u0161ate fokus, strategiju i samopouzdanje. Dobijte pristup 6 audio datoteka za preuzimanje i priru\u010dnik kako biste bili sigurni da \u0107ete dobiti najbolje rezultate.<\/p>\n","protected":false},"excerpt":{"rendered":"<p>\u017delite da izo\u0161trite svoje poker ve\u0161tine?<\/p>\n","protected":false},"featured_media":150577,"comment_status":"closed","ping_status":"closed","template":"","meta":[],"language":[2419,2407,2745],"product_cat":[2242],"product_tag":[2408,2409,2411,2588,3038],"class_list":{"0":"post-150576","1":"product","2":"type-product","3":"status-publish","4":"has-post-thumbnail","6":"language-nemacki","7":"language-nizozemski","8":"language-2745","9":"product_cat-sportovi-i-igre","10":"product_tag-slobodno-vreme","11":"product_tag-sport-sr","12":"product_tag-vestina","13":"product_tag-2588","14":"product_tag--sr","15":"pa_languages-3651","16":"pa_languages-3656","17":"pa_languages--sr","19":"entry","20":"has-media","22":"first","23":"instock","24":"purchasable","25":"product-type-variable","26":"has-product-nav","27":"col","28":"span_1_of_4","29":"owp-content-center","30":"owp-thumbs-layout-horizontal","31":"owp-btn-big","32":"owp-tabs-layout-vertical","33":"has-no-thumbnails"},"acf":[],"aioseo_notices":[],"_links":{"self":[{"href":"https:\/\/audiohypnosis.online\/sr\/wp-json\/wp\/v2\/product\/150576","targetHints":{"allow":["GET"]}}],"collection":[{"href":"https:\/\/audiohypnosis.online\/sr\/wp-json\/wp\/v2\/product"}],"about":[{"href":"https:\/\/audiohypnosis.online\/sr\/wp-json\/wp\/v2\/types\/product"}],"replies":[{"embeddable":true,"href":"https:\/\/audiohypnosis.online\/sr\/wp-json\/wp\/v2\/comments?post=150576"}],"version-history":[{"count":2,"href":"https:\/\/audiohypnosis.online\/sr\/wp-json\/wp\/v2\/product\/150576\/revisions"}],"predecessor-version":[{"id":153719,"href":"https:\/\/audiohypnosis.online\/sr\/wp-json\/wp\/v2\/product\/150576\/revisions\/153719"}],"wp:featuredmedia":[{"embeddable":true,"href":"https:\/\/audiohypnosis.online\/sr\/wp-json\/wp\/v2\/media\/150577"}],"wp:attachment":[{"href":"https:\/\/audiohypnosis.online\/sr\/wp-json\/wp\/v2\/media?parent=150576"}],"wp:term":[{"taxonomy":"language","embeddable":true,"href":"https:\/\/audiohypnosis.online\/sr\/wp-json\/wp\/v2\/language?post=150576"},{"taxonomy":"product_cat","embeddable":true,"href":"https:\/\/audiohypnosis.online\/sr\/wp-json\/wp\/v2\/product_cat?post=150576"},{"taxonomy":"product_tag","embeddable":true,"href":"https:\/\/audiohypnosis.online\/sr\/wp-json\/wp\/v2\/product_tag?post=150576"}],"curies":[{"name":"wp","href":"https:\/\/api.w.org\/{rel}","templated":true}]}}