{"id":150526,"date":"2023-10-14T09:09:04","date_gmt":"2023-10-14T07:09:04","guid":{"rendered":"https:\/\/audiohypnosis.online\/product\/%d1%81%d1%82%d1%80%d0%b0%d1%85-%d0%be%d0%b4-%d0%bc%d1%80%d0%b0%d0%ba%d0%b0\/"},"modified":"2024-02-01T15:42:39","modified_gmt":"2024-02-01T14:42:39","slug":"strah-od-mraka","status":"publish","type":"product","link":"https:\/\/audiohypnosis.online\/sr\/\u043f\u0440\u043e\u0438\u0437\u0432\u043e\u0434\/strah-od-mraka\/","title":{"rendered":"Strah od mraka"},"content":{"rendered":"<p>Pla\u0161ite se mraka? Na\u0161e MP3 audio hipnoze su dizajnirane da vam pomognu da pobedite ovaj strah. Ose\u0107ajte se udobno i sigurno u svim uslovima osvetljenja. Dobi\u0107ete pristup 6 audio datoteka za preuzimanje, zajedno sa priru\u010dnikom koji vam poma\u017ee da maksimalno iskoristite svoje iskustvo hipnoze.Borite se sa strahom od mraka?<\/p>\n","protected":false},"excerpt":{"rendered":"<p>Borite se sa strahom od mraka?<\/p>\n","protected":false},"featured_media":150527,"comment_status":"closed","ping_status":"closed","template":"","meta":[],"language":[2426,2425,3061,2419,2407,2420,2766,2745],"product_cat":[2235],"product_tag":[2414,2416,2415,2744,3032],"class_list":{"0":"post-150526","1":"product","2":"type-product","3":"status-publish","4":"has-post-thumbnail","6":"language-engleski","7":"language-francuski","8":"language-it-sr","9":"language-nemacki","10":"language-nizozemski","11":"language-spanski","12":"language-2766","13":"language-2745","14":"product_cat-strahovi-i-fobije","15":"product_tag-anksioznost","16":"product_tag-fobija","17":"product_tag-strah","18":"product_tag-2744","19":"product_tag-3032","20":"pa_languages-3649","21":"pa_languages-3652","22":"pa_languages-3651","23":"pa_languages-3654","24":"pa_languages-3656","25":"pa_languages-3907","26":"pa_languages-3650","27":"pa_languages--sr","28":"pa_languages-3657","30":"entry","31":"has-media","33":"first","34":"instock","35":"purchasable","36":"product-type-variable","37":"has-product-nav","38":"col","39":"span_1_of_4","40":"owp-content-center","41":"owp-thumbs-layout-horizontal","42":"owp-btn-big","43":"owp-tabs-layout-vertical","44":"has-no-thumbnails"},"acf":[],"aioseo_notices":[],"_links":{"self":[{"href":"https:\/\/audiohypnosis.online\/sr\/wp-json\/wp\/v2\/product\/150526","targetHints":{"allow":["GET"]}}],"collection":[{"href":"https:\/\/audiohypnosis.online\/sr\/wp-json\/wp\/v2\/product"}],"about":[{"href":"https:\/\/audiohypnosis.online\/sr\/wp-json\/wp\/v2\/types\/product"}],"replies":[{"embeddable":true,"href":"https:\/\/audiohypnosis.online\/sr\/wp-json\/wp\/v2\/comments?post=150526"}],"version-history":[{"count":1,"href":"https:\/\/audiohypnosis.online\/sr\/wp-json\/wp\/v2\/product\/150526\/revisions"}],"predecessor-version":[{"id":153720,"href":"https:\/\/audiohypnosis.online\/sr\/wp-json\/wp\/v2\/product\/150526\/revisions\/153720"}],"wp:featuredmedia":[{"embeddable":true,"href":"https:\/\/audiohypnosis.online\/sr\/wp-json\/wp\/v2\/media\/150527"}],"wp:attachment":[{"href":"https:\/\/audiohypnosis.online\/sr\/wp-json\/wp\/v2\/media?parent=150526"}],"wp:term":[{"taxonomy":"language","embeddable":true,"href":"https:\/\/audiohypnosis.online\/sr\/wp-json\/wp\/v2\/language?post=150526"},{"taxonomy":"product_cat","embeddable":true,"href":"https:\/\/audiohypnosis.online\/sr\/wp-json\/wp\/v2\/product_cat?post=150526"},{"taxonomy":"product_tag","embeddable":true,"href":"https:\/\/audiohypnosis.online\/sr\/wp-json\/wp\/v2\/product_tag?post=150526"}],"curies":[{"name":"wp","href":"https:\/\/api.w.org\/{rel}","templated":true}]}}