{"id":150506,"date":"2023-10-14T09:09:04","date_gmt":"2023-10-14T07:09:04","guid":{"rendered":"https:\/\/audiohypnosis.online\/product\/%d1%81%d1%82%d1%80%d0%b0%d1%85-%d0%be%d0%b4-%d0%b7%d1%83%d0%b1%d0%b0%d1%80%d0%b0\/"},"modified":"2024-02-01T15:44:49","modified_gmt":"2024-02-01T14:44:49","slug":"strah-od-zubara","status":"publish","type":"product","link":"https:\/\/audiohypnosis.online\/sr\/\u043f\u0440\u043e\u0438\u0437\u0432\u043e\u0434\/strah-od-zubara\/","title":{"rendered":"Strah od zubara"},"content":{"rendered":"<p>Ako vas pomisao na posete stomatologu parali\u0161e strahom, na\u0161e sesije audio hipnoze nude vam na\u010din da povratite kontrolu. Oslobodite se zubne anksioznosti i suo\u010dite se sa svojim pregledima sa samopouzdanjem. Paket dolazi sa 6 razli\u010ditih audio MP3-ova i pou\u010dnim priru\u010dnikom koji \u0107e vas voditi ka opu\u0161tenijem stomatolo\u0161kom iskustvu.<\/p>\n","protected":false},"excerpt":{"rendered":"<p>Pla\u0161ite se pregleda kod zubara?<\/p>\n","protected":false},"featured_media":150507,"comment_status":"closed","ping_status":"closed","template":"","meta":[],"language":[2419,2407,2745],"product_cat":[2235],"product_tag":[2414,3333,2416,2415,3030],"class_list":{"0":"post-150506","1":"product","2":"type-product","3":"status-publish","4":"has-post-thumbnail","6":"language-nemacki","7":"language-nizozemski","8":"language-2745","9":"product_cat-strahovi-i-fobije","10":"product_tag-anksioznost","11":"product_tag-dentalcare-sr","12":"product_tag-fobija","13":"product_tag-strah","14":"product_tag-3030","15":"pa_languages-3651","16":"pa_languages-3656","17":"pa_languages--sr","19":"entry","20":"has-media","22":"first","23":"instock","24":"purchasable","25":"product-type-variable","26":"has-product-nav","27":"col","28":"span_1_of_4","29":"owp-content-center","30":"owp-thumbs-layout-horizontal","31":"owp-btn-big","32":"owp-tabs-layout-vertical","33":"has-no-thumbnails"},"acf":[],"aioseo_notices":[],"_links":{"self":[{"href":"https:\/\/audiohypnosis.online\/sr\/wp-json\/wp\/v2\/product\/150506","targetHints":{"allow":["GET"]}}],"collection":[{"href":"https:\/\/audiohypnosis.online\/sr\/wp-json\/wp\/v2\/product"}],"about":[{"href":"https:\/\/audiohypnosis.online\/sr\/wp-json\/wp\/v2\/types\/product"}],"replies":[{"embeddable":true,"href":"https:\/\/audiohypnosis.online\/sr\/wp-json\/wp\/v2\/comments?post=150506"}],"version-history":[{"count":1,"href":"https:\/\/audiohypnosis.online\/sr\/wp-json\/wp\/v2\/product\/150506\/revisions"}],"predecessor-version":[{"id":153721,"href":"https:\/\/audiohypnosis.online\/sr\/wp-json\/wp\/v2\/product\/150506\/revisions\/153721"}],"wp:featuredmedia":[{"embeddable":true,"href":"https:\/\/audiohypnosis.online\/sr\/wp-json\/wp\/v2\/media\/150507"}],"wp:attachment":[{"href":"https:\/\/audiohypnosis.online\/sr\/wp-json\/wp\/v2\/media?parent=150506"}],"wp:term":[{"taxonomy":"language","embeddable":true,"href":"https:\/\/audiohypnosis.online\/sr\/wp-json\/wp\/v2\/language?post=150506"},{"taxonomy":"product_cat","embeddable":true,"href":"https:\/\/audiohypnosis.online\/sr\/wp-json\/wp\/v2\/product_cat?post=150506"},{"taxonomy":"product_tag","embeddable":true,"href":"https:\/\/audiohypnosis.online\/sr\/wp-json\/wp\/v2\/product_tag?post=150506"}],"curies":[{"name":"wp","href":"https:\/\/api.w.org\/{rel}","templated":true}]}}