{"id":150486,"date":"2023-10-14T09:09:04","date_gmt":"2023-10-14T07:09:04","guid":{"rendered":"https:\/\/audiohypnosis.online\/product\/%d1%81%d1%82%d1%80%d0%b0%d1%85-%d0%be%d0%b4-%d1%83%d0%bc%d0%b8%d1%80%d0%b0%d1%9a%d0%b0\/"},"modified":"2024-02-01T16:30:48","modified_gmt":"2024-02-01T15:30:48","slug":"strah-od-umiranja","status":"publish","type":"product","link":"https:\/\/audiohypnosis.online\/sr\/\u043f\u0440\u043e\u0438\u0437\u0432\u043e\u0434\/strah-od-umiranja\/","title":{"rendered":"Strah od umiranja"},"content":{"rendered":"<p>Borite se sa egzistencijalnim strahovima? Na\u0161 MP3 audio hipnoza ima za cilj da vam pomogne da se pomirite sa neizbe\u017enim aspectom \u017eivota sa kojim se svi suo\u010davamo: smr\u0107u. Steknite du\u0161evni mir i \u017eivite svoj \u017eivot u potpunosti re\u0161avanjem i smanjenjem ove anksioznosti. Na\u0161 paket uklju\u010duje 6 audio datoteka za preuzimanje sa razli\u010ditim verzijama koje odgovaraju va\u0161im potrebama, zajedno sa priru\u010dnikom za maksimalnu efikasnost.<\/p>\n","protected":false},"excerpt":{"rendered":"<p>Zabrinuti ste da va\u0161 strah od smrti uti\u010de na svakodnevni \u017eivot?<\/p>\n","protected":false},"featured_media":150487,"comment_status":"closed","ping_status":"closed","template":"","meta":[],"language":[2426,2425,2419,2407,2420,2745],"product_cat":[2235],"product_tag":[2414,3334,2428,2416,2415],"class_list":{"0":"post-150486","1":"product","2":"type-product","3":"status-publish","4":"has-post-thumbnail","6":"language-engleski","7":"language-francuski","8":"language-nemacki","9":"language-nizozemski","10":"language-spanski","11":"language-2745","12":"product_cat-strahovi-i-fobije","13":"product_tag-anksioznost","14":"product_tag-death-sr","15":"product_tag-dobrobit","16":"product_tag-fobija","17":"product_tag-strah","18":"pa_languages-3649","19":"pa_languages-3651","20":"pa_languages-3654","21":"pa_languages-3656","22":"pa_languages-3907","23":"pa_languages-3650","24":"pa_languages--sr","25":"pa_languages-3657","27":"entry","28":"has-media","30":"first","31":"instock","32":"purchasable","33":"product-type-variable","34":"has-product-nav","35":"col","36":"span_1_of_4","37":"owp-content-center","38":"owp-thumbs-layout-horizontal","39":"owp-btn-big","40":"owp-tabs-layout-vertical","41":"has-no-thumbnails"},"acf":[],"aioseo_notices":[],"_links":{"self":[{"href":"https:\/\/audiohypnosis.online\/sr\/wp-json\/wp\/v2\/product\/150486","targetHints":{"allow":["GET"]}}],"collection":[{"href":"https:\/\/audiohypnosis.online\/sr\/wp-json\/wp\/v2\/product"}],"about":[{"href":"https:\/\/audiohypnosis.online\/sr\/wp-json\/wp\/v2\/types\/product"}],"replies":[{"embeddable":true,"href":"https:\/\/audiohypnosis.online\/sr\/wp-json\/wp\/v2\/comments?post=150486"}],"version-history":[{"count":3,"href":"https:\/\/audiohypnosis.online\/sr\/wp-json\/wp\/v2\/product\/150486\/revisions"}],"predecessor-version":[{"id":153744,"href":"https:\/\/audiohypnosis.online\/sr\/wp-json\/wp\/v2\/product\/150486\/revisions\/153744"}],"wp:featuredmedia":[{"embeddable":true,"href":"https:\/\/audiohypnosis.online\/sr\/wp-json\/wp\/v2\/media\/150487"}],"wp:attachment":[{"href":"https:\/\/audiohypnosis.online\/sr\/wp-json\/wp\/v2\/media?parent=150486"}],"wp:term":[{"taxonomy":"language","embeddable":true,"href":"https:\/\/audiohypnosis.online\/sr\/wp-json\/wp\/v2\/language?post=150486"},{"taxonomy":"product_cat","embeddable":true,"href":"https:\/\/audiohypnosis.online\/sr\/wp-json\/wp\/v2\/product_cat?post=150486"},{"taxonomy":"product_tag","embeddable":true,"href":"https:\/\/audiohypnosis.online\/sr\/wp-json\/wp\/v2\/product_tag?post=150486"}],"curies":[{"name":"wp","href":"https:\/\/api.w.org\/{rel}","templated":true}]}}