{"id":150394,"date":"2023-10-14T09:09:04","date_gmt":"2023-10-14T07:09:04","guid":{"rendered":"https:\/\/audiohypnosis.online\/product\/%d1%81%d1%82%d1%80%d0%b0%d1%85-%d0%be%d0%b4-%d0%b8%d0%b3%d0%b0%d0%bb%d0%b0-%d0%b8%d1%9a%d0%b5%d0%ba%d1%86%d0%b8%d1%98%d0%b0\/"},"modified":"2024-02-02T09:24:36","modified_gmt":"2024-02-02T08:24:36","slug":"strah-od-injekcija","status":"publish","type":"product","link":"https:\/\/audiohypnosis.online\/sr\/\u043f\u0440\u043e\u0438\u0437\u0432\u043e\u0434\/strah-od-injekcija\/","title":{"rendered":"Strah od injekcija"},"content":{"rendered":"<p>Pla\u0161ite se igala i injekcija? Na\u0161 MP3 audio hipnoza mo\u017ee da vas vodi kroz savladavanje ovog straha. Sa 6 audio datoteka za preuzimanje i priru\u010dnikom za najbolje prakse, kona\u010dno mo\u017eete da se suo\u010dite sa medicinskim procedurama bez straha.<\/p>\n","protected":false},"excerpt":{"rendered":"<p>Pla\u0161ite se igala ili injekcija?<\/p>\n","protected":false},"featured_media":150395,"comment_status":"closed","ping_status":"closed","template":"","meta":[],"language":[2419,2407],"product_cat":[2235],"product_tag":[2414,2416,2415,2427,3012],"class_list":{"0":"post-150394","1":"product","2":"type-product","3":"status-publish","4":"has-post-thumbnail","6":"language-nemacki","7":"language-nizozemski","8":"product_cat-strahovi-i-fobije","9":"product_tag-anksioznost","10":"product_tag-fobija","11":"product_tag-strah","12":"product_tag-zdravlje-sr","13":"product_tag-3012","14":"pa_languages-3651","15":"pa_languages--sr","17":"entry","18":"has-media","20":"first","21":"instock","22":"purchasable","23":"product-type-variable","24":"has-product-nav","25":"col","26":"span_1_of_4","27":"owp-content-center","28":"owp-thumbs-layout-horizontal","29":"owp-btn-big","30":"owp-tabs-layout-vertical","31":"has-no-thumbnails"},"acf":[],"aioseo_notices":[],"_links":{"self":[{"href":"https:\/\/audiohypnosis.online\/sr\/wp-json\/wp\/v2\/product\/150394","targetHints":{"allow":["GET"]}}],"collection":[{"href":"https:\/\/audiohypnosis.online\/sr\/wp-json\/wp\/v2\/product"}],"about":[{"href":"https:\/\/audiohypnosis.online\/sr\/wp-json\/wp\/v2\/types\/product"}],"replies":[{"embeddable":true,"href":"https:\/\/audiohypnosis.online\/sr\/wp-json\/wp\/v2\/comments?post=150394"}],"version-history":[{"count":1,"href":"https:\/\/audiohypnosis.online\/sr\/wp-json\/wp\/v2\/product\/150394\/revisions"}],"predecessor-version":[{"id":153767,"href":"https:\/\/audiohypnosis.online\/sr\/wp-json\/wp\/v2\/product\/150394\/revisions\/153767"}],"wp:featuredmedia":[{"embeddable":true,"href":"https:\/\/audiohypnosis.online\/sr\/wp-json\/wp\/v2\/media\/150395"}],"wp:attachment":[{"href":"https:\/\/audiohypnosis.online\/sr\/wp-json\/wp\/v2\/media?parent=150394"}],"wp:term":[{"taxonomy":"language","embeddable":true,"href":"https:\/\/audiohypnosis.online\/sr\/wp-json\/wp\/v2\/language?post=150394"},{"taxonomy":"product_cat","embeddable":true,"href":"https:\/\/audiohypnosis.online\/sr\/wp-json\/wp\/v2\/product_cat?post=150394"},{"taxonomy":"product_tag","embeddable":true,"href":"https:\/\/audiohypnosis.online\/sr\/wp-json\/wp\/v2\/product_tag?post=150394"}],"curies":[{"name":"wp","href":"https:\/\/api.w.org\/{rel}","templated":true}]}}