{"id":150384,"date":"2023-10-14T09:09:04","date_gmt":"2023-10-14T07:09:04","guid":{"rendered":"https:\/\/audiohypnosis.online\/product\/%d1%81%d1%82%d1%80%d0%b0%d1%85-%d0%be%d0%b4-%d0%bf%d0%b0%d1%83%d0%ba%d0%b0\/"},"modified":"2024-02-02T09:26:08","modified_gmt":"2024-02-02T08:26:08","slug":"strah-od-pauka","status":"publish","type":"product","link":"https:\/\/audiohypnosis.online\/sr\/\u043f\u0440\u043e\u0438\u0437\u0432\u043e\u0434\/strah-od-pauka\/","title":{"rendered":"Strah od pauka"},"content":{"rendered":"<p>Od paukova vam ko\u017ea jezi? Uz na\u0161e sesije audio hipnoze, mo\u017eete ste\u0107i kontrolu nad svojim strahom. Na\u0161 paket uklju\u010duje 6 razli\u010ditih audio MP3 datoteka koje odgovaraju va\u0161im potrebama i priru\u010dnik za najbolje rezultate.<\/p>\n","protected":false},"excerpt":{"rendered":"<p>Od paukova vam ko\u017ea jezi?<\/p>\n","protected":false},"featured_media":150385,"comment_status":"closed","ping_status":"closed","template":"","meta":[],"language":[2425,2419,2407,2745],"product_cat":[2235],"product_tag":[2414,2428,2416,2415,3011],"class_list":{"0":"post-150384","1":"product","2":"type-product","3":"status-publish","4":"has-post-thumbnail","6":"language-francuski","7":"language-nemacki","8":"language-nizozemski","9":"language-2745","10":"product_cat-strahovi-i-fobije","11":"product_tag-anksioznost","12":"product_tag-dobrobit","13":"product_tag-fobija","14":"product_tag-strah","15":"product_tag-3011","16":"pa_languages-3651","17":"pa_languages-3656","18":"pa_languages-3650","19":"pa_languages--sr","21":"entry","22":"has-media","24":"first","25":"instock","26":"purchasable","27":"product-type-variable","28":"has-product-nav","29":"col","30":"span_1_of_4","31":"owp-content-center","32":"owp-thumbs-layout-horizontal","33":"owp-btn-big","34":"owp-tabs-layout-vertical","35":"has-no-thumbnails"},"acf":[],"aioseo_notices":[],"_links":{"self":[{"href":"https:\/\/audiohypnosis.online\/sr\/wp-json\/wp\/v2\/product\/150384","targetHints":{"allow":["GET"]}}],"collection":[{"href":"https:\/\/audiohypnosis.online\/sr\/wp-json\/wp\/v2\/product"}],"about":[{"href":"https:\/\/audiohypnosis.online\/sr\/wp-json\/wp\/v2\/types\/product"}],"replies":[{"embeddable":true,"href":"https:\/\/audiohypnosis.online\/sr\/wp-json\/wp\/v2\/comments?post=150384"}],"version-history":[{"count":1,"href":"https:\/\/audiohypnosis.online\/sr\/wp-json\/wp\/v2\/product\/150384\/revisions"}],"predecessor-version":[{"id":153768,"href":"https:\/\/audiohypnosis.online\/sr\/wp-json\/wp\/v2\/product\/150384\/revisions\/153768"}],"wp:featuredmedia":[{"embeddable":true,"href":"https:\/\/audiohypnosis.online\/sr\/wp-json\/wp\/v2\/media\/150385"}],"wp:attachment":[{"href":"https:\/\/audiohypnosis.online\/sr\/wp-json\/wp\/v2\/media?parent=150384"}],"wp:term":[{"taxonomy":"language","embeddable":true,"href":"https:\/\/audiohypnosis.online\/sr\/wp-json\/wp\/v2\/language?post=150384"},{"taxonomy":"product_cat","embeddable":true,"href":"https:\/\/audiohypnosis.online\/sr\/wp-json\/wp\/v2\/product_cat?post=150384"},{"taxonomy":"product_tag","embeddable":true,"href":"https:\/\/audiohypnosis.online\/sr\/wp-json\/wp\/v2\/product_tag?post=150384"}],"curies":[{"name":"wp","href":"https:\/\/api.w.org\/{rel}","templated":true}]}}