{"id":150374,"date":"2023-10-14T09:09:04","date_gmt":"2023-10-14T07:09:04","guid":{"rendered":"https:\/\/audiohypnosis.online\/product\/%d0%b1%d0%b5%d1%82%d1%82%d0%b5%d1%80-%d1%81%d0%bb%d0%b5%d0%b5%d0%bf\/"},"modified":"2024-02-02T09:27:57","modified_gmt":"2024-02-02T08:27:57","slug":"bolji-san","status":"publish","type":"product","link":"https:\/\/audiohypnosis.online\/sr\/\u043f\u0440\u043e\u0438\u0437\u0432\u043e\u0434\/bolji-san\/","title":{"rendered":"Bolji San"},"content":{"rendered":"<p>Borite se sa neispavanim no\u0107ima? Na\u0161 MP3 audio hipnoza ima za cilj da vam pomogne da postignete dubok i miran san. Dobi\u0107ete pristup 6 audio datoteka za preuzimanje i priru\u010dnik koji \u0107e vas voditi ka boljim navikama spavanja.<\/p>\n","protected":false},"excerpt":{"rendered":"<div class=\"w-full text-token-text-primary\" data-testid=\"conversation-turn-263\">\n<div class=\"px-4 py-2 justify-center text-base md:gap-6 m-auto\">\n<div class=\"flex flex-1 text-base mx-auto gap-3 md:px-5 lg:px-1 xl:px-5 md:max-w-3xl lg:max-w-[40rem] xl:max-w-[48rem] group\">\n<div class=\"relative flex w-full flex-col lg:w-[calc(100%-115px)] agent-turn\">\n<div class=\"flex-col gap-1 md:gap-3\">\n<div class=\"flex flex-grow flex-col max-w-full\">\n<div class=\"min-h-[20px] text-message flex flex-col items-start gap-3 whitespace-pre-wrap break-words [.text-message+&amp;]:mt-5 overflow-x-auto\" data-message-author-role=\"assistant\" data-message-id=\"ef16fc05-3e4c-47cf-bc7b-fb79390edf96\">\n<div class=\"markdown prose w-full break-words dark:prose-invert light\">\n<p>Borite se sa neispavanim no\u0107ima?<\/p>\n<\/div>\n<\/div>\n<\/div>\n<\/div>\n<\/div>\n<\/div>\n<\/div>\n<\/div>\n","protected":false},"featured_media":150375,"comment_status":"closed","ping_status":"closed","template":"","meta":[],"language":[2425,3061,2419,2407,2766,2745],"product_cat":[2241],"product_tag":[2428,2427,2588,3010,2744],"class_list":{"0":"post-150374","1":"product","2":"type-product","3":"status-publish","4":"has-post-thumbnail","6":"language-francuski","7":"language-it-sr","8":"language-nemacki","9":"language-nizozemski","10":"language-2766","11":"language-2745","12":"product_cat-san","13":"product_tag-dobrobit","14":"product_tag-zdravlje-sr","15":"product_tag-2588","16":"product_tag-3010","17":"product_tag-2744","18":"pa_languages-3653","19":"pa_languages-3651","20":"pa_languages-3655","21":"pa_languages-3656","22":"pa_languages-3650","23":"pa_languages--sr","25":"entry","26":"has-media","28":"first","29":"instock","30":"purchasable","31":"product-type-variable","32":"has-product-nav","33":"col","34":"span_1_of_4","35":"owp-content-center","36":"owp-thumbs-layout-horizontal","37":"owp-btn-big","38":"owp-tabs-layout-vertical","39":"has-no-thumbnails"},"acf":[],"aioseo_notices":[],"_links":{"self":[{"href":"https:\/\/audiohypnosis.online\/sr\/wp-json\/wp\/v2\/product\/150374","targetHints":{"allow":["GET"]}}],"collection":[{"href":"https:\/\/audiohypnosis.online\/sr\/wp-json\/wp\/v2\/product"}],"about":[{"href":"https:\/\/audiohypnosis.online\/sr\/wp-json\/wp\/v2\/types\/product"}],"replies":[{"embeddable":true,"href":"https:\/\/audiohypnosis.online\/sr\/wp-json\/wp\/v2\/comments?post=150374"}],"version-history":[{"count":1,"href":"https:\/\/audiohypnosis.online\/sr\/wp-json\/wp\/v2\/product\/150374\/revisions"}],"predecessor-version":[{"id":153769,"href":"https:\/\/audiohypnosis.online\/sr\/wp-json\/wp\/v2\/product\/150374\/revisions\/153769"}],"wp:featuredmedia":[{"embeddable":true,"href":"https:\/\/audiohypnosis.online\/sr\/wp-json\/wp\/v2\/media\/150375"}],"wp:attachment":[{"href":"https:\/\/audiohypnosis.online\/sr\/wp-json\/wp\/v2\/media?parent=150374"}],"wp:term":[{"taxonomy":"language","embeddable":true,"href":"https:\/\/audiohypnosis.online\/sr\/wp-json\/wp\/v2\/language?post=150374"},{"taxonomy":"product_cat","embeddable":true,"href":"https:\/\/audiohypnosis.online\/sr\/wp-json\/wp\/v2\/product_cat?post=150374"},{"taxonomy":"product_tag","embeddable":true,"href":"https:\/\/audiohypnosis.online\/sr\/wp-json\/wp\/v2\/product_tag?post=150374"}],"curies":[{"name":"wp","href":"https:\/\/api.w.org\/{rel}","templated":true}]}}