{"id":150365,"date":"2023-10-14T09:09:04","date_gmt":"2023-10-14T07:09:04","guid":{"rendered":"https:\/\/audiohypnosis.online\/product\/%d0%b1%d0%be%d1%99%d0%b5-%d1%81%d1%82%d1%83%d0%b4%d0%b8%d1%80%d0%b0%d1%9a%d0%b5\/"},"modified":"2024-02-02T09:30:26","modified_gmt":"2024-02-02T08:30:26","slug":"bolje-ucenje","status":"publish","type":"product","link":"https:\/\/audiohypnosis.online\/sr\/\u043f\u0440\u043e\u0438\u0437\u0432\u043e\u0434\/bolje-ucenje\/","title":{"rendered":"Bolje u\u010denje"},"content":{"rendered":"<p>Potrebno je da pobolj\u0161ate svoju studijsku igru? Na\u0161i MP3 audio-hipnoza su dizajnirani da vam pomognu da se fokusirate i efikasno zadr\u017eite informacije. Paket uklju\u010duje 6 razli\u010ditih audio datoteka i priru\u010dnik za maksimalnu efikasnost.<\/p>\n","protected":false},"excerpt":{"rendered":"<p>Trebate pobolj\u0161ati svoje navike u\u010denja?<\/p>\n","protected":false},"featured_media":150366,"comment_status":"closed","ping_status":"closed","template":"","meta":[],"language":[2426,2425,3061,2419,2407,2420,2766,2745],"product_cat":[2239],"product_tag":[3315,3314,2768,3009,3008],"class_list":{"0":"post-150365","1":"product","2":"type-product","3":"status-publish","4":"has-post-thumbnail","6":"language-engleski","7":"language-francuski","8":"language-it-sr","9":"language-nemacki","10":"language-nizozemski","11":"language-spanski","12":"language-2766","13":"language-2745","14":"product_cat-samopoboljsanje","15":"product_tag-focus-sr","16":"product_tag-selfimprovement-sr","17":"product_tag-2768","18":"product_tag-3009","19":"product_tag-3008","20":"pa_languages-3651","21":"pa_languages-3650","22":"pa_languages--sr","24":"entry","25":"has-media","27":"first","28":"instock","29":"purchasable","30":"product-type-variable","31":"has-product-nav","32":"col","33":"span_1_of_4","34":"owp-content-center","35":"owp-thumbs-layout-horizontal","36":"owp-btn-big","37":"owp-tabs-layout-vertical","38":"has-no-thumbnails"},"acf":[],"aioseo_notices":[],"_links":{"self":[{"href":"https:\/\/audiohypnosis.online\/sr\/wp-json\/wp\/v2\/product\/150365","targetHints":{"allow":["GET"]}}],"collection":[{"href":"https:\/\/audiohypnosis.online\/sr\/wp-json\/wp\/v2\/product"}],"about":[{"href":"https:\/\/audiohypnosis.online\/sr\/wp-json\/wp\/v2\/types\/product"}],"replies":[{"embeddable":true,"href":"https:\/\/audiohypnosis.online\/sr\/wp-json\/wp\/v2\/comments?post=150365"}],"version-history":[{"count":1,"href":"https:\/\/audiohypnosis.online\/sr\/wp-json\/wp\/v2\/product\/150365\/revisions"}],"predecessor-version":[{"id":153770,"href":"https:\/\/audiohypnosis.online\/sr\/wp-json\/wp\/v2\/product\/150365\/revisions\/153770"}],"wp:featuredmedia":[{"embeddable":true,"href":"https:\/\/audiohypnosis.online\/sr\/wp-json\/wp\/v2\/media\/150366"}],"wp:attachment":[{"href":"https:\/\/audiohypnosis.online\/sr\/wp-json\/wp\/v2\/media?parent=150365"}],"wp:term":[{"taxonomy":"language","embeddable":true,"href":"https:\/\/audiohypnosis.online\/sr\/wp-json\/wp\/v2\/language?post=150365"},{"taxonomy":"product_cat","embeddable":true,"href":"https:\/\/audiohypnosis.online\/sr\/wp-json\/wp\/v2\/product_cat?post=150365"},{"taxonomy":"product_tag","embeddable":true,"href":"https:\/\/audiohypnosis.online\/sr\/wp-json\/wp\/v2\/product_tag?post=150365"}],"curies":[{"name":"wp","href":"https:\/\/api.w.org\/{rel}","templated":true}]}}