{"id":150239,"date":"2023-10-14T09:09:04","date_gmt":"2023-10-14T07:09:04","guid":{"rendered":"https:\/\/audiohypnosis.online\/product\/%d1%81%d1%82%d1%80%d0%b0%d1%85-%d0%be%d0%b4-%d0%be%d0%b1%d0%b0%d0%b2%d0%b5%d0%b7%d0%b0\/"},"modified":"2024-02-01T16:45:25","modified_gmt":"2024-02-01T15:45:25","slug":"strah-od-obaveza","status":"publish","type":"product","link":"https:\/\/audiohypnosis.online\/sr\/\u043f\u0440\u043e\u0438\u0437\u0432\u043e\u0434\/strah-od-obaveza\/","title":{"rendered":"Strah od obaveza"},"content":{"rendered":"<p>Pla\u0161ite se obaveza u odnosima? Na\u0161e sesije audio hipnoze su dizajnirane da vam pomognu da prevazi\u0111ete ovaj strah i prihvatite ljubav. Paket uklju\u010duje 6 razli\u010ditih audio MP3 i priru\u010dnik za efikasne rezultate.<\/p>\n","protected":false},"excerpt":{"rendered":"<p>Pla\u0161ite se obaveza u vezama?<\/p>\n","protected":false},"featured_media":150240,"comment_status":"closed","ping_status":"closed","template":"","meta":[],"language":[2426,2425,3061,2419,2407,2420,2766,2745],"product_cat":[2238],"product_tag":[2414,2415,2831,2813,2995],"class_list":{"0":"post-150239","1":"product","2":"type-product","3":"status-publish","4":"has-post-thumbnail","6":"language-engleski","7":"language-francuski","8":"language-it-sr","9":"language-nemacki","10":"language-nizozemski","11":"language-spanski","12":"language-2766","13":"language-2745","14":"product_cat-odnosi","15":"product_tag-anksioznost","16":"product_tag-strah","17":"product_tag-2831","18":"product_tag-2813","19":"product_tag-2995","20":"pa_languages-3651","21":"pa_languages-3650","22":"pa_languages--sr","24":"entry","25":"has-media","27":"first","28":"instock","29":"purchasable","30":"product-type-variable","31":"has-product-nav","32":"col","33":"span_1_of_4","34":"owp-content-center","35":"owp-thumbs-layout-horizontal","36":"owp-btn-big","37":"owp-tabs-layout-vertical","38":"has-no-thumbnails"},"acf":[],"aioseo_notices":[],"_links":{"self":[{"href":"https:\/\/audiohypnosis.online\/sr\/wp-json\/wp\/v2\/product\/150239","targetHints":{"allow":["GET"]}}],"collection":[{"href":"https:\/\/audiohypnosis.online\/sr\/wp-json\/wp\/v2\/product"}],"about":[{"href":"https:\/\/audiohypnosis.online\/sr\/wp-json\/wp\/v2\/types\/product"}],"replies":[{"embeddable":true,"href":"https:\/\/audiohypnosis.online\/sr\/wp-json\/wp\/v2\/comments?post=150239"}],"version-history":[{"count":2,"href":"https:\/\/audiohypnosis.online\/sr\/wp-json\/wp\/v2\/product\/150239\/revisions"}],"predecessor-version":[{"id":153752,"href":"https:\/\/audiohypnosis.online\/sr\/wp-json\/wp\/v2\/product\/150239\/revisions\/153752"}],"wp:featuredmedia":[{"embeddable":true,"href":"https:\/\/audiohypnosis.online\/sr\/wp-json\/wp\/v2\/media\/150240"}],"wp:attachment":[{"href":"https:\/\/audiohypnosis.online\/sr\/wp-json\/wp\/v2\/media?parent=150239"}],"wp:term":[{"taxonomy":"language","embeddable":true,"href":"https:\/\/audiohypnosis.online\/sr\/wp-json\/wp\/v2\/language?post=150239"},{"taxonomy":"product_cat","embeddable":true,"href":"https:\/\/audiohypnosis.online\/sr\/wp-json\/wp\/v2\/product_cat?post=150239"},{"taxonomy":"product_tag","embeddable":true,"href":"https:\/\/audiohypnosis.online\/sr\/wp-json\/wp\/v2\/product_tag?post=150239"}],"curies":[{"name":"wp","href":"https:\/\/api.w.org\/{rel}","templated":true}]}}