{"id":150009,"date":"2023-10-14T09:09:04","date_gmt":"2023-10-14T07:09:04","guid":{"rendered":"https:\/\/audiohypnosis.online\/product\/%d0%ba%d0%bb%d0%b0%d1%83%d1%81%d1%82%d1%80%d0%be%d1%84%d0%be%d0%b1%d0%b8%d1%98%d0%b0\/"},"modified":"2024-02-01T16:37:42","modified_gmt":"2024-02-01T15:37:42","slug":"klaustrofobija","status":"publish","type":"product","link":"https:\/\/audiohypnosis.online\/sr\/\u043f\u0440\u043e\u0438\u0437\u0432\u043e\u0434\/klaustrofobija\/","title":{"rendered":"Klaustrofobija"},"content":{"rendered":"<p>Pla\u0161ite se uskih prostora? Na\u0161e sesije audio hipnoze su dizajnirane da vam pomognu da pobedite klaustrofobiju. Olak\u0161ajte svoje strahove i povratite kontrolu nad svojim \u017eivotom uz na\u0161 paket koji uklju\u010duje 6 razli\u010ditih audio MP3 datoteka i priru\u010dnik za najbolje prakse.<\/p>\n","protected":false},"excerpt":{"rendered":"<p>Bojite se zatvorenih prostora?<\/p>\n","protected":false},"featured_media":150010,"comment_status":"closed","ping_status":"closed","template":"","meta":[],"language":[2426,2425,2419,2407,2745],"product_cat":[2235],"product_tag":[2414,2428,2416,2415,2940],"class_list":{"0":"post-150009","1":"product","2":"type-product","3":"status-publish","4":"has-post-thumbnail","6":"language-engleski","7":"language-francuski","8":"language-nemacki","9":"language-nizozemski","10":"language-2745","11":"product_cat-strahovi-i-fobije","12":"product_tag-anksioznost","13":"product_tag-dobrobit","14":"product_tag-fobija","15":"product_tag-strah","16":"product_tag-2940","17":"pa_languages-3649","18":"pa_languages-3652","19":"pa_languages-3651","20":"pa_languages-3654","21":"pa_languages-3656","22":"pa_languages-3907","23":"pa_languages-3650","24":"pa_languages--sr","26":"entry","27":"has-media","29":"first","30":"instock","31":"purchasable","32":"product-type-variable","33":"has-product-nav","34":"col","35":"span_1_of_4","36":"owp-content-center","37":"owp-thumbs-layout-horizontal","38":"owp-btn-big","39":"owp-tabs-layout-vertical","40":"has-no-thumbnails"},"acf":[],"aioseo_notices":[],"_links":{"self":[{"href":"https:\/\/audiohypnosis.online\/sr\/wp-json\/wp\/v2\/product\/150009","targetHints":{"allow":["GET"]}}],"collection":[{"href":"https:\/\/audiohypnosis.online\/sr\/wp-json\/wp\/v2\/product"}],"about":[{"href":"https:\/\/audiohypnosis.online\/sr\/wp-json\/wp\/v2\/types\/product"}],"replies":[{"embeddable":true,"href":"https:\/\/audiohypnosis.online\/sr\/wp-json\/wp\/v2\/comments?post=150009"}],"version-history":[{"count":1,"href":"https:\/\/audiohypnosis.online\/sr\/wp-json\/wp\/v2\/product\/150009\/revisions"}],"predecessor-version":[{"id":153748,"href":"https:\/\/audiohypnosis.online\/sr\/wp-json\/wp\/v2\/product\/150009\/revisions\/153748"}],"wp:featuredmedia":[{"embeddable":true,"href":"https:\/\/audiohypnosis.online\/sr\/wp-json\/wp\/v2\/media\/150010"}],"wp:attachment":[{"href":"https:\/\/audiohypnosis.online\/sr\/wp-json\/wp\/v2\/media?parent=150009"}],"wp:term":[{"taxonomy":"language","embeddable":true,"href":"https:\/\/audiohypnosis.online\/sr\/wp-json\/wp\/v2\/language?post=150009"},{"taxonomy":"product_cat","embeddable":true,"href":"https:\/\/audiohypnosis.online\/sr\/wp-json\/wp\/v2\/product_cat?post=150009"},{"taxonomy":"product_tag","embeddable":true,"href":"https:\/\/audiohypnosis.online\/sr\/wp-json\/wp\/v2\/product_tag?post=150009"}],"curies":[{"name":"wp","href":"https:\/\/api.w.org\/{rel}","templated":true}]}}