{"id":149969,"date":"2023-10-14T09:09:04","date_gmt":"2023-10-14T07:09:04","guid":{"rendered":"https:\/\/audiohypnosis.online\/product\/%d1%83%d0%bf%d0%be%d0%b7%d0%bd%d0%b0%d0%b2%d0%b0%d1%9a%d0%b5-%d1%81%d0%b0-%d0%bf%d0%be%d0%b2%d0%b5%d1%80%d0%b5%d1%9a%d0%b5%d0%bc\/"},"modified":"2024-02-01T16:42:01","modified_gmt":"2024-02-01T15:42:01","slug":"upoznavanje-sa-poverenjem","status":"publish","type":"product","link":"https:\/\/audiohypnosis.online\/sr\/\u043f\u0440\u043e\u0438\u0437\u0432\u043e\u0434\/upoznavanje-sa-poverenjem\/","title":{"rendered":"Upoznavanje sa poverenjem"},"content":{"rendered":"<p>Nervozan zbog zabavljanja? Nas MP3 audio hipnoza ima za cilj da pove\u0107a va\u0161e samopouzdanje, \u010dine\u0107i scenu zabavljanja manje zastra\u0161uju\u0107om. Uz 6 razli\u010ditih audio datoteka i priru\u010dnik za efikasne ve\u017ebe, u\u010dinite da va\u0161 slede\u0107i sastanak bude uspe\u0161an.<\/p>\n","protected":false},"excerpt":{"rendered":"<p>Treba vam vi\u0161e samopouzdanja u svom \u017eivotu za sastanke?<\/p>\n","protected":false},"featured_media":149970,"comment_status":"closed","ping_status":"closed","template":"","meta":[],"language":[2426,2425,3061,2419,2407,2420,2766,2745],"product_cat":[2238],"product_tag":[2831,2756,2813,2771,2935],"class_list":{"0":"post-149969","1":"product","2":"type-product","3":"status-publish","4":"has-post-thumbnail","6":"language-engleski","7":"language-francuski","8":"language-it-sr","9":"language-nemacki","10":"language-nizozemski","11":"language-spanski","12":"language-2766","13":"language-2745","14":"product_cat-odnosi","15":"product_tag-2831","16":"product_tag-2756","17":"product_tag-2813","18":"product_tag-2771","19":"product_tag-2935","20":"pa_languages-3649","21":"pa_languages-3652","22":"pa_languages-3651","23":"pa_languages-3654","24":"pa_languages-3655","25":"pa_languages-3656","26":"pa_languages-3907","27":"pa_languages-3650","28":"pa_languages--sr","30":"entry","31":"has-media","33":"first","34":"instock","35":"purchasable","36":"product-type-variable","37":"has-product-nav","38":"col","39":"span_1_of_4","40":"owp-content-center","41":"owp-thumbs-layout-horizontal","42":"owp-btn-big","43":"owp-tabs-layout-vertical","44":"has-no-thumbnails"},"acf":[],"aioseo_notices":[],"_links":{"self":[{"href":"https:\/\/audiohypnosis.online\/sr\/wp-json\/wp\/v2\/product\/149969","targetHints":{"allow":["GET"]}}],"collection":[{"href":"https:\/\/audiohypnosis.online\/sr\/wp-json\/wp\/v2\/product"}],"about":[{"href":"https:\/\/audiohypnosis.online\/sr\/wp-json\/wp\/v2\/types\/product"}],"replies":[{"embeddable":true,"href":"https:\/\/audiohypnosis.online\/sr\/wp-json\/wp\/v2\/comments?post=149969"}],"version-history":[{"count":1,"href":"https:\/\/audiohypnosis.online\/sr\/wp-json\/wp\/v2\/product\/149969\/revisions"}],"predecessor-version":[{"id":153750,"href":"https:\/\/audiohypnosis.online\/sr\/wp-json\/wp\/v2\/product\/149969\/revisions\/153750"}],"wp:featuredmedia":[{"embeddable":true,"href":"https:\/\/audiohypnosis.online\/sr\/wp-json\/wp\/v2\/media\/149970"}],"wp:attachment":[{"href":"https:\/\/audiohypnosis.online\/sr\/wp-json\/wp\/v2\/media?parent=149969"}],"wp:term":[{"taxonomy":"language","embeddable":true,"href":"https:\/\/audiohypnosis.online\/sr\/wp-json\/wp\/v2\/language?post=149969"},{"taxonomy":"product_cat","embeddable":true,"href":"https:\/\/audiohypnosis.online\/sr\/wp-json\/wp\/v2\/product_cat?post=149969"},{"taxonomy":"product_tag","embeddable":true,"href":"https:\/\/audiohypnosis.online\/sr\/wp-json\/wp\/v2\/product_tag?post=149969"}],"curies":[{"name":"wp","href":"https:\/\/api.w.org\/{rel}","templated":true}]}}