{"id":149949,"date":"2023-10-14T09:09:09","date_gmt":"2023-10-14T07:09:09","guid":{"rendered":"https:\/\/audiohypnosis.online\/product\/%d0%b5%d0%b3%d0%be-%d0%b1%d0%be%d0%be%d1%81%d1%82\/"},"modified":"2024-02-01T16:07:28","modified_gmt":"2024-02-01T15:07:28","slug":"podizanje-ega","status":"publish","type":"product","link":"https:\/\/audiohypnosis.online\/sr\/\u043f\u0440\u043e\u0438\u0437\u0432\u043e\u0434\/podizanje-ega\/","title":{"rendered":"Podizanje ega"},"content":{"rendered":"<p>Tra\u017eite pove\u0107anje samopo\u0161tovanja? Na\u0161e audio-hipnozne sesije nude put do ja\u010deg ose\u0107aja sebe. Dobijte pristup 6 audio datoteka za preuzimanje i priru\u010dnik koji \u0107e voditi va\u0161e putovanje ka pozitivnijoj slici o sebi.<\/p>\n","protected":false},"excerpt":{"rendered":"<p>Tra\u017eite pove\u0107anje samopo\u0161tovanja?<\/p>\n","protected":false},"featured_media":149950,"comment_status":"closed","ping_status":"closed","template":"","meta":[],"language":[2425,2419,2407,2745],"product_cat":[2239],"product_tag":[3314,2756,2773,2771,2772],"class_list":{"0":"post-149949","1":"product","2":"type-product","3":"status-publish","4":"has-post-thumbnail","6":"language-francuski","7":"language-nemacki","8":"language-nizozemski","9":"language-2745","10":"product_cat-samopoboljsanje","11":"product_tag-selfimprovement-sr","12":"product_tag-2756","13":"product_tag--sr","14":"product_tag-2771","16":"pa_languages-3651","17":"pa_languages-3656","18":"pa_languages-3907","19":"pa_languages-3650","20":"pa_languages--sr","22":"entry","23":"has-media","25":"first","26":"instock","27":"purchasable","28":"product-type-variable","29":"has-product-nav","30":"col","31":"span_1_of_4","32":"owp-content-center","33":"owp-thumbs-layout-horizontal","34":"owp-btn-big","35":"owp-tabs-layout-vertical","36":"has-no-thumbnails"},"acf":[],"aioseo_notices":[],"_links":{"self":[{"href":"https:\/\/audiohypnosis.online\/sr\/wp-json\/wp\/v2\/product\/149949","targetHints":{"allow":["GET"]}}],"collection":[{"href":"https:\/\/audiohypnosis.online\/sr\/wp-json\/wp\/v2\/product"}],"about":[{"href":"https:\/\/audiohypnosis.online\/sr\/wp-json\/wp\/v2\/types\/product"}],"replies":[{"embeddable":true,"href":"https:\/\/audiohypnosis.online\/sr\/wp-json\/wp\/v2\/comments?post=149949"}],"version-history":[{"count":2,"href":"https:\/\/audiohypnosis.online\/sr\/wp-json\/wp\/v2\/product\/149949\/revisions"}],"predecessor-version":[{"id":153734,"href":"https:\/\/audiohypnosis.online\/sr\/wp-json\/wp\/v2\/product\/149949\/revisions\/153734"}],"wp:featuredmedia":[{"embeddable":true,"href":"https:\/\/audiohypnosis.online\/sr\/wp-json\/wp\/v2\/media\/149950"}],"wp:attachment":[{"href":"https:\/\/audiohypnosis.online\/sr\/wp-json\/wp\/v2\/media?parent=149949"}],"wp:term":[{"taxonomy":"language","embeddable":true,"href":"https:\/\/audiohypnosis.online\/sr\/wp-json\/wp\/v2\/language?post=149949"},{"taxonomy":"product_cat","embeddable":true,"href":"https:\/\/audiohypnosis.online\/sr\/wp-json\/wp\/v2\/product_cat?post=149949"},{"taxonomy":"product_tag","embeddable":true,"href":"https:\/\/audiohypnosis.online\/sr\/wp-json\/wp\/v2\/product_tag?post=149949"}],"curies":[{"name":"wp","href":"https:\/\/api.w.org\/{rel}","templated":true}]}}