{"id":149929,"date":"2023-10-14T09:09:09","date_gmt":"2023-10-14T07:09:09","guid":{"rendered":"https:\/\/audiohypnosis.online\/product\/%d0%b5%d1%80%d0%b5%d0%ba%d1%82%d0%b8%d0%bb%d0%bd%d0%b0-%d0%b4%d0%b8%d1%81%d1%84%d1%83%d0%bd%d0%ba%d1%86%d0%b8%d1%98%d0%b0\/"},"modified":"2024-02-01T16:04:53","modified_gmt":"2024-02-01T15:04:53","slug":"erektilna-disfunkcija","status":"publish","type":"product","link":"https:\/\/audiohypnosis.online\/sr\/\u043f\u0440\u043e\u0438\u0437\u0432\u043e\u0434\/erektilna-disfunkcija\/","title":{"rendered":"Erektilna disfunkcija"},"content":{"rendered":"<p>Imate problema sa seksualnim zdravljem? Na\u0161e sesije audio hipnoze se fokusiraju na pomo\u0107 mu\u0161karcima da se izbore sa erektilnom disfunkcijom. Dobi\u0107ete pristup 6 audio datoteka za preuzimanje i priru\u010dnik za najbolje prakse.<\/p>\n","protected":false},"excerpt":{"rendered":"<p>\u017delite da re\u0161ite problem erektilne disfunkcije?<\/p>\n","protected":false},"featured_media":149930,"comment_status":"closed","ping_status":"closed","template":"","meta":[],"language":[2426,3061,2419,2407,2745],"product_cat":[2240],"product_tag":[2427,2933,2932,2813,2931],"class_list":{"0":"post-149929","1":"product","2":"type-product","3":"status-publish","4":"has-post-thumbnail","6":"language-engleski","7":"language-it-sr","8":"language-nemacki","9":"language-nizozemski","10":"language-2745","11":"product_cat-2240","12":"product_tag-zdravlje-sr","13":"product_tag-2933","14":"product_tag-2932","15":"product_tag-2813","16":"product_tag-2931","17":"pa_languages-3649","18":"pa_languages-3653","19":"pa_languages-3651","20":"pa_languages-3656","21":"pa_languages-3907","22":"pa_languages--sr","24":"entry","25":"has-media","27":"first","28":"instock","29":"purchasable","30":"product-type-variable","31":"has-product-nav","32":"col","33":"span_1_of_4","34":"owp-content-center","35":"owp-thumbs-layout-horizontal","36":"owp-btn-big","37":"owp-tabs-layout-vertical","38":"has-no-thumbnails"},"acf":[],"aioseo_notices":[],"_links":{"self":[{"href":"https:\/\/audiohypnosis.online\/sr\/wp-json\/wp\/v2\/product\/149929","targetHints":{"allow":["GET"]}}],"collection":[{"href":"https:\/\/audiohypnosis.online\/sr\/wp-json\/wp\/v2\/product"}],"about":[{"href":"https:\/\/audiohypnosis.online\/sr\/wp-json\/wp\/v2\/types\/product"}],"replies":[{"embeddable":true,"href":"https:\/\/audiohypnosis.online\/sr\/wp-json\/wp\/v2\/comments?post=149929"}],"version-history":[{"count":1,"href":"https:\/\/audiohypnosis.online\/sr\/wp-json\/wp\/v2\/product\/149929\/revisions"}],"predecessor-version":[{"id":153732,"href":"https:\/\/audiohypnosis.online\/sr\/wp-json\/wp\/v2\/product\/149929\/revisions\/153732"}],"wp:featuredmedia":[{"embeddable":true,"href":"https:\/\/audiohypnosis.online\/sr\/wp-json\/wp\/v2\/media\/149930"}],"wp:attachment":[{"href":"https:\/\/audiohypnosis.online\/sr\/wp-json\/wp\/v2\/media?parent=149929"}],"wp:term":[{"taxonomy":"language","embeddable":true,"href":"https:\/\/audiohypnosis.online\/sr\/wp-json\/wp\/v2\/language?post=149929"},{"taxonomy":"product_cat","embeddable":true,"href":"https:\/\/audiohypnosis.online\/sr\/wp-json\/wp\/v2\/product_cat?post=149929"},{"taxonomy":"product_tag","embeddable":true,"href":"https:\/\/audiohypnosis.online\/sr\/wp-json\/wp\/v2\/product_tag?post=149929"}],"curies":[{"name":"wp","href":"https:\/\/api.w.org\/{rel}","templated":true}]}}