{"id":149908,"date":"2023-10-14T09:09:09","date_gmt":"2023-10-14T07:09:09","guid":{"rendered":"https:\/\/audiohypnosis.online\/product\/%d0%b1%d0%b5%d0%b7-%d0%b0%d0%bb%d0%ba%d0%be%d1%85%d0%be%d0%bb%d0%b0\/"},"modified":"2024-02-01T16:03:19","modified_gmt":"2024-02-01T15:03:19","slug":"bez-alkohola","status":"publish","type":"product","link":"https:\/\/audiohypnosis.online\/sr\/\u043f\u0440\u043e\u0438\u0437\u0432\u043e\u0434\/bez-alkohola\/","title":{"rendered":"Bez alkohola"},"content":{"rendered":"<p>\u017delite da se uzdr\u017eite od alkohola? Na\u0161i MP3 audio hipnotici nude put do zdravijeg \u017eivota. Steknite kontrolu nad unosom alkohola i u\u017eivajte u uravnote\u017eenijem na\u010dinu \u017eivota. Paket uklju\u010duje 6 audio datoteka i sveobuhvatno uputstvo.<\/p>\n","protected":false},"excerpt":{"rendered":"<p>\u017delite da prestanete sa alkoholom?<\/p>\n","protected":false},"featured_media":149909,"comment_status":"closed","ping_status":"closed","template":"","meta":[],"language":[2426,2425,3061,2419,2407,2420,2766,2745],"product_cat":[2232],"product_tag":[2927,2747,2926,2748,2750],"class_list":{"0":"post-149908","1":"product","2":"type-product","3":"status-publish","4":"has-post-thumbnail","6":"language-engleski","7":"language-francuski","8":"language-it-sr","9":"language-nemacki","10":"language-nizozemski","11":"language-spanski","12":"language-2766","13":"language-2745","14":"product_cat-zavisnosti","15":"product_tag--sr","17":"product_tag-2926","20":"pa_languages-3649","21":"pa_languages-3653","22":"pa_languages-3652","23":"pa_languages-3651","24":"pa_languages-3655","25":"pa_languages-3656","26":"pa_languages-3907","27":"pa_languages-3650","28":"pa_languages--sr","29":"pa_languages-3657","31":"entry","32":"has-media","34":"first","35":"instock","36":"purchasable","37":"product-type-variable","38":"has-product-nav","39":"col","40":"span_1_of_4","41":"owp-content-center","42":"owp-thumbs-layout-horizontal","43":"owp-btn-big","44":"owp-tabs-layout-vertical","45":"has-no-thumbnails"},"acf":[],"aioseo_notices":[],"_links":{"self":[{"href":"https:\/\/audiohypnosis.online\/sr\/wp-json\/wp\/v2\/product\/149908","targetHints":{"allow":["GET"]}}],"collection":[{"href":"https:\/\/audiohypnosis.online\/sr\/wp-json\/wp\/v2\/product"}],"about":[{"href":"https:\/\/audiohypnosis.online\/sr\/wp-json\/wp\/v2\/types\/product"}],"replies":[{"embeddable":true,"href":"https:\/\/audiohypnosis.online\/sr\/wp-json\/wp\/v2\/comments?post=149908"}],"version-history":[{"count":1,"href":"https:\/\/audiohypnosis.online\/sr\/wp-json\/wp\/v2\/product\/149908\/revisions"}],"predecessor-version":[{"id":153731,"href":"https:\/\/audiohypnosis.online\/sr\/wp-json\/wp\/v2\/product\/149908\/revisions\/153731"}],"wp:featuredmedia":[{"embeddable":true,"href":"https:\/\/audiohypnosis.online\/sr\/wp-json\/wp\/v2\/media\/149909"}],"wp:attachment":[{"href":"https:\/\/audiohypnosis.online\/sr\/wp-json\/wp\/v2\/media?parent=149908"}],"wp:term":[{"taxonomy":"language","embeddable":true,"href":"https:\/\/audiohypnosis.online\/sr\/wp-json\/wp\/v2\/language?post=149908"},{"taxonomy":"product_cat","embeddable":true,"href":"https:\/\/audiohypnosis.online\/sr\/wp-json\/wp\/v2\/product_cat?post=149908"},{"taxonomy":"product_tag","embeddable":true,"href":"https:\/\/audiohypnosis.online\/sr\/wp-json\/wp\/v2\/product_tag?post=149908"}],"curies":[{"name":"wp","href":"https:\/\/api.w.org\/{rel}","templated":true}]}}