{"id":149826,"date":"2023-10-14T09:09:09","date_gmt":"2023-10-14T07:09:09","guid":{"rendered":"https:\/\/audiohypnosis.online\/product\/%d0%b7%d0%b0%d0%b2%d0%b8%d1%81%d0%bd%d0%be%d1%81%d1%82-%d0%be%d0%b4-%d0%ba%d0%be%d1%86%d0%ba%d0%b0%d1%9a%d0%b0\/"},"modified":"2024-02-01T16:01:36","modified_gmt":"2024-02-01T15:01:36","slug":"zavisnost-od-kockanja","status":"publish","type":"product","link":"https:\/\/audiohypnosis.online\/sr\/\u043f\u0440\u043e\u0438\u0437\u0432\u043e\u0434\/zavisnost-od-kockanja\/","title":{"rendered":"Zavisnost od kockanja"},"content":{"rendered":"<p>Borite se sa zavisno\u0161\u0107u od kockanja? Na\u0161e sesije audio hipnoze su dizajnirane da vam pomognu da povratite kontrolu. Paket uklju\u010duje 6 audio datoteka za preuzimanje i uputstvo koje \u0107e vas voditi na va\u0161em putu ka osloba\u0111anju od kockanja.<\/p>\n","protected":false},"excerpt":{"rendered":"<p>Borite se sa zavisno\u0161\u0107u od kockanja?<\/p>\n","protected":false},"featured_media":149827,"comment_status":"closed","ping_status":"closed","template":"","meta":[],"language":[2425,2419,2407,2745],"product_cat":[2232],"product_tag":[2428,3343,2427,2897,2898],"class_list":{"0":"post-149826","1":"product","2":"type-product","3":"status-publish","4":"has-post-thumbnail","6":"language-francuski","7":"language-nemacki","8":"language-nizozemski","9":"language-2745","10":"product_cat-zavisnosti","11":"product_tag-dobrobit","12":"product_tag-samokontrola-sr","13":"product_tag-zdravlje-sr","14":"product_tag-2897","15":"product_tag-2898","16":"pa_languages-3651","17":"pa_languages-3656","18":"pa_languages-3650","19":"pa_languages--sr","21":"entry","22":"has-media","24":"first","25":"instock","26":"purchasable","27":"product-type-variable","28":"has-product-nav","29":"col","30":"span_1_of_4","31":"owp-content-center","32":"owp-thumbs-layout-horizontal","33":"owp-btn-big","34":"owp-tabs-layout-vertical","35":"has-no-thumbnails"},"acf":[],"aioseo_notices":[],"_links":{"self":[{"href":"https:\/\/audiohypnosis.online\/sr\/wp-json\/wp\/v2\/product\/149826","targetHints":{"allow":["GET"]}}],"collection":[{"href":"https:\/\/audiohypnosis.online\/sr\/wp-json\/wp\/v2\/product"}],"about":[{"href":"https:\/\/audiohypnosis.online\/sr\/wp-json\/wp\/v2\/types\/product"}],"replies":[{"embeddable":true,"href":"https:\/\/audiohypnosis.online\/sr\/wp-json\/wp\/v2\/comments?post=149826"}],"version-history":[{"count":1,"href":"https:\/\/audiohypnosis.online\/sr\/wp-json\/wp\/v2\/product\/149826\/revisions"}],"predecessor-version":[{"id":153730,"href":"https:\/\/audiohypnosis.online\/sr\/wp-json\/wp\/v2\/product\/149826\/revisions\/153730"}],"wp:featuredmedia":[{"embeddable":true,"href":"https:\/\/audiohypnosis.online\/sr\/wp-json\/wp\/v2\/media\/149827"}],"wp:attachment":[{"href":"https:\/\/audiohypnosis.online\/sr\/wp-json\/wp\/v2\/media?parent=149826"}],"wp:term":[{"taxonomy":"language","embeddable":true,"href":"https:\/\/audiohypnosis.online\/sr\/wp-json\/wp\/v2\/language?post=149826"},{"taxonomy":"product_cat","embeddable":true,"href":"https:\/\/audiohypnosis.online\/sr\/wp-json\/wp\/v2\/product_cat?post=149826"},{"taxonomy":"product_tag","embeddable":true,"href":"https:\/\/audiohypnosis.online\/sr\/wp-json\/wp\/v2\/product_tag?post=149826"}],"curies":[{"name":"wp","href":"https:\/\/api.w.org\/{rel}","templated":true}]}}