{"id":149807,"date":"2023-10-14T09:09:09","date_gmt":"2023-10-14T07:09:09","guid":{"rendered":"https:\/\/audiohypnosis.online\/product\/%d1%87%d0%b5%d0%ba%d0%b0%d1%9a%d0%b5-%d1%83-%d0%b3%d0%be%d0%bb%d1%84%d1%83\/"},"modified":"2024-02-01T15:52:40","modified_gmt":"2024-02-01T14:52:40","slug":"cekanje-u-golfu","status":"publish","type":"product","link":"https:\/\/audiohypnosis.online\/sr\/\u043f\u0440\u043e\u0438\u0437\u0432\u043e\u0434\/cekanje-u-golfu\/","title":{"rendered":"\u010cekanje u Golfu"},"content":{"rendered":"<p>Nestpljivi ste dok \u010dekate svoj red u golfu? Na\u0161 MP3 audio hipnoza ima za cilj da vam pomogne da negujete strpljenje, pobolj\u0161avaju\u0107i i va\u0161u igru i va\u0161e mentalno blagostanje. Paket dolazi sa 6 audio datoteka i uputstvom za efikasno kori\u0161\u0107enje.<\/p>\n","protected":false},"excerpt":{"rendered":"<p>Treba vam strpljenje u igri golfa?<\/p>\n","protected":false},"featured_media":149808,"comment_status":"closed","ping_status":"closed","template":"","meta":[],"language":[2419,2407],"product_cat":[2242],"product_tag":[2410,2408,2409,2893,2892],"class_list":{"0":"post-149807","1":"product","2":"type-product","3":"status-publish","4":"has-post-thumbnail","6":"language-nemacki","7":"language-nizozemski","8":"product_cat-sportovi-i-igre","9":"product_tag-golf-sr","10":"product_tag-slobodno-vreme","11":"product_tag-sport-sr","12":"product_tag-2893","13":"product_tag-2892","14":"pa_languages-3651","15":"pa_languages--sr","17":"entry","18":"has-media","20":"first","21":"instock","22":"purchasable","23":"product-type-variable","24":"has-product-nav","25":"col","26":"span_1_of_4","27":"owp-content-center","28":"owp-thumbs-layout-horizontal","29":"owp-btn-big","30":"owp-tabs-layout-vertical","31":"has-no-thumbnails"},"acf":[],"aioseo_notices":[],"_links":{"self":[{"href":"https:\/\/audiohypnosis.online\/sr\/wp-json\/wp\/v2\/product\/149807","targetHints":{"allow":["GET"]}}],"collection":[{"href":"https:\/\/audiohypnosis.online\/sr\/wp-json\/wp\/v2\/product"}],"about":[{"href":"https:\/\/audiohypnosis.online\/sr\/wp-json\/wp\/v2\/types\/product"}],"replies":[{"embeddable":true,"href":"https:\/\/audiohypnosis.online\/sr\/wp-json\/wp\/v2\/comments?post=149807"}],"version-history":[{"count":2,"href":"https:\/\/audiohypnosis.online\/sr\/wp-json\/wp\/v2\/product\/149807\/revisions"}],"predecessor-version":[{"id":153725,"href":"https:\/\/audiohypnosis.online\/sr\/wp-json\/wp\/v2\/product\/149807\/revisions\/153725"}],"wp:featuredmedia":[{"embeddable":true,"href":"https:\/\/audiohypnosis.online\/sr\/wp-json\/wp\/v2\/media\/149808"}],"wp:attachment":[{"href":"https:\/\/audiohypnosis.online\/sr\/wp-json\/wp\/v2\/media?parent=149807"}],"wp:term":[{"taxonomy":"language","embeddable":true,"href":"https:\/\/audiohypnosis.online\/sr\/wp-json\/wp\/v2\/language?post=149807"},{"taxonomy":"product_cat","embeddable":true,"href":"https:\/\/audiohypnosis.online\/sr\/wp-json\/wp\/v2\/product_cat?post=149807"},{"taxonomy":"product_tag","embeddable":true,"href":"https:\/\/audiohypnosis.online\/sr\/wp-json\/wp\/v2\/product_tag?post=149807"}],"curies":[{"name":"wp","href":"https:\/\/api.w.org\/{rel}","templated":true}]}}