{"id":149639,"date":"2023-10-14T09:09:09","date_gmt":"2023-10-14T07:09:09","guid":{"rendered":"https:\/\/audiohypnosis.online\/product\/%d1%99%d1%83%d0%b1%d0%be%d0%bc%d0%be%d1%80%d0%b0\/"},"modified":"2024-02-01T15:59:35","modified_gmt":"2024-02-01T14:59:35","slug":"ljubomora","status":"publish","type":"product","link":"https:\/\/audiohypnosis.online\/sr\/\u043f\u0440\u043e\u0438\u0437\u0432\u043e\u0434\/ljubomora\/","title":{"rendered":"Ljubomora"},"content":{"rendered":"<p>Ljubomora uti\u010de na va\u0161e veze? Na\u0161e sesije audio hipnoze imaju za cilj da vam pomognu da kontroli\u0161ete ovu emociju. Dobijte pristup 6 audio datoteka za preuzimanje i sveobuhvatnom priru\u010dniku.<\/p>\n","protected":false},"excerpt":{"rendered":"<p>Borite se sa ljubomorom?<\/p>\n","protected":false},"featured_media":149640,"comment_status":"closed","ping_status":"closed","template":"","meta":[],"language":[2425,2419,2407,2766],"product_cat":[2238],"product_tag":[3343,2831,2839,2756,2813],"class_list":{"0":"post-149639","1":"product","2":"type-product","3":"status-publish","4":"has-post-thumbnail","6":"language-francuski","7":"language-nemacki","8":"language-nizozemski","9":"language-2766","10":"product_cat-odnosi","11":"product_tag-samokontrola-sr","12":"product_tag-2831","13":"product_tag-2839","14":"product_tag-2756","15":"product_tag-2813","16":"pa_languages-3651","17":"pa_languages-3655","18":"pa_languages-3650","19":"pa_languages--sr","21":"entry","22":"has-media","24":"first","25":"instock","26":"purchasable","27":"product-type-variable","28":"has-product-nav","29":"col","30":"span_1_of_4","31":"owp-content-center","32":"owp-thumbs-layout-horizontal","33":"owp-btn-big","34":"owp-tabs-layout-vertical","35":"has-no-thumbnails"},"acf":[],"aioseo_notices":[],"_links":{"self":[{"href":"https:\/\/audiohypnosis.online\/sr\/wp-json\/wp\/v2\/product\/149639","targetHints":{"allow":["GET"]}}],"collection":[{"href":"https:\/\/audiohypnosis.online\/sr\/wp-json\/wp\/v2\/product"}],"about":[{"href":"https:\/\/audiohypnosis.online\/sr\/wp-json\/wp\/v2\/types\/product"}],"replies":[{"embeddable":true,"href":"https:\/\/audiohypnosis.online\/sr\/wp-json\/wp\/v2\/comments?post=149639"}],"version-history":[{"count":2,"href":"https:\/\/audiohypnosis.online\/sr\/wp-json\/wp\/v2\/product\/149639\/revisions"}],"predecessor-version":[{"id":153729,"href":"https:\/\/audiohypnosis.online\/sr\/wp-json\/wp\/v2\/product\/149639\/revisions\/153729"}],"wp:featuredmedia":[{"embeddable":true,"href":"https:\/\/audiohypnosis.online\/sr\/wp-json\/wp\/v2\/media\/149640"}],"wp:attachment":[{"href":"https:\/\/audiohypnosis.online\/sr\/wp-json\/wp\/v2\/media?parent=149639"}],"wp:term":[{"taxonomy":"language","embeddable":true,"href":"https:\/\/audiohypnosis.online\/sr\/wp-json\/wp\/v2\/language?post=149639"},{"taxonomy":"product_cat","embeddable":true,"href":"https:\/\/audiohypnosis.online\/sr\/wp-json\/wp\/v2\/product_cat?post=149639"},{"taxonomy":"product_tag","embeddable":true,"href":"https:\/\/audiohypnosis.online\/sr\/wp-json\/wp\/v2\/product_tag?post=149639"}],"curies":[{"name":"wp","href":"https:\/\/api.w.org\/{rel}","templated":true}]}}