{"id":149603,"date":"2023-10-14T09:09:09","date_gmt":"2023-10-14T07:09:09","guid":{"rendered":"https:\/\/audiohypnosis.online\/product\/%d1%85%d0%b5%d0%b0%d1%80%d1%82%d0%b1%d1%80%d0%b5%d0%b0%d0%ba\/"},"modified":"2024-02-01T15:56:46","modified_gmt":"2024-02-01T14:56:46","slug":"slomljeno-srce","status":"publish","type":"product","link":"https:\/\/audiohypnosis.online\/sr\/\u043f\u0440\u043e\u0438\u0437\u0432\u043e\u0434\/slomljeno-srce\/","title":{"rendered":"Slomljeno srce"},"content":{"rendered":"<p>Patite od slomljenog srca? Na\u0161 MP3 audio hipnoza nudi put do emocionalnog isceljenja. Prona\u0111ite olak\u0161anje i po\u010dnite iznova sa na\u0161im paketom koji uklju\u010duje 6 audio datoteka i priru\u010dnik za najbolje prakse.<\/p>\n","protected":false},"excerpt":{"rendered":"<p>Treba vam pomo\u0107 da se nosite sa slomljenim srcem?<\/p>\n","protected":false},"featured_media":149604,"comment_status":"closed","ping_status":"closed","template":"","meta":[],"language":[2425,2419,2407],"product_cat":[2238],"product_tag":[3301,3340,2831,2756,2813],"class_list":{"0":"post-149603","1":"product","2":"type-product","3":"status-publish","4":"has-post-thumbnail","6":"language-francuski","7":"language-nemacki","8":"language-nizozemski","9":"product_cat-odnosi","10":"product_tag-healing-sr","11":"product_tag-heartbreak-sr","12":"product_tag-2831","13":"product_tag-2756","14":"product_tag-2813","15":"pa_languages-3651","16":"pa_languages-3650","17":"pa_languages--sr","19":"entry","20":"has-media","22":"first","23":"instock","24":"purchasable","25":"product-type-variable","26":"has-product-nav","27":"col","28":"span_1_of_4","29":"owp-content-center","30":"owp-thumbs-layout-horizontal","31":"owp-btn-big","32":"owp-tabs-layout-vertical","33":"has-no-thumbnails"},"acf":[],"aioseo_notices":[],"_links":{"self":[{"href":"https:\/\/audiohypnosis.online\/sr\/wp-json\/wp\/v2\/product\/149603","targetHints":{"allow":["GET"]}}],"collection":[{"href":"https:\/\/audiohypnosis.online\/sr\/wp-json\/wp\/v2\/product"}],"about":[{"href":"https:\/\/audiohypnosis.online\/sr\/wp-json\/wp\/v2\/types\/product"}],"replies":[{"embeddable":true,"href":"https:\/\/audiohypnosis.online\/sr\/wp-json\/wp\/v2\/comments?post=149603"}],"version-history":[{"count":1,"href":"https:\/\/audiohypnosis.online\/sr\/wp-json\/wp\/v2\/product\/149603\/revisions"}],"predecessor-version":[{"id":153727,"href":"https:\/\/audiohypnosis.online\/sr\/wp-json\/wp\/v2\/product\/149603\/revisions\/153727"}],"wp:featuredmedia":[{"embeddable":true,"href":"https:\/\/audiohypnosis.online\/sr\/wp-json\/wp\/v2\/media\/149604"}],"wp:attachment":[{"href":"https:\/\/audiohypnosis.online\/sr\/wp-json\/wp\/v2\/media?parent=149603"}],"wp:term":[{"taxonomy":"language","embeddable":true,"href":"https:\/\/audiohypnosis.online\/sr\/wp-json\/wp\/v2\/language?post=149603"},{"taxonomy":"product_cat","embeddable":true,"href":"https:\/\/audiohypnosis.online\/sr\/wp-json\/wp\/v2\/product_cat?post=149603"},{"taxonomy":"product_tag","embeddable":true,"href":"https:\/\/audiohypnosis.online\/sr\/wp-json\/wp\/v2\/product_tag?post=149603"}],"curies":[{"name":"wp","href":"https:\/\/api.w.org\/{rel}","templated":true}]}}