{"id":149542,"date":"2023-10-14T09:09:09","date_gmt":"2023-10-14T07:09:09","guid":{"rendered":"https:\/\/audiohypnosis.online\/product\/%d0%bf%d0%be%d0%b2%d0%b5%d1%9b%d0%b0%d0%bd%d0%b0-%d1%81%d0%b5%d0%ba%d1%81%d1%83%d0%b0%d0%bb%d0%bd%d0%b0-%d0%b6%d0%b5%d1%99%d0%b0\/"},"modified":"2024-02-01T15:54:21","modified_gmt":"2024-02-01T14:54:21","slug":"povecana-seksualna-zelja","status":"publish","type":"product","link":"https:\/\/audiohypnosis.online\/sr\/\u043f\u0440\u043e\u0438\u0437\u0432\u043e\u0434\/povecana-seksualna-zelja\/","title":{"rendered":"Pove\u0107ana seksualna \u017eelja"},"content":{"rendered":"<p>\u017delite ispunjeniji seksualni \u017eivot? Na\u0161i MP3 audio hipnoti mogu vam pomo\u0107i da pove\u0107ate libido. Dobijte pristup 6 audio datoteka za preuzimanje i priru\u010dniku koji \u0107e vas voditi ka intimnijem \u017eivotu koji \u0107e vas vi\u0161e zadovoljiti. &#8211; \u017delite da pobolj\u0161ate svoju seksualnu \u017eelju?<\/p>\n","protected":false},"excerpt":{"rendered":"<p>\u017delite da pobolj\u0161ate svoju seksualnu \u017eelju?<\/p>\n","protected":false},"featured_media":149543,"comment_status":"closed","ping_status":"closed","template":"","meta":[],"language":[2425,2419,2407,2420,2766,2745],"product_cat":[2240],"product_tag":[3338,2814,2812,2813,2815],"class_list":{"0":"post-149542","1":"product","2":"type-product","3":"status-publish","4":"has-post-thumbnail","6":"language-francuski","7":"language-nemacki","8":"language-nizozemski","9":"language-spanski","10":"language-2766","11":"language-2745","12":"product_cat-2240","13":"product_tag-libido-sr","14":"product_tag-2814","15":"product_tag-2812","16":"product_tag-2813","17":"product_tag-2815","18":"pa_languages-3649","19":"pa_languages-3652","20":"pa_languages-3651","21":"pa_languages-3655","22":"pa_languages-3656","23":"pa_languages-3907","24":"pa_languages-3650","25":"pa_languages--sr","26":"pa_languages-3657","28":"entry","29":"has-media","31":"first","32":"instock","33":"purchasable","34":"product-type-variable","35":"has-product-nav","36":"col","37":"span_1_of_4","38":"owp-content-center","39":"owp-thumbs-layout-horizontal","40":"owp-btn-big","41":"owp-tabs-layout-vertical","42":"has-no-thumbnails"},"acf":[],"aioseo_notices":[],"_links":{"self":[{"href":"https:\/\/audiohypnosis.online\/sr\/wp-json\/wp\/v2\/product\/149542","targetHints":{"allow":["GET"]}}],"collection":[{"href":"https:\/\/audiohypnosis.online\/sr\/wp-json\/wp\/v2\/product"}],"about":[{"href":"https:\/\/audiohypnosis.online\/sr\/wp-json\/wp\/v2\/types\/product"}],"replies":[{"embeddable":true,"href":"https:\/\/audiohypnosis.online\/sr\/wp-json\/wp\/v2\/comments?post=149542"}],"version-history":[{"count":1,"href":"https:\/\/audiohypnosis.online\/sr\/wp-json\/wp\/v2\/product\/149542\/revisions"}],"predecessor-version":[{"id":153726,"href":"https:\/\/audiohypnosis.online\/sr\/wp-json\/wp\/v2\/product\/149542\/revisions\/153726"}],"wp:featuredmedia":[{"embeddable":true,"href":"https:\/\/audiohypnosis.online\/sr\/wp-json\/wp\/v2\/media\/149543"}],"wp:attachment":[{"href":"https:\/\/audiohypnosis.online\/sr\/wp-json\/wp\/v2\/media?parent=149542"}],"wp:term":[{"taxonomy":"language","embeddable":true,"href":"https:\/\/audiohypnosis.online\/sr\/wp-json\/wp\/v2\/language?post=149542"},{"taxonomy":"product_cat","embeddable":true,"href":"https:\/\/audiohypnosis.online\/sr\/wp-json\/wp\/v2\/product_cat?post=149542"},{"taxonomy":"product_tag","embeddable":true,"href":"https:\/\/audiohypnosis.online\/sr\/wp-json\/wp\/v2\/product_tag?post=149542"}],"curies":[{"name":"wp","href":"https:\/\/api.w.org\/{rel}","templated":true}]}}