{"id":149500,"date":"2023-10-14T09:09:09","date_gmt":"2023-10-14T07:09:09","guid":{"rendered":"https:\/\/audiohypnosis.online\/product\/%d0%bc%d0%b8%d0%b3%d1%80%d0%b5%d0%bd%d0%b5\/"},"modified":"2024-02-01T16:16:27","modified_gmt":"2024-02-01T15:16:27","slug":"migrene","status":"publish","type":"product","link":"https:\/\/audiohypnosis.online\/sr\/\u043f\u0440\u043e\u0438\u0437\u0432\u043e\u0434\/migrene\/","title":{"rendered":"Migrene"},"content":{"rendered":"<p>Umorni ste od migrena koje ometaju va\u0161 \u017eivot? Na\u0161e sesije audio hipnoze se fokusiraju na upravljanje bolom i olak\u0161anje. Dobi\u0107ete 6 audio datoteka za preuzimanje i uputstvo za najbolje prakse koje \u0107e vam pomo\u0107i da upravljate simptomima.<\/p>\n","protected":false},"excerpt":{"rendered":"<p>Treba vam olak\u0161anje od migrene?<\/p>\n","protected":false},"featured_media":149501,"comment_status":"closed","ping_status":"closed","template":"","meta":[],"language":[2426,2425,3061,2419,2407,2420,2766,2745],"product_cat":[2237],"product_tag":[2423,2804,2803,2776],"class_list":{"0":"post-149500","1":"product","2":"type-product","3":"status-publish","4":"has-post-thumbnail","6":"language-engleski","7":"language-francuski","8":"language-it-sr","9":"language-nemacki","10":"language-nizozemski","11":"language-spanski","12":"language-2766","13":"language-2745","14":"product_cat-zdravlje-i-blagostanje","15":"product_tag-zdravlje","16":"product_tag--sr","17":"product_tag-2803","18":"product_tag-2776","19":"pa_languages-3649","20":"pa_languages-3653","21":"pa_languages-3652","22":"pa_languages-3651","23":"pa_languages-3655","24":"pa_languages-3656","25":"pa_languages-3907","26":"pa_languages-3650","27":"pa_languages--sr","28":"pa_languages-3657","30":"entry","31":"has-media","33":"first","34":"instock","35":"purchasable","36":"product-type-variable","37":"has-product-nav","38":"col","39":"span_1_of_4","40":"owp-content-center","41":"owp-thumbs-layout-horizontal","42":"owp-btn-big","43":"owp-tabs-layout-vertical","44":"has-no-thumbnails"},"acf":[],"aioseo_notices":[],"_links":{"self":[{"href":"https:\/\/audiohypnosis.online\/sr\/wp-json\/wp\/v2\/product\/149500","targetHints":{"allow":["GET"]}}],"collection":[{"href":"https:\/\/audiohypnosis.online\/sr\/wp-json\/wp\/v2\/product"}],"about":[{"href":"https:\/\/audiohypnosis.online\/sr\/wp-json\/wp\/v2\/types\/product"}],"replies":[{"embeddable":true,"href":"https:\/\/audiohypnosis.online\/sr\/wp-json\/wp\/v2\/comments?post=149500"}],"version-history":[{"count":1,"href":"https:\/\/audiohypnosis.online\/sr\/wp-json\/wp\/v2\/product\/149500\/revisions"}],"predecessor-version":[{"id":153739,"href":"https:\/\/audiohypnosis.online\/sr\/wp-json\/wp\/v2\/product\/149500\/revisions\/153739"}],"wp:featuredmedia":[{"embeddable":true,"href":"https:\/\/audiohypnosis.online\/sr\/wp-json\/wp\/v2\/media\/149501"}],"wp:attachment":[{"href":"https:\/\/audiohypnosis.online\/sr\/wp-json\/wp\/v2\/media?parent=149500"}],"wp:term":[{"taxonomy":"language","embeddable":true,"href":"https:\/\/audiohypnosis.online\/sr\/wp-json\/wp\/v2\/language?post=149500"},{"taxonomy":"product_cat","embeddable":true,"href":"https:\/\/audiohypnosis.online\/sr\/wp-json\/wp\/v2\/product_cat?post=149500"},{"taxonomy":"product_tag","embeddable":true,"href":"https:\/\/audiohypnosis.online\/sr\/wp-json\/wp\/v2\/product_tag?post=149500"}],"curies":[{"name":"wp","href":"https:\/\/api.w.org\/{rel}","templated":true}]}}