{"id":149461,"date":"2023-10-14T09:09:09","date_gmt":"2023-10-14T07:09:09","guid":{"rendered":"https:\/\/audiohypnosis.online\/product\/%d0%bc%d0%b0%d1%9a%d0%b8-%d1%83%d0%bd%d0%be%d1%81-%d1%88%d0%b5%d1%9b%d0%b5%d1%80%d0%b0\/"},"modified":"2024-02-01T16:14:17","modified_gmt":"2024-02-01T15:14:17","slug":"manji-unos-secera","status":"publish","type":"product","link":"https:\/\/audiohypnosis.online\/sr\/\u043f\u0440\u043e\u0438\u0437\u0432\u043e\u0434\/manji-unos-secera\/","title":{"rendered":"Manji unos \u0161e\u0107era"},"content":{"rendered":"<p>Borite se da smanjite potro\u0161nju \u0161e\u0107era? Na\u0161e sesije audio hipnoze mogu vam pomo\u0107i da donesete zdravije izbore u ishrani. Dobi\u0107ete 6 audio datoteka za preuzimanje i uputstvo za najbolje rezultate.<\/p>\n","protected":false},"excerpt":{"rendered":"<p>Poku\u0161avate da smanjite unos \u0161e\u0107era?<\/p>\n","protected":false},"featured_media":149462,"comment_status":"closed","ping_status":"closed","template":"","meta":[],"language":[2425,2407,2766],"product_cat":[2243],"product_tag":[2428,3343,2427,2799,2800],"class_list":{"0":"post-149461","1":"product","2":"type-product","3":"status-publish","4":"has-post-thumbnail","6":"language-francuski","7":"language-nizozemski","8":"language-2766","9":"product_cat-tezina","10":"product_tag-dobrobit","11":"product_tag-samokontrola-sr","12":"product_tag-zdravlje-sr","13":"product_tag-2799","14":"product_tag-2800","15":"pa_languages-3655","16":"pa_languages-3650","17":"pa_languages--sr","19":"entry","20":"has-media","22":"first","23":"instock","24":"purchasable","25":"product-type-variable","26":"has-product-nav","27":"col","28":"span_1_of_4","29":"owp-content-center","30":"owp-thumbs-layout-horizontal","31":"owp-btn-big","32":"owp-tabs-layout-vertical","33":"has-no-thumbnails"},"acf":[],"aioseo_notices":[],"_links":{"self":[{"href":"https:\/\/audiohypnosis.online\/sr\/wp-json\/wp\/v2\/product\/149461","targetHints":{"allow":["GET"]}}],"collection":[{"href":"https:\/\/audiohypnosis.online\/sr\/wp-json\/wp\/v2\/product"}],"about":[{"href":"https:\/\/audiohypnosis.online\/sr\/wp-json\/wp\/v2\/types\/product"}],"replies":[{"embeddable":true,"href":"https:\/\/audiohypnosis.online\/sr\/wp-json\/wp\/v2\/comments?post=149461"}],"version-history":[{"count":1,"href":"https:\/\/audiohypnosis.online\/sr\/wp-json\/wp\/v2\/product\/149461\/revisions"}],"predecessor-version":[{"id":153738,"href":"https:\/\/audiohypnosis.online\/sr\/wp-json\/wp\/v2\/product\/149461\/revisions\/153738"}],"wp:featuredmedia":[{"embeddable":true,"href":"https:\/\/audiohypnosis.online\/sr\/wp-json\/wp\/v2\/media\/149462"}],"wp:attachment":[{"href":"https:\/\/audiohypnosis.online\/sr\/wp-json\/wp\/v2\/media?parent=149461"}],"wp:term":[{"taxonomy":"language","embeddable":true,"href":"https:\/\/audiohypnosis.online\/sr\/wp-json\/wp\/v2\/language?post=149461"},{"taxonomy":"product_cat","embeddable":true,"href":"https:\/\/audiohypnosis.online\/sr\/wp-json\/wp\/v2\/product_cat?post=149461"},{"taxonomy":"product_tag","embeddable":true,"href":"https:\/\/audiohypnosis.online\/sr\/wp-json\/wp\/v2\/product_tag?post=149461"}],"curies":[{"name":"wp","href":"https:\/\/api.w.org\/{rel}","templated":true}]}}