{"id":149425,"date":"2023-10-14T09:09:09","date_gmt":"2023-10-14T07:09:09","guid":{"rendered":"https:\/\/audiohypnosis.online\/product\/%d0%bc%d0%b0%d1%9a%d0%b5-%d0%b1%d1%80%d0%b8%d0%b3%d0%b5\/"},"modified":"2024-02-01T16:12:11","modified_gmt":"2024-02-01T15:12:11","slug":"manje-brige","status":"publish","type":"product","link":"https:\/\/audiohypnosis.online\/sr\/\u043f\u0440\u043e\u0438\u0437\u0432\u043e\u0434\/manje-brige\/","title":{"rendered":"Manje brige"},"content":{"rendered":"<p>Preterano brinete? Na\u0161e MP3 audio-hipnoze mogu vam pomo\u0107i da usvojite opu\u0161teniji pristup \u017eivotu. Paket uklju\u010duje 6 audio datoteka i priru\u010dnik koji \u0107e vas voditi ka manje stresa i vi\u0161e mira.<\/p>\n","protected":false},"excerpt":{"rendered":"<p>\u017delite da manje brinete i \u017eivite vi\u0161e?<\/p>\n","protected":false},"featured_media":149426,"comment_status":"closed","ping_status":"closed","template":"","meta":[],"language":[2425,2419,2407,2766],"product_cat":[2234],"product_tag":[2414,2757,3304,2756,2796],"class_list":{"0":"post-149425","1":"product","2":"type-product","3":"status-publish","4":"has-post-thumbnail","6":"language-francuski","7":"language-nemacki","8":"language-nizozemski","9":"language-2766","10":"product_cat-emocionalno-blagostanje","11":"product_tag-anksioznost","12":"product_tag-samo-briga","13":"product_tag-stres-sr","14":"product_tag-2756","15":"product_tag-2796","16":"pa_languages-3651","17":"pa_languages-3655","18":"pa_languages-3650","19":"pa_languages--sr","21":"entry","22":"has-media","24":"first","25":"instock","26":"purchasable","27":"product-type-variable","28":"has-product-nav","29":"col","30":"span_1_of_4","31":"owp-content-center","32":"owp-thumbs-layout-horizontal","33":"owp-btn-big","34":"owp-tabs-layout-vertical","35":"has-no-thumbnails"},"acf":[],"aioseo_notices":[],"_links":{"self":[{"href":"https:\/\/audiohypnosis.online\/sr\/wp-json\/wp\/v2\/product\/149425","targetHints":{"allow":["GET"]}}],"collection":[{"href":"https:\/\/audiohypnosis.online\/sr\/wp-json\/wp\/v2\/product"}],"about":[{"href":"https:\/\/audiohypnosis.online\/sr\/wp-json\/wp\/v2\/types\/product"}],"replies":[{"embeddable":true,"href":"https:\/\/audiohypnosis.online\/sr\/wp-json\/wp\/v2\/comments?post=149425"}],"version-history":[{"count":1,"href":"https:\/\/audiohypnosis.online\/sr\/wp-json\/wp\/v2\/product\/149425\/revisions"}],"predecessor-version":[{"id":153737,"href":"https:\/\/audiohypnosis.online\/sr\/wp-json\/wp\/v2\/product\/149425\/revisions\/153737"}],"wp:featuredmedia":[{"embeddable":true,"href":"https:\/\/audiohypnosis.online\/sr\/wp-json\/wp\/v2\/media\/149426"}],"wp:attachment":[{"href":"https:\/\/audiohypnosis.online\/sr\/wp-json\/wp\/v2\/media?parent=149425"}],"wp:term":[{"taxonomy":"language","embeddable":true,"href":"https:\/\/audiohypnosis.online\/sr\/wp-json\/wp\/v2\/language?post=149425"},{"taxonomy":"product_cat","embeddable":true,"href":"https:\/\/audiohypnosis.online\/sr\/wp-json\/wp\/v2\/product_cat?post=149425"},{"taxonomy":"product_tag","embeddable":true,"href":"https:\/\/audiohypnosis.online\/sr\/wp-json\/wp\/v2\/product_tag?post=149425"}],"curies":[{"name":"wp","href":"https:\/\/api.w.org\/{rel}","templated":true}]}}