{"id":149389,"date":"2023-10-14T09:09:09","date_gmt":"2023-10-14T07:09:09","guid":{"rendered":"https:\/\/audiohypnosis.online\/product\/%d0%b2%d0%b8%d0%bd%d0%bd%d0%b5%d1%80%d1%81-%d0%bc%d0%b8%d0%bd%d0%b4%d1%81%d0%b5%d1%82\/"},"modified":"2024-02-01T16:24:42","modified_gmt":"2024-02-01T15:24:42","slug":"pobednicki-mentalitet","status":"publish","type":"product","link":"https:\/\/audiohypnosis.online\/sr\/\u043f\u0440\u043e\u0438\u0437\u0432\u043e\u0434\/pobednicki-mentalitet\/","title":{"rendered":"Pobedni\u010dki mentalitet"},"content":{"rendered":"<p>Krenite na transformaciono putovanje uz na\u0161u hipnozu &#8216;Pobedni\u010dko razmi\u0161ljanje&#8217; MP3.<\/p>\n<p>Ova stru\u010dno izra\u0111ena audio sesija je dizajnirana da promeni va\u0161e misaone obrasce, podsti\u010du\u0107i nepokolebljivo samopouzdanje i fokusiran na\u010din razmi\u0161ljanja usmeren ka uspehu.<\/p>\n<p>Idealno za sve one koji \u017eele da prevazi\u0111u mentalne prepreke i ostvare svoj puni potencijal, ovaj MP3 je va\u0161 trampolin ka li\u010dnom i profesionalnom trijumfu.<\/p>\n<p>Iskusite mo\u0107 pozitivnih promena i po\u010dnite ostvarivati svoje snove ve\u0107 danas!<\/p>\n","protected":false},"excerpt":{"rendered":"<p>Da li tra\u017eite pobedni\u010dki mentalitet?<\/p>\n","protected":false},"featured_media":149390,"comment_status":"closed","ping_status":"closed","template":"","meta":[],"language":[2426,2425,2419,2407,2420,2766],"product_cat":[2239],"product_tag":[2431,3314,2793,2771,2794],"class_list":{"0":"post-149389","1":"product","2":"type-product","3":"status-publish","4":"has-post-thumbnail","6":"language-engleski","7":"language-francuski","8":"language-nemacki","9":"language-nizozemski","10":"language-spanski","11":"language-2766","12":"product_cat-samopoboljsanje","13":"product_tag-motivacija","14":"product_tag-selfimprovement-sr","15":"product_tag-2793","16":"product_tag-2771","17":"product_tag--sr","18":"pa_languages-3649","19":"pa_languages-3652","20":"pa_languages-3651","21":"pa_languages-3654","22":"pa_languages-3655","23":"pa_languages-3907","24":"pa_languages-3650","25":"pa_languages--sr","26":"pa_languages-3657","28":"entry","29":"has-media","31":"first","32":"instock","33":"purchasable","34":"product-type-variable","35":"has-product-nav","36":"col","37":"span_1_of_4","38":"owp-content-center","39":"owp-thumbs-layout-horizontal","40":"owp-btn-big","41":"owp-tabs-layout-vertical","42":"has-no-thumbnails"},"acf":[],"aioseo_notices":[],"_links":{"self":[{"href":"https:\/\/audiohypnosis.online\/sr\/wp-json\/wp\/v2\/product\/149389","targetHints":{"allow":["GET"]}}],"collection":[{"href":"https:\/\/audiohypnosis.online\/sr\/wp-json\/wp\/v2\/product"}],"about":[{"href":"https:\/\/audiohypnosis.online\/sr\/wp-json\/wp\/v2\/types\/product"}],"replies":[{"embeddable":true,"href":"https:\/\/audiohypnosis.online\/sr\/wp-json\/wp\/v2\/comments?post=149389"}],"version-history":[{"count":1,"href":"https:\/\/audiohypnosis.online\/sr\/wp-json\/wp\/v2\/product\/149389\/revisions"}],"predecessor-version":[{"id":153742,"href":"https:\/\/audiohypnosis.online\/sr\/wp-json\/wp\/v2\/product\/149389\/revisions\/153742"}],"wp:featuredmedia":[{"embeddable":true,"href":"https:\/\/audiohypnosis.online\/sr\/wp-json\/wp\/v2\/media\/149390"}],"wp:attachment":[{"href":"https:\/\/audiohypnosis.online\/sr\/wp-json\/wp\/v2\/media?parent=149389"}],"wp:term":[{"taxonomy":"language","embeddable":true,"href":"https:\/\/audiohypnosis.online\/sr\/wp-json\/wp\/v2\/language?post=149389"},{"taxonomy":"product_cat","embeddable":true,"href":"https:\/\/audiohypnosis.online\/sr\/wp-json\/wp\/v2\/product_cat?post=149389"},{"taxonomy":"product_tag","embeddable":true,"href":"https:\/\/audiohypnosis.online\/sr\/wp-json\/wp\/v2\/product_tag?post=149389"}],"curies":[{"name":"wp","href":"https:\/\/api.w.org\/{rel}","templated":true}]}}