{"id":149354,"date":"2023-10-14T09:09:09","date_gmt":"2023-10-14T07:09:09","guid":{"rendered":"https:\/\/audiohypnosis.online\/product\/%d0%bd%d0%be%d1%9b%d0%bd%d0%b5-%d0%bc%d0%be%d1%80%d0%b5\/"},"modified":"2024-02-01T16:21:32","modified_gmt":"2024-02-01T15:21:32","slug":"nocne-more","status":"publish","type":"product","link":"https:\/\/audiohypnosis.online\/sr\/\u043f\u0440\u043e\u0438\u0437\u0432\u043e\u0434\/nocne-more\/","title":{"rendered":"No\u0107ne more"},"content":{"rendered":"<p>Progonjen no\u0107nim morama? Na\u0161i MP3 audio-hipnoze su dizajnirani da vam pomognu da spavate mirnije. Dobi\u0107ete 6 audio datoteka za preuzimanje i uputstvo za najbolje prakse za pobolj\u0161anje kvaliteta spavanja.<\/p>\n","protected":false},"excerpt":{"rendered":"<p>Borite se sa no\u0107nim morama koje se ponavljaju?<\/p>\n","protected":false},"featured_media":149355,"comment_status":"closed","ping_status":"closed","template":"","meta":[],"language":[2425,2419,2407,2766],"product_cat":[2241],"product_tag":[2428,2427,2756,2792,2744],"class_list":{"0":"post-149354","1":"product","2":"type-product","3":"status-publish","4":"has-post-thumbnail","6":"language-francuski","7":"language-nemacki","8":"language-nizozemski","9":"language-2766","10":"product_cat-san","11":"product_tag-dobrobit","12":"product_tag-zdravlje-sr","13":"product_tag-2756","14":"product_tag-2792","15":"product_tag-2744","16":"pa_languages-3651","17":"pa_languages-3655","18":"pa_languages-3650","19":"pa_languages--sr","21":"entry","22":"has-media","24":"first","25":"instock","26":"purchasable","27":"product-type-variable","28":"has-product-nav","29":"col","30":"span_1_of_4","31":"owp-content-center","32":"owp-thumbs-layout-horizontal","33":"owp-btn-big","34":"owp-tabs-layout-vertical","35":"has-no-thumbnails"},"acf":[],"aioseo_notices":[],"_links":{"self":[{"href":"https:\/\/audiohypnosis.online\/sr\/wp-json\/wp\/v2\/product\/149354","targetHints":{"allow":["GET"]}}],"collection":[{"href":"https:\/\/audiohypnosis.online\/sr\/wp-json\/wp\/v2\/product"}],"about":[{"href":"https:\/\/audiohypnosis.online\/sr\/wp-json\/wp\/v2\/types\/product"}],"replies":[{"embeddable":true,"href":"https:\/\/audiohypnosis.online\/sr\/wp-json\/wp\/v2\/comments?post=149354"}],"version-history":[{"count":1,"href":"https:\/\/audiohypnosis.online\/sr\/wp-json\/wp\/v2\/product\/149354\/revisions"}],"predecessor-version":[{"id":153741,"href":"https:\/\/audiohypnosis.online\/sr\/wp-json\/wp\/v2\/product\/149354\/revisions\/153741"}],"wp:featuredmedia":[{"embeddable":true,"href":"https:\/\/audiohypnosis.online\/sr\/wp-json\/wp\/v2\/media\/149355"}],"wp:attachment":[{"href":"https:\/\/audiohypnosis.online\/sr\/wp-json\/wp\/v2\/media?parent=149354"}],"wp:term":[{"taxonomy":"language","embeddable":true,"href":"https:\/\/audiohypnosis.online\/sr\/wp-json\/wp\/v2\/language?post=149354"},{"taxonomy":"product_cat","embeddable":true,"href":"https:\/\/audiohypnosis.online\/sr\/wp-json\/wp\/v2\/product_cat?post=149354"},{"taxonomy":"product_tag","embeddable":true,"href":"https:\/\/audiohypnosis.online\/sr\/wp-json\/wp\/v2\/product_tag?post=149354"}],"curies":[{"name":"wp","href":"https:\/\/api.w.org\/{rel}","templated":true}]}}