{"id":149318,"date":"2023-10-14T09:09:09","date_gmt":"2023-10-14T07:09:09","guid":{"rendered":"https:\/\/audiohypnosis.online\/product\/%d0%b3%d1%80%d0%b8%d1%86%d0%ba%d0%b0%d1%9a%d0%b5-%d0%bd%d0%be%d0%ba%d1%82%d0%b8%d1%98%d1%83\/"},"modified":"2024-02-01T16:19:26","modified_gmt":"2024-02-01T15:19:26","slug":"grizenje-noktiju","status":"publish","type":"product","link":"https:\/\/audiohypnosis.online\/sr\/\u043f\u0440\u043e\u0438\u0437\u0432\u043e\u0434\/grizenje-noktiju\/","title":{"rendered":"Grizenje noktiju"},"content":{"rendered":"<p>\u017delite da napustite naviku grizenja noktiju? Na\u0161i MP3 audio hipnoterapijski sadr\u017eaji mogu vam pomo\u0107i da steknete kontrolu nad ovom navikom. Dobi\u0107ete pristup 6 audio datoteka za preuzimanje i priru\u010dnik za efikasne ve\u017ebe.<\/p>\n","protected":false},"excerpt":{"rendered":"<p>\u017delite da prestanete da grizete nokte?<\/p>\n","protected":false},"featured_media":149319,"comment_status":"closed","ping_status":"closed","template":"","meta":[],"language":[2426,2407],"product_cat":[2233],"product_tag":[2428,3343,2427,2789,2788],"class_list":{"0":"post-149318","1":"product","2":"type-product","3":"status-publish","4":"has-post-thumbnail","6":"language-engleski","7":"language-nizozemski","8":"product_cat-lose-navike","9":"product_tag-dobrobit","10":"product_tag-samokontrola-sr","11":"product_tag-zdravlje-sr","12":"product_tag-2789","13":"product_tag-2788","14":"pa_languages-3649","15":"pa_languages-3907","16":"pa_languages--sr","18":"entry","19":"has-media","21":"first","22":"instock","23":"purchasable","24":"product-type-variable","25":"has-product-nav","26":"col","27":"span_1_of_4","28":"owp-content-center","29":"owp-thumbs-layout-horizontal","30":"owp-btn-big","31":"owp-tabs-layout-vertical","32":"has-no-thumbnails"},"acf":[],"aioseo_notices":[],"_links":{"self":[{"href":"https:\/\/audiohypnosis.online\/sr\/wp-json\/wp\/v2\/product\/149318","targetHints":{"allow":["GET"]}}],"collection":[{"href":"https:\/\/audiohypnosis.online\/sr\/wp-json\/wp\/v2\/product"}],"about":[{"href":"https:\/\/audiohypnosis.online\/sr\/wp-json\/wp\/v2\/types\/product"}],"replies":[{"embeddable":true,"href":"https:\/\/audiohypnosis.online\/sr\/wp-json\/wp\/v2\/comments?post=149318"}],"version-history":[{"count":1,"href":"https:\/\/audiohypnosis.online\/sr\/wp-json\/wp\/v2\/product\/149318\/revisions"}],"predecessor-version":[{"id":153740,"href":"https:\/\/audiohypnosis.online\/sr\/wp-json\/wp\/v2\/product\/149318\/revisions\/153740"}],"wp:featuredmedia":[{"embeddable":true,"href":"https:\/\/audiohypnosis.online\/sr\/wp-json\/wp\/v2\/media\/149319"}],"wp:attachment":[{"href":"https:\/\/audiohypnosis.online\/sr\/wp-json\/wp\/v2\/media?parent=149318"}],"wp:term":[{"taxonomy":"language","embeddable":true,"href":"https:\/\/audiohypnosis.online\/sr\/wp-json\/wp\/v2\/language?post=149318"},{"taxonomy":"product_cat","embeddable":true,"href":"https:\/\/audiohypnosis.online\/sr\/wp-json\/wp\/v2\/product_cat?post=149318"},{"taxonomy":"product_tag","embeddable":true,"href":"https:\/\/audiohypnosis.online\/sr\/wp-json\/wp\/v2\/product_tag?post=149318"}],"curies":[{"name":"wp","href":"https:\/\/api.w.org\/{rel}","templated":true}]}}