{"id":149280,"date":"2023-10-14T09:09:09","date_gmt":"2023-10-14T07:09:09","guid":{"rendered":"https:\/\/audiohypnosis.online\/product\/%d0%bf%d1%80%d0%b5%d0%ba%d0%be%d0%bc%d0%b5%d1%80%d0%bd%d0%be-%d0%b7%d0%bd%d0%be%d1%98%d0%b5%d1%9a%d0%b5\/"},"modified":"2024-02-01T16:09:20","modified_gmt":"2024-02-01T15:09:20","slug":"prekomerno-znojenje","status":"publish","type":"product","link":"https:\/\/audiohypnosis.online\/sr\/\u043f\u0440\u043e\u0438\u0437\u0432\u043e\u0434\/prekomerno-znojenje\/","title":{"rendered":"Prekomerno znojenje"},"content":{"rendered":"<p>Zabrinuti ste zbog prekomernog znojenja? Na\u0161e sesije audio hipnoze nude na\u010din za bolje upravljanje ovim stanjem. Dobijte pristup 6 audio datoteka za preuzimanje i priru\u010dnik za najbolje prakse.<\/p>\n","protected":false},"excerpt":{"rendered":"<p>Borite se sa prekomernim znojenjem?<\/p>\n","protected":false},"featured_media":149281,"comment_status":"closed","ping_status":"closed","template":"","meta":[],"language":[2426,2425,2419,2407,2420,2745],"product_cat":[2237],"product_tag":[2428,3343,2427,2783,2784],"class_list":{"0":"post-149280","1":"product","2":"type-product","3":"status-publish","4":"has-post-thumbnail","6":"language-engleski","7":"language-francuski","8":"language-nemacki","9":"language-nizozemski","10":"language-spanski","11":"language-2745","12":"product_cat-zdravlje-i-blagostanje","13":"product_tag-dobrobit","14":"product_tag-samokontrola-sr","15":"product_tag-zdravlje-sr","16":"product_tag-2783","17":"product_tag-2784","18":"pa_languages-3649","19":"pa_languages-3651","20":"pa_languages-3654","21":"pa_languages-3656","22":"pa_languages-3907","23":"pa_languages-3650","24":"pa_languages--sr","25":"pa_languages-3657","27":"entry","28":"has-media","30":"first","31":"instock","32":"purchasable","33":"product-type-variable","34":"has-product-nav","35":"col","36":"span_1_of_4","37":"owp-content-center","38":"owp-thumbs-layout-horizontal","39":"owp-btn-big","40":"owp-tabs-layout-vertical","41":"has-no-thumbnails"},"acf":[],"aioseo_notices":[],"_links":{"self":[{"href":"https:\/\/audiohypnosis.online\/sr\/wp-json\/wp\/v2\/product\/149280","targetHints":{"allow":["GET"]}}],"collection":[{"href":"https:\/\/audiohypnosis.online\/sr\/wp-json\/wp\/v2\/product"}],"about":[{"href":"https:\/\/audiohypnosis.online\/sr\/wp-json\/wp\/v2\/types\/product"}],"replies":[{"embeddable":true,"href":"https:\/\/audiohypnosis.online\/sr\/wp-json\/wp\/v2\/comments?post=149280"}],"version-history":[{"count":2,"href":"https:\/\/audiohypnosis.online\/sr\/wp-json\/wp\/v2\/product\/149280\/revisions"}],"predecessor-version":[{"id":153736,"href":"https:\/\/audiohypnosis.online\/sr\/wp-json\/wp\/v2\/product\/149280\/revisions\/153736"}],"wp:featuredmedia":[{"embeddable":true,"href":"https:\/\/audiohypnosis.online\/sr\/wp-json\/wp\/v2\/media\/149281"}],"wp:attachment":[{"href":"https:\/\/audiohypnosis.online\/sr\/wp-json\/wp\/v2\/media?parent=149280"}],"wp:term":[{"taxonomy":"language","embeddable":true,"href":"https:\/\/audiohypnosis.online\/sr\/wp-json\/wp\/v2\/language?post=149280"},{"taxonomy":"product_cat","embeddable":true,"href":"https:\/\/audiohypnosis.online\/sr\/wp-json\/wp\/v2\/product_cat?post=149280"},{"taxonomy":"product_tag","embeddable":true,"href":"https:\/\/audiohypnosis.online\/sr\/wp-json\/wp\/v2\/product_tag?post=149280"}],"curies":[{"name":"wp","href":"https:\/\/api.w.org\/{rel}","templated":true}]}}