{"id":149214,"date":"2023-10-14T09:09:13","date_gmt":"2023-10-14T07:09:13","guid":{"rendered":"https:\/\/audiohypnosis.online\/product\/%d0%bf%d1%80%d0%b5%d1%82%d0%b5%d1%80%d0%b0%d0%bd%d0%be-%d1%80%d0%b0%d0%b7%d0%bc%d0%b8%d1%88%d1%99%d0%b0%d1%9a%d0%b5\/"},"modified":"2024-02-01T13:40:16","modified_gmt":"2024-02-01T12:40:16","slug":"preterano-razmisljanje","status":"publish","type":"product","link":"https:\/\/audiohypnosis.online\/sr\/\u043f\u0440\u043e\u0438\u0437\u0432\u043e\u0434\/preterano-razmisljanje\/","title":{"rendered":"Preterano razmi\u0161ljanje"},"content":{"rendered":"<p>Uhva\u0107eni u petlju preteranog razmi\u0161ljanja? Na\u0161i MP3 audio hipnoze mogu vam pomo\u0107i da se oslobodite i fokusirate na ono \u0161to je zaista va\u017eno. Paket uklju\u010duje 6 audio datoteka i uputstvo za efikasno kori\u0161\u0107enje.<\/p>\n","protected":false},"excerpt":{"rendered":"<p>Zaglavljeni u petlji previ\u0161e razmi\u0161ljanja?<\/p>\n","protected":false},"featured_media":149215,"comment_status":"closed","ping_status":"closed","template":"","meta":[],"language":[2425,2407],"product_cat":[2234],"product_tag":[2414,2757,3304,2756,2778],"class_list":{"0":"post-149214","1":"product","2":"type-product","3":"status-publish","4":"has-post-thumbnail","6":"language-francuski","7":"language-nizozemski","8":"product_cat-emocionalno-blagostanje","9":"product_tag-anksioznost","10":"product_tag-samo-briga","11":"product_tag-stres-sr","12":"product_tag-2756","13":"product_tag-2778","14":"pa_languages-3651","15":"pa_languages-3650","16":"pa_languages--sr","18":"entry","19":"has-media","21":"first","22":"instock","23":"purchasable","24":"product-type-variable","25":"has-product-nav","26":"col","27":"span_1_of_4","28":"owp-content-center","29":"owp-thumbs-layout-horizontal","30":"owp-btn-big","31":"owp-tabs-layout-vertical","32":"has-no-thumbnails"},"acf":[],"aioseo_notices":[],"_links":{"self":[{"href":"https:\/\/audiohypnosis.online\/sr\/wp-json\/wp\/v2\/product\/149214","targetHints":{"allow":["GET"]}}],"collection":[{"href":"https:\/\/audiohypnosis.online\/sr\/wp-json\/wp\/v2\/product"}],"about":[{"href":"https:\/\/audiohypnosis.online\/sr\/wp-json\/wp\/v2\/types\/product"}],"replies":[{"embeddable":true,"href":"https:\/\/audiohypnosis.online\/sr\/wp-json\/wp\/v2\/comments?post=149214"}],"version-history":[{"count":1,"href":"https:\/\/audiohypnosis.online\/sr\/wp-json\/wp\/v2\/product\/149214\/revisions"}],"predecessor-version":[{"id":153716,"href":"https:\/\/audiohypnosis.online\/sr\/wp-json\/wp\/v2\/product\/149214\/revisions\/153716"}],"wp:featuredmedia":[{"embeddable":true,"href":"https:\/\/audiohypnosis.online\/sr\/wp-json\/wp\/v2\/media\/149215"}],"wp:attachment":[{"href":"https:\/\/audiohypnosis.online\/sr\/wp-json\/wp\/v2\/media?parent=149214"}],"wp:term":[{"taxonomy":"language","embeddable":true,"href":"https:\/\/audiohypnosis.online\/sr\/wp-json\/wp\/v2\/language?post=149214"},{"taxonomy":"product_cat","embeddable":true,"href":"https:\/\/audiohypnosis.online\/sr\/wp-json\/wp\/v2\/product_cat?post=149214"},{"taxonomy":"product_tag","embeddable":true,"href":"https:\/\/audiohypnosis.online\/sr\/wp-json\/wp\/v2\/product_tag?post=149214"}],"curies":[{"name":"wp","href":"https:\/\/api.w.org\/{rel}","templated":true}]}}