{"id":149183,"date":"2023-10-14T09:09:13","date_gmt":"2023-10-14T07:09:13","guid":{"rendered":"https:\/\/audiohypnosis.online\/product\/%d0%b1%d0%be%d0%bb%d0%bd%d0%b8-%d0%bf%d0%b5%d1%80%d0%b8%d0%be%d0%b4%d0%b8\/"},"modified":"2024-02-01T13:38:11","modified_gmt":"2024-02-01T12:38:11","slug":"bolni-periodi","status":"publish","type":"product","link":"https:\/\/audiohypnosis.online\/sr\/\u043f\u0440\u043e\u0438\u0437\u0432\u043e\u0434\/bolni-periodi\/","title":{"rendered":"Bolni periodi"},"content":{"rendered":"<p>Da li se borite sa bolnim menstruacijama? Na\u0161a MP3 audio hipnoza se fokusira na upravljanje bolom i ubla\u017eavanje bola tokom menstruacije. Paket uklju\u010duje 6 audio datoteka i uputstvo za efikasno kori\u0161\u0107enje.<\/p>\n","protected":false},"excerpt":{"rendered":"<p>Treba li vam olak\u0161anje od bolnih menstruacija?<\/p>\n","protected":false},"featured_media":149184,"comment_status":"closed","ping_status":"closed","template":"","meta":[],"language":[2426,2425,3061,2419,2407,2420,2745],"product_cat":[2237],"product_tag":[2423,2777,2774,2775,2776],"class_list":{"0":"post-149183","1":"product","2":"type-product","3":"status-publish","4":"has-post-thumbnail","6":"language-engleski","7":"language-francuski","8":"language-it-sr","9":"language-nemacki","10":"language-nizozemski","11":"language-spanski","12":"language-2745","13":"product_cat-zdravlje-i-blagostanje","14":"product_tag-zdravlje","15":"product_tag-2777","16":"product_tag-2774","17":"product_tag-2775","18":"product_tag-2776","19":"pa_languages-3649","20":"pa_languages-3653","21":"pa_languages-3652","22":"pa_languages-3651","23":"pa_languages-3656","24":"pa_languages-3907","25":"pa_languages-3650","26":"pa_languages--sr","27":"pa_languages-3657","29":"entry","30":"has-media","32":"first","33":"instock","34":"purchasable","35":"product-type-variable","36":"has-product-nav","37":"col","38":"span_1_of_4","39":"owp-content-center","40":"owp-thumbs-layout-horizontal","41":"owp-btn-big","42":"owp-tabs-layout-vertical","43":"has-no-thumbnails"},"acf":[],"aioseo_notices":[],"_links":{"self":[{"href":"https:\/\/audiohypnosis.online\/sr\/wp-json\/wp\/v2\/product\/149183","targetHints":{"allow":["GET"]}}],"collection":[{"href":"https:\/\/audiohypnosis.online\/sr\/wp-json\/wp\/v2\/product"}],"about":[{"href":"https:\/\/audiohypnosis.online\/sr\/wp-json\/wp\/v2\/types\/product"}],"replies":[{"embeddable":true,"href":"https:\/\/audiohypnosis.online\/sr\/wp-json\/wp\/v2\/comments?post=149183"}],"version-history":[{"count":1,"href":"https:\/\/audiohypnosis.online\/sr\/wp-json\/wp\/v2\/product\/149183\/revisions"}],"predecessor-version":[{"id":153715,"href":"https:\/\/audiohypnosis.online\/sr\/wp-json\/wp\/v2\/product\/149183\/revisions\/153715"}],"wp:featuredmedia":[{"embeddable":true,"href":"https:\/\/audiohypnosis.online\/sr\/wp-json\/wp\/v2\/media\/149184"}],"wp:attachment":[{"href":"https:\/\/audiohypnosis.online\/sr\/wp-json\/wp\/v2\/media?parent=149183"}],"wp:term":[{"taxonomy":"language","embeddable":true,"href":"https:\/\/audiohypnosis.online\/sr\/wp-json\/wp\/v2\/language?post=149183"},{"taxonomy":"product_cat","embeddable":true,"href":"https:\/\/audiohypnosis.online\/sr\/wp-json\/wp\/v2\/product_cat?post=149183"},{"taxonomy":"product_tag","embeddable":true,"href":"https:\/\/audiohypnosis.online\/sr\/wp-json\/wp\/v2\/product_tag?post=149183"}],"curies":[{"name":"wp","href":"https:\/\/api.w.org\/{rel}","templated":true}]}}