{"id":149163,"date":"2023-10-14T09:09:13","date_gmt":"2023-10-14T07:09:13","guid":{"rendered":"https:\/\/audiohypnosis.online\/product\/%d0%bf%d0%be%d0%b7%d0%b8%d1%82%d0%b8%d0%b2%d0%bd%d0%b0-%d1%81%d0%bb%d0%b8%d0%ba%d0%b0-%d0%be-%d1%81%d0%b5%d0%b1%d0%b8\/"},"modified":"2024-02-01T13:36:02","modified_gmt":"2024-02-01T12:36:02","slug":"pozitivna-slika-o-sebi","status":"publish","type":"product","link":"https:\/\/audiohypnosis.online\/sr\/\u043f\u0440\u043e\u0438\u0437\u0432\u043e\u0434\/pozitivna-slika-o-sebi\/","title":{"rendered":"Pozitivna slika o sebi"},"content":{"rendered":"<div class=\"w-full text-token-text-primary\" data-testid=\"conversation-turn-77\">\n<div class=\"px-4 py-2 justify-center text-base md:gap-6 m-auto\">\n<div class=\"flex flex-1 text-base mx-auto gap-3 md:px-5 lg:px-1 xl:px-5 md:max-w-3xl lg:max-w-[40rem] xl:max-w-[48rem] group\">\n<div class=\"relative flex w-full flex-col lg:w-[calc(100%-115px)] agent-turn\">\n<div class=\"flex-col gap-1 md:gap-3\">\n<div class=\"flex flex-grow flex-col max-w-full\">\n<div class=\"min-h-[20px] text-message flex flex-col items-start gap-3 whitespace-pre-wrap break-words [.text-message+&amp;]:mt-5 overflow-x-auto\" data-message-author-role=\"assistant\" data-message-id=\"0e8b7fc2-e176-49c7-aa54-59fb1c848efd\">\n<div class=\"markdown prose w-full break-words dark:prose-invert light\">\n<p>\u017delite da pobolj\u0161ate svoju sliku o sebi? Na\u0161e sesije audio hipnoze nude put do ve\u0107e ljubavi prema sebi i samopouzdanja. Dobi\u0107ete pristup 6 audio datoteka za preuzimanje i priru\u010dniku za najbolje prakse.<\/p>\n<\/div>\n<\/div>\n<\/div>\n<\/div>\n<\/div>\n<\/div>\n<\/div>\n<\/div>\n","protected":false},"excerpt":{"rendered":"<p>\u017delite da pobolj\u0161ate svoju sliku o sebi?<\/p>\n","protected":false},"featured_media":149164,"comment_status":"closed","ping_status":"closed","template":"","meta":[],"language":[2425,2407,2766],"product_cat":[2239],"product_tag":[3314,2756,2773,2772,2771],"class_list":{"0":"post-149163","1":"product","2":"type-product","3":"status-publish","4":"has-post-thumbnail","6":"language-francuski","7":"language-nizozemski","8":"language-2766","9":"product_cat-samopoboljsanje","10":"product_tag-selfimprovement-sr","11":"product_tag-2756","12":"product_tag--sr","14":"product_tag-2771","15":"pa_languages-3655","16":"pa_languages-3650","17":"pa_languages--sr","19":"entry","20":"has-media","22":"first","23":"instock","24":"purchasable","25":"product-type-variable","26":"has-product-nav","27":"col","28":"span_1_of_4","29":"owp-content-center","30":"owp-thumbs-layout-horizontal","31":"owp-btn-big","32":"owp-tabs-layout-vertical","33":"has-no-thumbnails"},"acf":[],"aioseo_notices":[],"_links":{"self":[{"href":"https:\/\/audiohypnosis.online\/sr\/wp-json\/wp\/v2\/product\/149163","targetHints":{"allow":["GET"]}}],"collection":[{"href":"https:\/\/audiohypnosis.online\/sr\/wp-json\/wp\/v2\/product"}],"about":[{"href":"https:\/\/audiohypnosis.online\/sr\/wp-json\/wp\/v2\/types\/product"}],"replies":[{"embeddable":true,"href":"https:\/\/audiohypnosis.online\/sr\/wp-json\/wp\/v2\/comments?post=149163"}],"version-history":[{"count":1,"href":"https:\/\/audiohypnosis.online\/sr\/wp-json\/wp\/v2\/product\/149163\/revisions"}],"predecessor-version":[{"id":153714,"href":"https:\/\/audiohypnosis.online\/sr\/wp-json\/wp\/v2\/product\/149163\/revisions\/153714"}],"wp:featuredmedia":[{"embeddable":true,"href":"https:\/\/audiohypnosis.online\/sr\/wp-json\/wp\/v2\/media\/149164"}],"wp:attachment":[{"href":"https:\/\/audiohypnosis.online\/sr\/wp-json\/wp\/v2\/media?parent=149163"}],"wp:term":[{"taxonomy":"language","embeddable":true,"href":"https:\/\/audiohypnosis.online\/sr\/wp-json\/wp\/v2\/language?post=149163"},{"taxonomy":"product_cat","embeddable":true,"href":"https:\/\/audiohypnosis.online\/sr\/wp-json\/wp\/v2\/product_cat?post=149163"},{"taxonomy":"product_tag","embeddable":true,"href":"https:\/\/audiohypnosis.online\/sr\/wp-json\/wp\/v2\/product_tag?post=149163"}],"curies":[{"name":"wp","href":"https:\/\/api.w.org\/{rel}","templated":true}]}}