{"id":149123,"date":"2023-10-14T09:09:13","date_gmt":"2023-10-14T07:09:13","guid":{"rendered":"https:\/\/audiohypnosis.online\/product\/%d1%81%d1%82%d1%80%d0%b5%d1%81-%d0%bd%d0%b0-%d0%b8%d1%81%d0%bf%d0%b8%d1%82%d1%83-%d0%b2%d0%be%d0%b6%d1%9a%d0%b5\/"},"modified":"2024-02-01T13:15:17","modified_gmt":"2024-02-01T12:15:17","slug":"stres-na-ispitu-voznje","status":"publish","type":"product","link":"https:\/\/audiohypnosis.online\/sr\/\u043f\u0440\u043e\u0438\u0437\u0432\u043e\u0434\/stres-na-ispitu-voznje\/","title":{"rendered":"Stres na ispitu vo\u017enje"},"content":{"rendered":"<p>Nervozni ste zbog predstoje\u0107eg voza\u010dkog ispita? Na\u0161e sesije audio hipnoze su dizajnirane da ubla\u017ee stres i pobolj\u0161aju fokus. Dobi\u0107ete 6 audio datoteka za preuzimanje i uputstvo za najbolje rezultate.<\/p>\n","protected":false},"excerpt":{"rendered":"<p>Nervozan zbog svog voza\u010dkog ispita?<\/p>\n","protected":false},"featured_media":149124,"comment_status":"closed","ping_status":"closed","template":"","meta":[],"language":[2425,2419,2407,2766],"product_cat":[2239],"product_tag":[2414,3315,3304,2756,2765],"class_list":{"0":"post-149123","1":"product","2":"type-product","3":"status-publish","4":"has-post-thumbnail","6":"language-francuski","7":"language-nemacki","8":"language-nizozemski","9":"language-2766","10":"product_cat-samopoboljsanje","11":"product_tag-anksioznost","12":"product_tag-focus-sr","13":"product_tag-stres-sr","14":"product_tag-2756","15":"product_tag-2765","16":"pa_languages-3651","17":"pa_languages-3655","18":"pa_languages-3907","19":"pa_languages-3650","20":"pa_languages--sr","22":"entry","23":"has-media","25":"first","26":"instock","27":"purchasable","28":"product-type-variable","29":"has-product-nav","30":"col","31":"span_1_of_4","32":"owp-content-center","33":"owp-thumbs-layout-horizontal","34":"owp-btn-big","35":"owp-tabs-layout-vertical","36":"has-no-thumbnails"},"acf":[],"aioseo_notices":[],"_links":{"self":[{"href":"https:\/\/audiohypnosis.online\/sr\/wp-json\/wp\/v2\/product\/149123","targetHints":{"allow":["GET"]}}],"collection":[{"href":"https:\/\/audiohypnosis.online\/sr\/wp-json\/wp\/v2\/product"}],"about":[{"href":"https:\/\/audiohypnosis.online\/sr\/wp-json\/wp\/v2\/types\/product"}],"replies":[{"embeddable":true,"href":"https:\/\/audiohypnosis.online\/sr\/wp-json\/wp\/v2\/comments?post=149123"}],"version-history":[{"count":2,"href":"https:\/\/audiohypnosis.online\/sr\/wp-json\/wp\/v2\/product\/149123\/revisions"}],"predecessor-version":[{"id":153704,"href":"https:\/\/audiohypnosis.online\/sr\/wp-json\/wp\/v2\/product\/149123\/revisions\/153704"}],"wp:featuredmedia":[{"embeddable":true,"href":"https:\/\/audiohypnosis.online\/sr\/wp-json\/wp\/v2\/media\/149124"}],"wp:attachment":[{"href":"https:\/\/audiohypnosis.online\/sr\/wp-json\/wp\/v2\/media?parent=149123"}],"wp:term":[{"taxonomy":"language","embeddable":true,"href":"https:\/\/audiohypnosis.online\/sr\/wp-json\/wp\/v2\/language?post=149123"},{"taxonomy":"product_cat","embeddable":true,"href":"https:\/\/audiohypnosis.online\/sr\/wp-json\/wp\/v2\/product_cat?post=149123"},{"taxonomy":"product_tag","embeddable":true,"href":"https:\/\/audiohypnosis.online\/sr\/wp-json\/wp\/v2\/product_tag?post=149123"}],"curies":[{"name":"wp","href":"https:\/\/api.w.org\/{rel}","templated":true}]}}