{"id":149105,"date":"2023-10-14T09:09:13","date_gmt":"2023-10-14T07:09:13","guid":{"rendered":"https:\/\/audiohypnosis.online\/product\/%d1%82%d1%83%d0%b3%d1%83%d1%98%d1%83%d1%9b%d0%b8\/"},"modified":"2024-02-01T16:29:30","modified_gmt":"2024-02-01T15:29:30","slug":"tugujuci","status":"publish","type":"product","link":"https:\/\/audiohypnosis.online\/sr\/\u043f\u0440\u043e\u0438\u0437\u0432\u043e\u0434\/tugujuci\/","title":{"rendered":"Tuguju\u0107i"},"content":{"rendered":"<p>Tugujete zbog gubitka? Na\u0161e sesije audio hipnoze nude emocionalnu podr\u0161ku i isceljenje. Paket dolazi sa 6 razli\u010ditih audio MP3 datoteka i uputstvom za efikasne ve\u017ebe.<\/p>\n","protected":false},"excerpt":{"rendered":"<p>Borite se sa procesom tugovanja?<\/p>\n","protected":false},"featured_media":149106,"comment_status":"closed","ping_status":"closed","template":"","meta":[],"language":[2425,2407],"product_cat":[2234],"product_tag":[3301,2762,2756,2763,2761],"class_list":{"0":"post-149105","1":"product","2":"type-product","3":"status-publish","4":"has-post-thumbnail","6":"language-francuski","7":"language-nizozemski","8":"product_cat-emocionalno-blagostanje","9":"product_tag-healing-sr","10":"product_tag-2762","11":"product_tag-2756","12":"product_tag-2763","13":"product_tag-2761","14":"pa_languages-3650","15":"pa_languages--sr","17":"entry","18":"has-media","20":"first","21":"instock","22":"purchasable","23":"product-type-variable","24":"has-product-nav","25":"col","26":"span_1_of_4","27":"owp-content-center","28":"owp-thumbs-layout-horizontal","29":"owp-btn-big","30":"owp-tabs-layout-vertical","31":"has-no-thumbnails"},"acf":[],"aioseo_notices":[],"_links":{"self":[{"href":"https:\/\/audiohypnosis.online\/sr\/wp-json\/wp\/v2\/product\/149105","targetHints":{"allow":["GET"]}}],"collection":[{"href":"https:\/\/audiohypnosis.online\/sr\/wp-json\/wp\/v2\/product"}],"about":[{"href":"https:\/\/audiohypnosis.online\/sr\/wp-json\/wp\/v2\/types\/product"}],"replies":[{"embeddable":true,"href":"https:\/\/audiohypnosis.online\/sr\/wp-json\/wp\/v2\/comments?post=149105"}],"version-history":[{"count":1,"href":"https:\/\/audiohypnosis.online\/sr\/wp-json\/wp\/v2\/product\/149105\/revisions"}],"predecessor-version":[{"id":153743,"href":"https:\/\/audiohypnosis.online\/sr\/wp-json\/wp\/v2\/product\/149105\/revisions\/153743"}],"wp:featuredmedia":[{"embeddable":true,"href":"https:\/\/audiohypnosis.online\/sr\/wp-json\/wp\/v2\/media\/149106"}],"wp:attachment":[{"href":"https:\/\/audiohypnosis.online\/sr\/wp-json\/wp\/v2\/media?parent=149105"}],"wp:term":[{"taxonomy":"language","embeddable":true,"href":"https:\/\/audiohypnosis.online\/sr\/wp-json\/wp\/v2\/language?post=149105"},{"taxonomy":"product_cat","embeddable":true,"href":"https:\/\/audiohypnosis.online\/sr\/wp-json\/wp\/v2\/product_cat?post=149105"},{"taxonomy":"product_tag","embeddable":true,"href":"https:\/\/audiohypnosis.online\/sr\/wp-json\/wp\/v2\/product_tag?post=149105"}],"curies":[{"name":"wp","href":"https:\/\/api.w.org\/{rel}","templated":true}]}}