{"id":149063,"date":"2023-10-14T09:09:13","date_gmt":"2023-10-14T07:09:13","guid":{"rendered":"https:\/\/audiohypnosis.online\/product\/%d1%98%d0%b0%d0%b2%d0%bd%d0%b8-%d0%b3%d0%be%d0%b2%d0%be%d1%80\/"},"modified":"2024-02-01T13:28:03","modified_gmt":"2024-02-01T12:28:03","slug":"%d1%98avni-govor","status":"publish","type":"product","link":"https:\/\/audiohypnosis.online\/sr\/\u043f\u0440\u043e\u0438\u0437\u0432\u043e\u0434\/%d1%98avni-govor\/","title":{"rendered":"\u0408avni govor"},"content":{"rendered":"<p>\u017delite da pobolj\u0161ate svoje ve\u0161tine javnog govora? Na\u0161e sesije audio hipnoze se fokusiraju na ja\u010danje va\u0161eg samopouzdanja i komunikacionih ve\u0161tina. Za najbolje rezultate dobi\u0107ete 6 audio datoteka i priru\u010dnik.<\/p>\n","protected":false},"excerpt":{"rendered":"<p>Strah od \u0458avnog nastupa?<\/p>\n","protected":false},"featured_media":149064,"comment_status":"closed","ping_status":"closed","template":"","meta":[],"language":[2425,3061,2419,2407,2420,2766,2745],"product_cat":[2239],"product_tag":[2753,2751,2752,2754,2755],"class_list":{"0":"post-149063","1":"product","2":"type-product","3":"status-publish","4":"has-post-thumbnail","6":"language-francuski","7":"language-it-sr","8":"language-nemacki","9":"language-nizozemski","10":"language-spanski","11":"language-2766","12":"language-2745","13":"product_cat-samopoboljsanje","14":"product_tag-2753","15":"product_tag-2751","16":"product_tag-2752","17":"product_tag-2754","18":"product_tag-2755","19":"pa_languages-3653","20":"pa_languages-3652","21":"pa_languages-3651","22":"pa_languages-3655","23":"pa_languages-3656","24":"pa_languages-3907","25":"pa_languages-3650","26":"pa_languages--sr","27":"pa_languages-3657","29":"entry","30":"has-media","32":"first","33":"instock","34":"purchasable","35":"product-type-variable","36":"has-product-nav","37":"col","38":"span_1_of_4","39":"owp-content-center","40":"owp-thumbs-layout-horizontal","41":"owp-btn-big","42":"owp-tabs-layout-vertical","43":"has-no-thumbnails"},"acf":[],"aioseo_notices":[],"_links":{"self":[{"href":"https:\/\/audiohypnosis.online\/sr\/wp-json\/wp\/v2\/product\/149063","targetHints":{"allow":["GET"]}}],"collection":[{"href":"https:\/\/audiohypnosis.online\/sr\/wp-json\/wp\/v2\/product"}],"about":[{"href":"https:\/\/audiohypnosis.online\/sr\/wp-json\/wp\/v2\/types\/product"}],"replies":[{"embeddable":true,"href":"https:\/\/audiohypnosis.online\/sr\/wp-json\/wp\/v2\/comments?post=149063"}],"version-history":[{"count":3,"href":"https:\/\/audiohypnosis.online\/sr\/wp-json\/wp\/v2\/product\/149063\/revisions"}],"predecessor-version":[{"id":153709,"href":"https:\/\/audiohypnosis.online\/sr\/wp-json\/wp\/v2\/product\/149063\/revisions\/153709"}],"wp:featuredmedia":[{"embeddable":true,"href":"https:\/\/audiohypnosis.online\/sr\/wp-json\/wp\/v2\/media\/149064"}],"wp:attachment":[{"href":"https:\/\/audiohypnosis.online\/sr\/wp-json\/wp\/v2\/media?parent=149063"}],"wp:term":[{"taxonomy":"language","embeddable":true,"href":"https:\/\/audiohypnosis.online\/sr\/wp-json\/wp\/v2\/language?post=149063"},{"taxonomy":"product_cat","embeddable":true,"href":"https:\/\/audiohypnosis.online\/sr\/wp-json\/wp\/v2\/product_cat?post=149063"},{"taxonomy":"product_tag","embeddable":true,"href":"https:\/\/audiohypnosis.online\/sr\/wp-json\/wp\/v2\/product_tag?post=149063"}],"curies":[{"name":"wp","href":"https:\/\/api.w.org\/{rel}","templated":true}]}}