{"id":149022,"date":"2023-10-14T09:09:13","date_gmt":"2023-10-14T07:09:13","guid":{"rendered":"https:\/\/audiohypnosis.online\/product\/%d1%88%d0%ba%d1%80%d0%b8%d0%bf%d0%b0%d1%9a%d0%b5-%d0%b7%d1%83%d0%b1%d0%b0\/"},"modified":"2024-02-01T13:30:41","modified_gmt":"2024-02-01T12:30:41","slug":"skripanje-zuba","status":"publish","type":"product","link":"https:\/\/audiohypnosis.online\/sr\/\u043f\u0440\u043e\u0438\u0437\u0432\u043e\u0434\/skripanje-zuba\/","title":{"rendered":"\u0160kripanje zuba"},"content":{"rendered":"<p>Borite se sa \u0161kripanjem zuba? Na\u0161e sesije audio hipnoze se fokusiraju na to da vam pomognu da upravljate ovom navikom. Dobi\u0107ete pristup 6 audio datoteka za preuzimanje i priru\u010dniku za najbolje prakse.<\/p>\n","protected":false},"excerpt":{"rendered":"<p>Borite se sa \u0161krgutanjem zubima?<\/p>\n","protected":false},"featured_media":149023,"comment_status":"closed","ping_status":"closed","template":"","meta":[],"language":[2425,2407,2766],"product_cat":[2237],"product_tag":[3333,3343,3304,2427,2744],"class_list":{"0":"post-149022","1":"product","2":"type-product","3":"status-publish","4":"has-post-thumbnail","6":"language-francuski","7":"language-nizozemski","8":"language-2766","9":"product_cat-zdravlje-i-blagostanje","10":"product_tag-dentalcare-sr","11":"product_tag-samokontrola-sr","12":"product_tag-stres-sr","13":"product_tag-zdravlje-sr","14":"product_tag-2744","15":"pa_languages-3655","16":"pa_languages-3650","17":"pa_languages--sr","19":"entry","20":"has-media","22":"first","23":"instock","24":"purchasable","25":"product-type-variable","26":"has-product-nav","27":"col","28":"span_1_of_4","29":"owp-content-center","30":"owp-thumbs-layout-horizontal","31":"owp-btn-big","32":"owp-tabs-layout-vertical","33":"has-no-thumbnails"},"acf":[],"aioseo_notices":[],"_links":{"self":[{"href":"https:\/\/audiohypnosis.online\/sr\/wp-json\/wp\/v2\/product\/149022","targetHints":{"allow":["GET"]}}],"collection":[{"href":"https:\/\/audiohypnosis.online\/sr\/wp-json\/wp\/v2\/product"}],"about":[{"href":"https:\/\/audiohypnosis.online\/sr\/wp-json\/wp\/v2\/types\/product"}],"replies":[{"embeddable":true,"href":"https:\/\/audiohypnosis.online\/sr\/wp-json\/wp\/v2\/comments?post=149022"}],"version-history":[{"count":2,"href":"https:\/\/audiohypnosis.online\/sr\/wp-json\/wp\/v2\/product\/149022\/revisions"}],"predecessor-version":[{"id":153712,"href":"https:\/\/audiohypnosis.online\/sr\/wp-json\/wp\/v2\/product\/149022\/revisions\/153712"}],"wp:featuredmedia":[{"embeddable":true,"href":"https:\/\/audiohypnosis.online\/sr\/wp-json\/wp\/v2\/media\/149023"}],"wp:attachment":[{"href":"https:\/\/audiohypnosis.online\/sr\/wp-json\/wp\/v2\/media?parent=149022"}],"wp:term":[{"taxonomy":"language","embeddable":true,"href":"https:\/\/audiohypnosis.online\/sr\/wp-json\/wp\/v2\/language?post=149022"},{"taxonomy":"product_cat","embeddable":true,"href":"https:\/\/audiohypnosis.online\/sr\/wp-json\/wp\/v2\/product_cat?post=149022"},{"taxonomy":"product_tag","embeddable":true,"href":"https:\/\/audiohypnosis.online\/sr\/wp-json\/wp\/v2\/product_tag?post=149022"}],"curies":[{"name":"wp","href":"https:\/\/api.w.org\/{rel}","templated":true}]}}