{"id":148895,"date":"2023-10-14T09:09:13","date_gmt":"2023-10-14T07:09:13","guid":{"rendered":"https:\/\/audiohypnosis.online\/product\/%d1%82%d0%b8%d0%bd%d0%b8%d1%82%d1%83%d1%81\/"},"modified":"2024-02-01T13:32:21","modified_gmt":"2024-02-01T12:32:21","slug":"tinitus","status":"publish","type":"product","link":"https:\/\/audiohypnosis.online\/sr\/\u043f\u0440\u043e\u0438\u0437\u0432\u043e\u0434\/tinitus\/","title":{"rendered":"Tinitus"},"content":{"rendered":"<p>Mu\u010di vas stalno zvonjava u u\u0161ima? Na\u0161 MP3 audio hipnoza se fokusira na olak\u0161anje i dobrobit. Paket uklju\u010duje 6 razli\u010ditih audio datoteka i priru\u010dnik koji \u0107e vas voditi ka mirnijem \u017eivotu.<\/p>\n","protected":false},"excerpt":{"rendered":"<p>Treba vam olak\u0161anje od tinitusa?<\/p>\n","protected":false},"featured_media":148896,"comment_status":"closed","ping_status":"closed","template":"","meta":[],"language":[2425,3061,2407],"product_cat":[2237],"product_tag":[2428,3325,2427,2737,2738],"class_list":{"0":"post-148895","1":"product","2":"type-product","3":"status-publish","4":"has-post-thumbnail","6":"language-francuski","7":"language-it-sr","8":"language-nizozemski","9":"product_cat-zdravlje-i-blagostanje","10":"product_tag-dobrobit","11":"product_tag-ulga-sr","12":"product_tag-zdravlje-sr","13":"product_tag-2737","14":"product_tag--sr","15":"pa_languages-3653","16":"pa_languages-3650","17":"pa_languages--sr","19":"entry","20":"has-media","22":"first","23":"instock","24":"purchasable","25":"product-type-variable","26":"has-product-nav","27":"col","28":"span_1_of_4","29":"owp-content-center","30":"owp-thumbs-layout-horizontal","31":"owp-btn-big","32":"owp-tabs-layout-vertical","33":"has-no-thumbnails"},"acf":[],"aioseo_notices":[],"_links":{"self":[{"href":"https:\/\/audiohypnosis.online\/sr\/wp-json\/wp\/v2\/product\/148895","targetHints":{"allow":["GET"]}}],"collection":[{"href":"https:\/\/audiohypnosis.online\/sr\/wp-json\/wp\/v2\/product"}],"about":[{"href":"https:\/\/audiohypnosis.online\/sr\/wp-json\/wp\/v2\/types\/product"}],"replies":[{"embeddable":true,"href":"https:\/\/audiohypnosis.online\/sr\/wp-json\/wp\/v2\/comments?post=148895"}],"version-history":[{"count":1,"href":"https:\/\/audiohypnosis.online\/sr\/wp-json\/wp\/v2\/product\/148895\/revisions"}],"predecessor-version":[{"id":153713,"href":"https:\/\/audiohypnosis.online\/sr\/wp-json\/wp\/v2\/product\/148895\/revisions\/153713"}],"wp:featuredmedia":[{"embeddable":true,"href":"https:\/\/audiohypnosis.online\/sr\/wp-json\/wp\/v2\/media\/148896"}],"wp:attachment":[{"href":"https:\/\/audiohypnosis.online\/sr\/wp-json\/wp\/v2\/media?parent=148895"}],"wp:term":[{"taxonomy":"language","embeddable":true,"href":"https:\/\/audiohypnosis.online\/sr\/wp-json\/wp\/v2\/language?post=148895"},{"taxonomy":"product_cat","embeddable":true,"href":"https:\/\/audiohypnosis.online\/sr\/wp-json\/wp\/v2\/product_cat?post=148895"},{"taxonomy":"product_tag","embeddable":true,"href":"https:\/\/audiohypnosis.online\/sr\/wp-json\/wp\/v2\/product_tag?post=148895"}],"curies":[{"name":"wp","href":"https:\/\/api.w.org\/{rel}","templated":true}]}}