{"id":153683,"date":"2023-10-18T15:06:15","date_gmt":"2023-10-18T13:06:15","guid":{"rendered":"https:\/\/audiohypnosis.online\/?page_id=153683"},"modified":"2024-02-01T10:56:31","modified_gmt":"2024-02-01T09:56:31","slug":"trazimo-glasove","status":"publish","type":"page","link":"https:\/\/audiohypnosis.online\/sr\/trazimo-glasove\/","title":{"rendered":"Tra\u017eimo glasove"},"content":{"rendered":"\t\t<div data-elementor-type=\"wp-page\" data-elementor-id=\"153683\" class=\"elementor elementor-153683 elementor-16805\" data-elementor-post-type=\"page\">\n\t\t\t\t<div class=\"elementor-element elementor-element-b94d622 e-flex e-con-boxed e-con e-parent\" data-id=\"b94d622\" data-element_type=\"container\">\n\t\t\t\t\t<div class=\"e-con-inner\">\n\t\t\t\t<div class=\"elementor-element elementor-element-4cd40d6 elementor-widget elementor-widget-heading\" data-id=\"4cd40d6\" data-element_type=\"widget\" data-widget_type=\"heading.default\">\n\t\t\t\t<div class=\"elementor-widget-container\">\n\t\t\t<style>\/*! elementor - v3.23.0 - 23-07-2024 *\/\n.elementor-heading-title{padding:0;margin:0;line-height:1}.elementor-widget-heading .elementor-heading-title[class*=elementor-size-]>a{color:inherit;font-size:inherit;line-height:inherit}.elementor-widget-heading .elementor-heading-title.elementor-size-small{font-size:15px}.elementor-widget-heading .elementor-heading-title.elementor-size-medium{font-size:19px}.elementor-widget-heading .elementor-heading-title.elementor-size-large{font-size:29px}.elementor-widget-heading .elementor-heading-title.elementor-size-xl{font-size:39px}.elementor-widget-heading .elementor-heading-title.elementor-size-xxl{font-size:59px}<\/style><h1 class=\"elementor-heading-title elementor-size-default\">Voices Wanted<\/h1>\t\t<\/div>\n\t\t\t\t<\/div>\n\t\t\t\t\t<\/div>\n\t\t\t\t<\/div>\n\t\t\t\t<\/div>\n\t\t","protected":false},"excerpt":{"rendered":"<p>Tra\u017eimo glasove Blank Form (#3) Ime Prezime E-mail Na kojem jeziku mo\u017eete snimiti sesije? Da li ste prethodno snimali audio hipnoti\u010dke sesije? Da Ne &#8211; Ako jeste, molimo vas da pru\u017eite link do jednog od va\u0161ih audio snimaka hipnoti\u010dke sesije kako bismo mogli da procenimo va\u0161 rad Po\u0161alji formular<\/p>\n","protected":false},"author":4,"featured_media":0,"parent":0,"menu_order":0,"comment_status":"closed","ping_status":"closed","template":"","meta":{"footnotes":""},"wf_page_folders":[2724],"class_list":["post-153683","page","type-page","status-publish","hentry","entry","owp-thumbs-layout-horizontal","owp-btn-big","owp-tabs-layout-vertical","has-no-thumbnails","has-product-nav"],"acf":[],"aioseo_notices":[],"_links":{"self":[{"href":"https:\/\/audiohypnosis.online\/sr\/wp-json\/wp\/v2\/pages\/153683","targetHints":{"allow":["GET"]}}],"collection":[{"href":"https:\/\/audiohypnosis.online\/sr\/wp-json\/wp\/v2\/pages"}],"about":[{"href":"https:\/\/audiohypnosis.online\/sr\/wp-json\/wp\/v2\/types\/page"}],"author":[{"embeddable":true,"href":"https:\/\/audiohypnosis.online\/sr\/wp-json\/wp\/v2\/users\/4"}],"replies":[{"embeddable":true,"href":"https:\/\/audiohypnosis.online\/sr\/wp-json\/wp\/v2\/comments?post=153683"}],"version-history":[{"count":1,"href":"https:\/\/audiohypnosis.online\/sr\/wp-json\/wp\/v2\/pages\/153683\/revisions"}],"predecessor-version":[{"id":153685,"href":"https:\/\/audiohypnosis.online\/sr\/wp-json\/wp\/v2\/pages\/153683\/revisions\/153685"}],"wp:attachment":[{"href":"https:\/\/audiohypnosis.online\/sr\/wp-json\/wp\/v2\/media?parent=153683"}],"wp:term":[{"taxonomy":"wf_page_folders","embeddable":true,"href":"https:\/\/audiohypnosis.online\/sr\/wp-json\/wp\/v2\/wf_page_folders?post=153683"}],"curies":[{"name":"wp","href":"https:\/\/api.w.org\/{rel}","templated":true}]}}