{"id":84854,"date":"2023-10-14T09:09:13","date_gmt":"2023-10-14T07:09:13","guid":{"rendered":"https:\/\/audiohypnosis.online\/product\/culpa\/"},"modified":"2023-10-14T09:09:13","modified_gmt":"2023-10-14T07:09:13","slug":"culpa","status":"publish","type":"product","link":"https:\/\/audiohypnosis.online\/pt-br\/produto\/culpa\/","title":{"rendered":"Culpa"},"content":{"rendered":"<p>Voc\u00ea est\u00e1 lutando contra o sentimento de culpa?<br \/>\nNossos MP3s de hipnose em \u00e1udio t\u00eam o objetivo de ajudar voc\u00ea a se curar e seguir em frente.<br \/>\nVoc\u00ea ter\u00e1 acesso a 6 arquivos de \u00e1udio para download e a um manual para orientar sua jornada emocional.  <\/p>\n","protected":false},"excerpt":{"rendered":"<p>Voc\u00ea precisa de ajuda para lidar com a culpa?<\/p>\n","protected":false},"featured_media":84879,"comment_status":"closed","ping_status":"closed","template":"","meta":[],"language":[2637,2636,2581,2780],"product_cat":[2665],"product_tag":[2643,2653,2705,2667,2706],"class_list":{"0":"post-84854","1":"product","2":"type-product","3":"status-publish","4":"has-post-thumbnail","6":"language-alemao","7":"language-frances","8":"language-holandes","9":"language-servio","10":"product_cat-bem-estar-emocional","11":"product_tag-autocuidado-pt-br","12":"product_tag-bem-estar-emocional","13":"product_tag-culpa","14":"product_tag-cura-pt-br","15":"product_tag-saude-mental","16":"pa_languages-alemao","17":"pa_languages-frances","18":"pa_languages-holandes","19":"pa_languages-servio","21":"entry","22":"has-media","24":"first","25":"instock","26":"purchasable","27":"product-type-variable","28":"has-product-nav","29":"col","30":"span_1_of_4","31":"owp-content-center","32":"owp-thumbs-layout-horizontal","33":"owp-btn-big","34":"owp-tabs-layout-vertical","35":"has-no-thumbnails"},"acf":[],"aioseo_notices":[],"_links":{"self":[{"href":"https:\/\/audiohypnosis.online\/pt-br\/wp-json\/wp\/v2\/product\/84854","targetHints":{"allow":["GET"]}}],"collection":[{"href":"https:\/\/audiohypnosis.online\/pt-br\/wp-json\/wp\/v2\/product"}],"about":[{"href":"https:\/\/audiohypnosis.online\/pt-br\/wp-json\/wp\/v2\/types\/product"}],"replies":[{"embeddable":true,"href":"https:\/\/audiohypnosis.online\/pt-br\/wp-json\/wp\/v2\/comments?post=84854"}],"version-history":[{"count":0,"href":"https:\/\/audiohypnosis.online\/pt-br\/wp-json\/wp\/v2\/product\/84854\/revisions"}],"wp:featuredmedia":[{"embeddable":true,"href":"https:\/\/audiohypnosis.online\/pt-br\/wp-json\/wp\/v2\/media\/84879"}],"wp:attachment":[{"href":"https:\/\/audiohypnosis.online\/pt-br\/wp-json\/wp\/v2\/media?parent=84854"}],"wp:term":[{"taxonomy":"language","embeddable":true,"href":"https:\/\/audiohypnosis.online\/pt-br\/wp-json\/wp\/v2\/language?post=84854"},{"taxonomy":"product_cat","embeddable":true,"href":"https:\/\/audiohypnosis.online\/pt-br\/wp-json\/wp\/v2\/product_cat?post=84854"},{"taxonomy":"product_tag","embeddable":true,"href":"https:\/\/audiohypnosis.online\/pt-br\/wp-json\/wp\/v2\/product_tag?post=84854"}],"curies":[{"name":"wp","href":"https:\/\/api.w.org\/{rel}","templated":true}]}}