{"id":84853,"date":"2023-10-14T09:09:13","date_gmt":"2023-10-14T07:09:13","guid":{"rendered":"https:\/\/audiohypnosis.online\/product\/estresse-no-teste-de-direcao\/"},"modified":"2024-01-11T08:12:52","modified_gmt":"2024-01-11T07:12:52","slug":"teste-de-direcao-estresse","status":"publish","type":"product","link":"https:\/\/audiohypnosis.online\/pt-br\/produto\/teste-de-direcao-estresse\/","title":{"rendered":"Estresse no teste de dire\u00e7\u00e3o"},"content":{"rendered":"<p>Voc\u00ea est\u00e1 nervoso com o pr\u00f3ximo exame de dire\u00e7\u00e3o?<br \/>\nNossas sess\u00f5es de hipnose em \u00e1udio foram criadas para aliviar o estresse e melhorar a concentra\u00e7\u00e3o.<br \/>\nVoc\u00ea receber\u00e1 6 arquivos de \u00e1udio para download e um manual para obter os melhores resultados.  <\/p>\n","protected":false},"excerpt":{"rendered":"<p>Voc\u00ea est\u00e1 nervoso com o exame de dire\u00e7\u00e3o?<\/p>\n","protected":false},"featured_media":84874,"comment_status":"closed","ping_status":"closed","template":"","meta":[],"language":[2637,2636,2581],"product_cat":[2651],"product_tag":[2662,2653,2660,2670,2704],"class_list":{"0":"post-84853","1":"product","2":"type-product","3":"status-publish","4":"has-post-thumbnail","6":"language-alemao","7":"language-frances","8":"language-holandes","9":"product_cat-auto-aperfeicoamento","10":"product_tag-ansiedade","11":"product_tag-bem-estar-emocional","12":"product_tag-estresse","13":"product_tag-foco","14":"product_tag-teste-de-direcao","15":"pa_languages-alemao","16":"pa_languages-frances","17":"pa_languages-holandes","18":"pa_languages-portugues-brasil","19":"pa_languages-ucraniano","21":"entry","22":"has-media","24":"first","25":"instock","26":"purchasable","27":"product-type-variable","28":"has-product-nav","29":"col","30":"span_1_of_4","31":"owp-content-center","32":"owp-thumbs-layout-horizontal","33":"owp-btn-big","34":"owp-tabs-layout-vertical","35":"has-no-thumbnails"},"acf":[],"aioseo_notices":[],"_links":{"self":[{"href":"https:\/\/audiohypnosis.online\/pt-br\/wp-json\/wp\/v2\/product\/84853","targetHints":{"allow":["GET"]}}],"collection":[{"href":"https:\/\/audiohypnosis.online\/pt-br\/wp-json\/wp\/v2\/product"}],"about":[{"href":"https:\/\/audiohypnosis.online\/pt-br\/wp-json\/wp\/v2\/types\/product"}],"replies":[{"embeddable":true,"href":"https:\/\/audiohypnosis.online\/pt-br\/wp-json\/wp\/v2\/comments?post=84853"}],"version-history":[{"count":1,"href":"https:\/\/audiohypnosis.online\/pt-br\/wp-json\/wp\/v2\/product\/84853\/revisions"}],"predecessor-version":[{"id":84988,"href":"https:\/\/audiohypnosis.online\/pt-br\/wp-json\/wp\/v2\/product\/84853\/revisions\/84988"}],"wp:featuredmedia":[{"embeddable":true,"href":"https:\/\/audiohypnosis.online\/pt-br\/wp-json\/wp\/v2\/media\/84874"}],"wp:attachment":[{"href":"https:\/\/audiohypnosis.online\/pt-br\/wp-json\/wp\/v2\/media?parent=84853"}],"wp:term":[{"taxonomy":"language","embeddable":true,"href":"https:\/\/audiohypnosis.online\/pt-br\/wp-json\/wp\/v2\/language?post=84853"},{"taxonomy":"product_cat","embeddable":true,"href":"https:\/\/audiohypnosis.online\/pt-br\/wp-json\/wp\/v2\/product_cat?post=84853"},{"taxonomy":"product_tag","embeddable":true,"href":"https:\/\/audiohypnosis.online\/pt-br\/wp-json\/wp\/v2\/product_tag?post=84853"}],"curies":[{"name":"wp","href":"https:\/\/api.w.org\/{rel}","templated":true}]}}