{"id":84695,"date":"2023-10-14T09:09:13","date_gmt":"2023-10-14T07:09:13","guid":{"rendered":"https:\/\/audiohypnosis.online\/product\/yips-chipping\/"},"modified":"2024-01-11T08:12:50","modified_gmt":"2024-01-11T07:12:50","slug":"yips-chipping","status":"publish","type":"product","link":"https:\/\/audiohypnosis.online\/pt-br\/produto\/yips-chipping\/","title":{"rendered":"Yips (Chipping)"},"content":{"rendered":"<p>Voc\u00ea tem dificuldades com os yips ao bater as fichas no golfe?<br \/>\nNossos MP3s de hipnose em \u00e1udio se concentram em melhorar sua habilidade e concentra\u00e7\u00e3o.<br \/>\nVoc\u00ea receber\u00e1 6 arquivos de \u00e1udio e um manual para obter os melhores resultados.  <\/p>\n","protected":false},"excerpt":{"rendered":"<p>Voc\u00ea est\u00e1 tendo dificuldades com os yips no chipping?<\/p>\n","protected":false},"featured_media":160651,"comment_status":"closed","ping_status":"closed","template":"","meta":[],"language":[2581],"product_cat":[2582],"product_tag":[2701,2584,2585,2586,2583],"class_list":{"0":"post-84695","1":"product","2":"type-product","3":"status-publish","4":"has-post-thumbnail","6":"language-holandes","7":"product_cat-esportes-e-jogos","8":"product_tag-chipping-pt-br","9":"product_tag-esportes","10":"product_tag-golfe","11":"product_tag-habilidade","12":"product_tag-ocio-pt-br","13":"pa_languages-holandes","15":"entry","16":"has-media","18":"first","19":"instock","20":"purchasable","21":"product-type-variable","22":"has-product-nav","23":"col","24":"span_1_of_4","25":"owp-content-center","26":"owp-thumbs-layout-horizontal","27":"owp-btn-big","28":"owp-tabs-layout-vertical","29":"has-no-thumbnails"},"acf":[],"aioseo_notices":[],"_links":{"self":[{"href":"https:\/\/audiohypnosis.online\/pt-br\/wp-json\/wp\/v2\/product\/84695","targetHints":{"allow":["GET"]}}],"collection":[{"href":"https:\/\/audiohypnosis.online\/pt-br\/wp-json\/wp\/v2\/product"}],"about":[{"href":"https:\/\/audiohypnosis.online\/pt-br\/wp-json\/wp\/v2\/types\/product"}],"replies":[{"embeddable":true,"href":"https:\/\/audiohypnosis.online\/pt-br\/wp-json\/wp\/v2\/comments?post=84695"}],"version-history":[{"count":1,"href":"https:\/\/audiohypnosis.online\/pt-br\/wp-json\/wp\/v2\/product\/84695\/revisions"}],"predecessor-version":[{"id":84985,"href":"https:\/\/audiohypnosis.online\/pt-br\/wp-json\/wp\/v2\/product\/84695\/revisions\/84985"}],"wp:featuredmedia":[{"embeddable":true,"href":"https:\/\/audiohypnosis.online\/pt-br\/wp-json\/wp\/v2\/media\/160651"}],"wp:attachment":[{"href":"https:\/\/audiohypnosis.online\/pt-br\/wp-json\/wp\/v2\/media?parent=84695"}],"wp:term":[{"taxonomy":"language","embeddable":true,"href":"https:\/\/audiohypnosis.online\/pt-br\/wp-json\/wp\/v2\/language?post=84695"},{"taxonomy":"product_cat","embeddable":true,"href":"https:\/\/audiohypnosis.online\/pt-br\/wp-json\/wp\/v2\/product_cat?post=84695"},{"taxonomy":"product_tag","embeddable":true,"href":"https:\/\/audiohypnosis.online\/pt-br\/wp-json\/wp\/v2\/product_tag?post=84695"}],"curies":[{"name":"wp","href":"https:\/\/api.w.org\/{rel}","templated":true}]}}